{"id":1650,"date":"2020-11-23T11:45:15","date_gmt":"2020-11-23T10:45:15","guid":{"rendered":"https:\/\/www.alpexdrinks.com\/?page_id=1650"},"modified":"2025-10-30T16:13:57","modified_gmt":"2025-10-30T15:13:57","slug":"alpex-gin-tonic","status":"publish","type":"page","link":"https:\/\/alpexdrinks.com\/de\/unsere-cocktails\/alpex-gin-tonic\/","title":{"rendered":"Alpex Gin &#038; Tonic"},"content":{"rendered":"<div class=\"wpb-content-wrapper\"><p>[vc_row row_type=&#8220;parallax&#8220; parallax_content_width=&#8220;full_width&#8220; text_align=&#8220;center&#8220; full_screen_section_height=&#8220;no&#8220; background_image=&#8220;1293&#8243;][vc_column][vc_row_inner row_type=&#8220;row&#8220; type=&#8220;full_width&#8220; text_align=&#8220;center&#8220; css_animation=&#8220;&#8220; css=&#8220;.vc_custom_1606912561845{margin-top: 250px !important;margin-bottom: 250px !important;}&#8220;][vc_column_inner][vc_column_text]<\/p>\n<header class=\"header-title\">\n<h2 class=\"white-text\">Alpex Gin &amp; Tonic<\/h2>\n<\/header>\n<p>[\/vc_column_text][\/vc_column_inner][\/vc_row_inner][\/vc_column][\/vc_row][vc_row css_animation=&#8220;&#8220; row_type=&#8220;row&#8220; use_row_as_full_screen_section=&#8220;no&#8220; type=&#8220;full_width&#8220; angled_section=&#8220;no&#8220; text_align=&#8220;left&#8220; background_image_as_pattern=&#8220;without_pattern&#8220; el_class=&#8220;cocktail-header&#8220; css=&#8220;.vc_custom_1606305889465{border-top-width: 2px !important;border-top-style: solid !important;}&#8220; z_index=&#8220;&#8220;][vc_column][vc_empty_space height=&#8220;64px&#8220;][\/vc_column][\/vc_row][vc_row css_animation=&#8220;&#8220; row_type=&#8220;row&#8220; use_row_as_full_screen_section=&#8220;no&#8220; type=&#8220;grid&#8220; angled_section=&#8220;no&#8220; text_align=&#8220;left&#8220; background_image_as_pattern=&#8220;without_pattern&#8220; z_index=&#8220;&#8220;][vc_column][vc_row_inner row_type=&#8220;row&#8220; type=&#8220;full_width&#8220; text_align=&#8220;left&#8220; css_animation=&#8220;&#8220;][vc_column_inner width=&#8220;1\/2&#8243;][vc_column_text]<\/p>\n<h3 class=\"lead-text gold-text\">Ein zeitloser Klassiker, meisterhaft interpretiert durch das Alpex Indian Dry Tonic.<\/h3>\n<p>[\/vc_column_text][vc_column_text css=&#8220;&#8220;]Es war Zufall und ein wenig aus der Not heraus geboren: Die englischen Kolonisten in Indien verwandten damals Gin, um das seinerzeit zur Malariabek\u00e4mpfung eingesetzte Tonic Water genie\u00dfbarer zu machen. Heute ist der Gin Tonic einer der beliebtesten Cocktails der Welt. Es existieren viele Versionen, mit verschiedenen Sorten Gin und Tonic Water, Garnierungen und Gl\u00e4sern. Alpex macht es unkompliziert: ein Getr\u00e4nk, mit Eis im Glas serviert, ein Gin mit mittlerem Alkoholgehalt und einem Spritzer Zitronenschale, kombiniert mit dem trockenen, starken Geschmack von Alpex Indian Dry Tonic.[\/vc_column_text][vc_empty_space][\/vc_column_inner][vc_column_inner width=&#8220;1\/2&#8243;][vc_column_text]<\/p>\n<h3 class=\"gold-text\">Zutaten<\/h3>\n<p>[\/vc_column_text][vc_column_text]\u00b7 4,5 cl gin<\/p>\n<p>\u00b7 Eis<\/p>\n<p>\u00b7 Alpex Tonic Indian Dry zum Auff\u00fcllen<\/p>\n<p>\u00b7 Zitronenscheibe[\/vc_column_text][vc_empty_space][vc_column_text]<\/p>\n<h3 class=\"gold-text\"><strong>Zubereitung<\/strong><\/h3>\n<p>[\/vc_column_text][vc_column_text]F\u00fcllen Sie ein Ballonglas mit Eisw\u00fcrfeln, geben Sie Gin hinzu und gie\u00dfen das Ganze mit Alpex Indian Dry Tonic Water auf. Schneiden Sie die Schale einer unbehandelten Zitrone ab und pressen Sie diese leicht aus, sodass nur die in der Zitronenschale vorhandenen \u00d6le ins Glas gelangen. Zum Schluss mit einer Zitronenscheibe garnieren.[\/vc_column_text][vc_empty_space][\/vc_column_inner][\/vc_row_inner][\/vc_column][\/vc_row][vc_row css_animation=&#8220;&#8220; row_type=&#8220;row&#8220; use_row_as_full_screen_section=&#8220;no&#8220; type=&#8220;full_width&#8220; angled_section=&#8220;no&#8220; text_align=&#8220;left&#8220; background_image_as_pattern=&#8220;without_pattern&#8220;][vc_column][vc_empty_space height=&#8220;64px&#8220;][\/vc_column][\/vc_row][vc_row css_animation=&#8220;&#8220; row_type=&#8220;row&#8220; use_row_as_full_screen_section=&#8220;no&#8220; type=&#8220;full_width&#8220; angled_section=&#8220;no&#8220; text_align=&#8220;left&#8220; background_image_as_pattern=&#8220;without_pattern&#8220;][vc_column][vc_row_inner row_type=&#8220;row&#8220; type=&#8220;grid&#8220; text_align=&#8220;left&#8220; css_animation=&#8220;&#8220;][vc_column_inner][vc_gallery type=&#8220;flexslider_slide&#8220; interval=&#8220;3&#8243; images=&#8220;1281,1284,1287,1290&#8243; img_size=&#8220;full&#8220;][\/vc_column_inner][\/vc_row_inner][\/vc_column][\/vc_row][vc_row css_animation=&#8220;&#8220; row_type=&#8220;row&#8220; use_row_as_full_screen_section=&#8220;no&#8220; type=&#8220;grid&#8220; angled_section=&#8220;no&#8220; text_align=&#8220;left&#8220; background_image_as_pattern=&#8220;without_pattern&#8220; z_index=&#8220;&#8220;][vc_column][vc_row_inner row_type=&#8220;row&#8220; type=&#8220;full_width&#8220; text_align=&#8220;left&#8220; row_negative_margin=&#8220;disable_negative_margin&#8220; css_animation=&#8220;&#8220; css=&#8220;.vc_custom_1606383349176{border-top-width: 2px !important;border-right-width: 2px !important;border-bottom-width: 2px !important;border-left-width: 2px !important;padding-top: 0px !important;padding-right: 0px !important;padding-bottom: 0px !important;padding-left: 0px !important;border-left-style: solid !important;border-right-style: solid !important;border-top-style: solid !important;border-bottom-style: solid !important;}&#8220; el_class=&#8220;bartenders-tips&#8220;][vc_column_inner width=&#8220;1\/3&#8243; css=&#8220;.vc_custom_1606136285865{padding-top: 32px !important;padding-right: 32px !important;padding-bottom: 32px !important;padding-left: 32px !important;}&#8220;][vc_single_image image=&#8220;557&#8243; img_size=&#8220;medium&#8220; alignment=&#8220;center&#8220; qode_css_animation=&#8220;&#8220;][\/vc_column_inner][vc_column_inner width=&#8220;2\/3&#8243; css=&#8220;.vc_custom_1606136297184{padding-top: 32px !important;padding-right: 32px !important;padding-bottom: 32px !important;padding-left: 32px !important;}&#8220;][vc_column_text]<\/p>\n<h3 class=\"gold-text\">Bartender&#8217;s tips<\/h3>\n<p>[\/vc_column_text][vc_column_text]1 <strong>W\u00e4hlen Sie das richtige Glas<\/strong>. Das spanische Ballonglas (Copa de Balon) ist ideal, um die Aromen hervorzuheben, und gro\u00df genug, um alle Zutaten und Garnierungen zu fassen.<br \/>\n2 <strong>Finden Sie Ihren Lieblings-Gin<\/strong>: trocken, aromatisch, blumig, zitrusartig. Es gibt viele verschiedene Sorten Gin, umso wichtiger, seinen pers\u00f6nlichen Geschmack zu kennen. Wenn Sie ein Barkeeper sind und Ihr Kunde nicht wei\u00df, welchen Gin er w\u00e4hlen soll, fragen Sie ihn, welche Geschmacksrichtung er bevorzugt.<br \/>\n3 <strong>Don\u2019t dress to impress<\/strong>. Vermeiden Sie Garnierungen, die das Trinken behindern k\u00f6nnten, und verwenden Sie nur eine Zutat, die zu einem der im Gin oder im Tonic vorhandenen Kr\u00e4uter passt: etwas zitroniges oder ein aromatisches, aber nicht zu dominantes Kraut, wie Thymian.<br \/>\n4 <strong>F\u00fcr Liebhaber sprudelnder Getr\u00e4nke<\/strong> Servieren Sie den Cocktail in einem Collins-Glas, so bleibt die Kohlens\u00e4ure l\u00e4nger erhalten. Unsere Empfehlung: Gie\u00dfen Sie das Tonic nicht \u00fcber den Barl\u00f6ffel ins Glas![\/vc_column_text][vc_empty_space][\/vc_column_inner][\/vc_row_inner][\/vc_column][\/vc_row][vc_row css_animation=&#8220;&#8220; row_type=&#8220;row&#8220; use_row_as_full_screen_section=&#8220;no&#8220; type=&#8220;full_width&#8220; angled_section=&#8220;no&#8220; text_align=&#8220;left&#8220; background_image_as_pattern=&#8220;without_pattern&#8220;][vc_column][vc_empty_space height=&#8220;64px&#8220;][\/vc_column][\/vc_row][vc_row css_animation=&#8220;&#8220; row_type=&#8220;row&#8220; use_row_as_full_screen_section=&#8220;no&#8220; type=&#8220;full_width&#8220; angled_section=&#8220;no&#8220; text_align=&#8220;left&#8220; background_image_as_pattern=&#8220;without_pattern&#8220;][vc_column][vc_row_inner row_type=&#8220;row&#8220; type=&#8220;grid&#8220; text_align=&#8220;center&#8220; css_animation=&#8220;&#8220; el_class=&#8220;cocktail-video&#8220;][vc_column_inner][vc_raw_html]JTNDZGl2JTIwY2xhc3MlM0QlMjJ2aWRlb1dyYXBwZXIlMjIlM0UlMEElMjAlMjAlM0NpZnJhbWUlMjB3aWR0aCUzRCUyMjU2MCUyMiUyMGhlaWdodCUzRCUyMjMxNSUyMiUyMHNyYyUzRCUyMmh0dHBzJTNBJTJGJTJGd3d3LnlvdXR1YmUuY29tJTJGZW1iZWQlMkZjUzNyNmZwWFdSdyUzRnJlbCUzRDAlMjZhbXAlM0Jtb2Rlc3RicmFuZGluZyUzRDElMjZhbXAlM0JhdXRvcGxheSUzRDElMjZhbXAlM0Jsb29wJTNEMSUyNmFtcCUzQm11dGUlM0QxJTIyJTIwZnJhbWVib3JkZXIlM0QlMjIwJTIyJTIwYWxsb3clM0QlMjJhY2NlbGVyb21ldGVyJTNCJTIwYXV0b3BsYXklM0IlMjBjbGlwYm9hcmQtd3JpdGUlM0IlMjBlbmNyeXB0ZWQtbWVkaWElM0IlMjBneXJvc2NvcGUlM0IlMjBwaWN0dXJlLWluLXBpY3R1cmUlMjIlMjBhbGxvd2Z1bGxzY3JlZW4lM0UlM0MlMkZpZnJhbWUlM0UlMEElM0MlMkZkaXYlM0UlMEE=[\/vc_raw_html][\/vc_column_inner][\/vc_row_inner][\/vc_column][\/vc_row][vc_row css_animation=&#8220;&#8220; row_type=&#8220;row&#8220; use_row_as_full_screen_section=&#8220;no&#8220; type=&#8220;full_width&#8220; angled_section=&#8220;no&#8220; text_align=&#8220;left&#8220; background_image_as_pattern=&#8220;without_pattern&#8220;][vc_column][vc_empty_space height=&#8220;64px&#8220;][\/vc_column][\/vc_row][vc_row css_animation=&#8220;&#8220; row_type=&#8220;row&#8220; use_row_as_full_screen_section=&#8220;no&#8220; type=&#8220;grid&#8220; angled_section=&#8220;no&#8220; text_align=&#8220;left&#8220; background_image_as_pattern=&#8220;without_pattern&#8220; z_index=&#8220;&#8220;][vc_column width=&#8220;1\/3&#8243;][vc_column_text]<\/p>\n<h3 class=\"gold-text\">Food Pairing<\/h3>\n<p>[\/vc_column_text][vc_column_text]Fischgerichte passen hervorragend zum Gin &amp; Tonic. Von ger\u00e4uchertem Lachs bis hin zu Sushi mit Garnelen &#8211; hier einige Tipps:<br \/>\n<strong>Ger\u00e4ucherter Lachs<\/strong>: Kalt serviert und etwas gew\u00fcrzt ist er eine geschmackvolle Kombination. Geben Sie einen Spritzer Zitronensaft auf den Lachs, um ihn noch schmackhafter zu machen.<br \/>\n<strong>Scampi, Garnelen und Riesengarnelen<\/strong>: Sie vertragen sich geschmacklich bestens mit Gin &amp; Tonic. Unser Tipp: W\u00e4lzen Sie diese in Sesam und braten Sie sie anschlie\u00dfend in der Pfanne.<br \/>\n<strong>Miesmuscheln<\/strong>: Egal ob gebraten oder ged\u00fcnstet \u201ealla marinara\u201c, sie passen perfekt zu einem Gin &amp; Tonic mit seinem klaren Geschmack.[\/vc_column_text][\/vc_column][vc_column width=&#8220;2\/3&#8243;][vc_single_image image=&#8220;1232&#8243; img_size=&#8220;full&#8220; alignment=&#8220;center&#8220; qode_css_animation=&#8220;&#8220;][\/vc_column][\/vc_row][vc_row css_animation=&#8220;&#8220; row_type=&#8220;row&#8220; use_row_as_full_screen_section=&#8220;no&#8220; type=&#8220;full_width&#8220; angled_section=&#8220;no&#8220; text_align=&#8220;left&#8220; background_image_as_pattern=&#8220;without_pattern&#8220;][vc_column][vc_empty_space height=&#8220;64px&#8220;][\/vc_column][\/vc_row]<\/p>\n<\/div>","protected":false},"excerpt":{"rendered":"<p>[vc_row row_type=&#8220;parallax&#8220; parallax_content_width=&#8220;full_width&#8220; text_align=&#8220;center&#8220; full_screen_section_height=&#8220;no&#8220; background_image=&#8220;1293&#8243;][vc_column][vc_row_inner row_type=&#8220;row&#8220; type=&#8220;full_width&#8220; text_align=&#8220;center&#8220; css_animation=&#8220;&#8220; css=&#8220;.vc_custom_1606912561845{margin-top: 250px !important;margin-bottom: 250px !important;}&#8220;][vc_column_inner][vc_column_text] Alpex Gin &amp; Tonic [\/vc_column_text][\/vc_column_inner][\/vc_row_inner][\/vc_column][\/vc_row][vc_row css_animation=&#8220;&#8220; row_type=&#8220;row&#8220; use_row_as_full_screen_section=&#8220;no&#8220; type=&#8220;full_width&#8220; angled_section=&#8220;no&#8220; text_align=&#8220;left&#8220; background_image_as_pattern=&#8220;without_pattern&#8220; el_class=&#8220;cocktail-header&#8220; css=&#8220;.vc_custom_1606305889465{border-top-width: 2px !important;border-top-style: solid !important;}&#8220; z_index=&#8220;&#8220;][vc_column][vc_empty_space height=&#8220;64px&#8220;][\/vc_column][\/vc_row][vc_row css_animation=&#8220;&#8220; row_type=&#8220;row&#8220; use_row_as_full_screen_section=&#8220;no&#8220; type=&#8220;grid&#8220; angled_section=&#8220;no&#8220;&#8230;<\/p>\n","protected":false},"author":1,"featured_media":0,"parent":1646,"menu_order":0,"comment_status":"closed","ping_status":"closed","template":"full_width.php","meta":{"footnotes":""},"class_list":["post-1650","page","type-page","status-publish","hentry"],"yoast_head":"<!-- This site is optimized with the Yoast SEO plugin v27.3 - https:\/\/yoast.com\/product\/yoast-seo-wordpress\/ -->\n<title>Alpex Gin &amp; Tonic - Alpex<\/title>\n<meta name=\"robots\" content=\"index, follow, max-snippet:-1, max-image-preview:large, max-video-preview:-1\" \/>\n<link rel=\"canonical\" href=\"https:\/\/alpexdrinks.com\/de\/unsere-cocktails\/alpex-gin-tonic\/\" \/>\n<meta property=\"og:locale\" content=\"de_DE\" \/>\n<meta property=\"og:type\" content=\"article\" \/>\n<meta property=\"og:title\" content=\"Alpex Gin &amp; Tonic - Alpex\" \/>\n<meta property=\"og:description\" content=\"[vc_row row_type=&#8220;parallax&#8220; parallax_content_width=&#8220;full_width&#8220; text_align=&#8220;center&#8220; full_screen_section_height=&#8220;no&#8220; background_image=&#8220;1293&#8243;][vc_column][vc_row_inner row_type=&#8220;row&#8220; type=&#8220;full_width&#8220; text_align=&#8220;center&#8220; css_animation=&#8220;&#8220; css=&#8220;.vc_custom_1606912561845{margin-top: 250px !important;margin-bottom: 250px !important;}&#8220;][vc_column_inner][vc_column_text] Alpex Gin &amp; Tonic [\/vc_column_text][\/vc_column_inner][\/vc_row_inner][\/vc_column][\/vc_row][vc_row css_animation=&#8220;&#8220; row_type=&#8220;row&#8220; use_row_as_full_screen_section=&#8220;no&#8220; type=&#8220;full_width&#8220; angled_section=&#8220;no&#8220; text_align=&#8220;left&#8220; background_image_as_pattern=&#8220;without_pattern&#8220; el_class=&#8220;cocktail-header&#8220; css=&#8220;.vc_custom_1606305889465{border-top-width: 2px !important;border-top-style: solid !important;}&#8220; z_index=&#8220;&#8220;][vc_column][vc_empty_space height=&#8220;64px&#8220;][\/vc_column][\/vc_row][vc_row css_animation=&#8220;&#8220; row_type=&#8220;row&#8220; use_row_as_full_screen_section=&#8220;no&#8220; type=&#8220;grid&#8220; angled_section=&#8220;no&#8220;...\" \/>\n<meta property=\"og:url\" content=\"https:\/\/alpexdrinks.com\/de\/unsere-cocktails\/alpex-gin-tonic\/\" \/>\n<meta property=\"og:site_name\" content=\"Alpex\" \/>\n<meta property=\"article:modified_time\" content=\"2025-10-30T15:13:57+00:00\" \/>\n<meta name=\"twitter:card\" content=\"summary_large_image\" \/>\n<meta name=\"twitter:label1\" content=\"Gesch\u00e4tzte Lesezeit\" \/>\n\t<meta name=\"twitter:data1\" content=\"5\u00a0Minuten\" \/>\n<script type=\"application\/ld+json\" class=\"yoast-schema-graph\">{\"@context\":\"https:\\\/\\\/schema.org\",\"@graph\":[{\"@type\":\"WebPage\",\"@id\":\"https:\\\/\\\/alpexdrinks.com\\\/de\\\/unsere-cocktails\\\/alpex-gin-tonic\\\/\",\"url\":\"https:\\\/\\\/alpexdrinks.com\\\/de\\\/unsere-cocktails\\\/alpex-gin-tonic\\\/\",\"name\":\"Alpex Gin & Tonic - Alpex\",\"isPartOf\":{\"@id\":\"https:\\\/\\\/alpexdrinks.com\\\/de\\\/#website\"},\"datePublished\":\"2020-11-23T10:45:15+00:00\",\"dateModified\":\"2025-10-30T15:13:57+00:00\",\"breadcrumb\":{\"@id\":\"https:\\\/\\\/alpexdrinks.com\\\/de\\\/unsere-cocktails\\\/alpex-gin-tonic\\\/#breadcrumb\"},\"inLanguage\":\"de\",\"potentialAction\":[{\"@type\":\"ReadAction\",\"target\":[\"https:\\\/\\\/alpexdrinks.com\\\/de\\\/unsere-cocktails\\\/alpex-gin-tonic\\\/\"]}]},{\"@type\":\"BreadcrumbList\",\"@id\":\"https:\\\/\\\/alpexdrinks.com\\\/de\\\/unsere-cocktails\\\/alpex-gin-tonic\\\/#breadcrumb\",\"itemListElement\":[{\"@type\":\"ListItem\",\"position\":1,\"name\":\"Home\",\"item\":\"https:\\\/\\\/alpexdrinks.com\\\/de\\\/\"},{\"@type\":\"ListItem\",\"position\":2,\"name\":\"Unsere Cocktails\",\"item\":\"https:\\\/\\\/alpexdrinks.com\\\/de\\\/unsere-cocktails\\\/\"},{\"@type\":\"ListItem\",\"position\":3,\"name\":\"Alpex Gin &#038; Tonic\"}]},{\"@type\":\"WebSite\",\"@id\":\"https:\\\/\\\/alpexdrinks.com\\\/de\\\/#website\",\"url\":\"https:\\\/\\\/alpexdrinks.com\\\/de\\\/\",\"name\":\"Alpex\",\"description\":\"Supreme Tonic Water\",\"potentialAction\":[{\"@type\":\"SearchAction\",\"target\":{\"@type\":\"EntryPoint\",\"urlTemplate\":\"https:\\\/\\\/alpexdrinks.com\\\/de\\\/?s={search_term_string}\"},\"query-input\":{\"@type\":\"PropertyValueSpecification\",\"valueRequired\":true,\"valueName\":\"search_term_string\"}}],\"inLanguage\":\"de\"}]}<\/script>\n<!-- \/ Yoast SEO plugin. -->","yoast_head_json":{"title":"Alpex Gin & Tonic - Alpex","robots":{"index":"index","follow":"follow","max-snippet":"max-snippet:-1","max-image-preview":"max-image-preview:large","max-video-preview":"max-video-preview:-1"},"canonical":"https:\/\/alpexdrinks.com\/de\/unsere-cocktails\/alpex-gin-tonic\/","og_locale":"de_DE","og_type":"article","og_title":"Alpex Gin & Tonic - Alpex","og_description":"[vc_row row_type=&#8220;parallax&#8220; parallax_content_width=&#8220;full_width&#8220; text_align=&#8220;center&#8220; full_screen_section_height=&#8220;no&#8220; background_image=&#8220;1293&#8243;][vc_column][vc_row_inner row_type=&#8220;row&#8220; type=&#8220;full_width&#8220; text_align=&#8220;center&#8220; css_animation=&#8220;&#8220; css=&#8220;.vc_custom_1606912561845{margin-top: 250px !important;margin-bottom: 250px !important;}&#8220;][vc_column_inner][vc_column_text] Alpex Gin &amp; Tonic [\/vc_column_text][\/vc_column_inner][\/vc_row_inner][\/vc_column][\/vc_row][vc_row css_animation=&#8220;&#8220; row_type=&#8220;row&#8220; use_row_as_full_screen_section=&#8220;no&#8220; type=&#8220;full_width&#8220; angled_section=&#8220;no&#8220; text_align=&#8220;left&#8220; background_image_as_pattern=&#8220;without_pattern&#8220; el_class=&#8220;cocktail-header&#8220; css=&#8220;.vc_custom_1606305889465{border-top-width: 2px !important;border-top-style: solid !important;}&#8220; z_index=&#8220;&#8220;][vc_column][vc_empty_space height=&#8220;64px&#8220;][\/vc_column][\/vc_row][vc_row css_animation=&#8220;&#8220; row_type=&#8220;row&#8220; use_row_as_full_screen_section=&#8220;no&#8220; type=&#8220;grid&#8220; angled_section=&#8220;no&#8220;...","og_url":"https:\/\/alpexdrinks.com\/de\/unsere-cocktails\/alpex-gin-tonic\/","og_site_name":"Alpex","article_modified_time":"2025-10-30T15:13:57+00:00","twitter_card":"summary_large_image","twitter_misc":{"Gesch\u00e4tzte Lesezeit":"5\u00a0Minuten"},"schema":{"@context":"https:\/\/schema.org","@graph":[{"@type":"WebPage","@id":"https:\/\/alpexdrinks.com\/de\/unsere-cocktails\/alpex-gin-tonic\/","url":"https:\/\/alpexdrinks.com\/de\/unsere-cocktails\/alpex-gin-tonic\/","name":"Alpex Gin & Tonic - Alpex","isPartOf":{"@id":"https:\/\/alpexdrinks.com\/de\/#website"},"datePublished":"2020-11-23T10:45:15+00:00","dateModified":"2025-10-30T15:13:57+00:00","breadcrumb":{"@id":"https:\/\/alpexdrinks.com\/de\/unsere-cocktails\/alpex-gin-tonic\/#breadcrumb"},"inLanguage":"de","potentialAction":[{"@type":"ReadAction","target":["https:\/\/alpexdrinks.com\/de\/unsere-cocktails\/alpex-gin-tonic\/"]}]},{"@type":"BreadcrumbList","@id":"https:\/\/alpexdrinks.com\/de\/unsere-cocktails\/alpex-gin-tonic\/#breadcrumb","itemListElement":[{"@type":"ListItem","position":1,"name":"Home","item":"https:\/\/alpexdrinks.com\/de\/"},{"@type":"ListItem","position":2,"name":"Unsere Cocktails","item":"https:\/\/alpexdrinks.com\/de\/unsere-cocktails\/"},{"@type":"ListItem","position":3,"name":"Alpex Gin &#038; Tonic"}]},{"@type":"WebSite","@id":"https:\/\/alpexdrinks.com\/de\/#website","url":"https:\/\/alpexdrinks.com\/de\/","name":"Alpex","description":"Supreme Tonic Water","potentialAction":[{"@type":"SearchAction","target":{"@type":"EntryPoint","urlTemplate":"https:\/\/alpexdrinks.com\/de\/?s={search_term_string}"},"query-input":{"@type":"PropertyValueSpecification","valueRequired":true,"valueName":"search_term_string"}}],"inLanguage":"de"}]}},"_hostinger_reach_plugin_has_subscription_block":false,"_hostinger_reach_plugin_is_elementor":false,"_links":{"self":[{"href":"https:\/\/alpexdrinks.com\/de\/wp-json\/wp\/v2\/pages\/1650","targetHints":{"allow":["GET"]}}],"collection":[{"href":"https:\/\/alpexdrinks.com\/de\/wp-json\/wp\/v2\/pages"}],"about":[{"href":"https:\/\/alpexdrinks.com\/de\/wp-json\/wp\/v2\/types\/page"}],"author":[{"embeddable":true,"href":"https:\/\/alpexdrinks.com\/de\/wp-json\/wp\/v2\/users\/1"}],"replies":[{"embeddable":true,"href":"https:\/\/alpexdrinks.com\/de\/wp-json\/wp\/v2\/comments?post=1650"}],"version-history":[{"count":7,"href":"https:\/\/alpexdrinks.com\/de\/wp-json\/wp\/v2\/pages\/1650\/revisions"}],"predecessor-version":[{"id":4584,"href":"https:\/\/alpexdrinks.com\/de\/wp-json\/wp\/v2\/pages\/1650\/revisions\/4584"}],"up":[{"embeddable":true,"href":"https:\/\/alpexdrinks.com\/de\/wp-json\/wp\/v2\/pages\/1646"}],"wp:attachment":[{"href":"https:\/\/alpexdrinks.com\/de\/wp-json\/wp\/v2\/media?parent=1650"}],"curies":[{"name":"wp","href":"https:\/\/api.w.org\/{rel}","templated":true}]}}