{"id":1666,"date":"2020-11-25T10:30:42","date_gmt":"2020-11-25T09:30:42","guid":{"rendered":"https:\/\/www.alpexdrinks.com\/?page_id=1666"},"modified":"2025-10-30T16:18:27","modified_gmt":"2025-10-30T15:18:27","slug":"alpex-zero","status":"publish","type":"page","link":"https:\/\/alpexdrinks.com\/de\/unsere-cocktails\/alpex-zero\/","title":{"rendered":"Alpex Zero"},"content":{"rendered":"<div class=\"wpb-content-wrapper\"><p>[vc_row row_type=&#8220;parallax&#8220; parallax_content_width=&#8220;in_grid&#8220; text_align=&#8220;center&#8220; full_screen_section_height=&#8220;no&#8220; background_image=&#8220;1336&#8243;][vc_column][vc_row_inner row_type=&#8220;row&#8220; type=&#8220;full_width&#8220; text_align=&#8220;center&#8220; css_animation=&#8220;&#8220; css=&#8220;.vc_custom_1606912674887{margin-top: 250px !important;margin-bottom: 250px !important;}&#8220;][vc_column_inner][vc_column_text]<\/p>\n<header class=\"header-title\">\n<h2 class=\"white-text\">Alpex Zero<\/h2>\n<\/header>\n<p>[\/vc_column_text][\/vc_column_inner][\/vc_row_inner][\/vc_column][\/vc_row][vc_row css_animation=&#8220;&#8220; row_type=&#8220;row&#8220; use_row_as_full_screen_section=&#8220;no&#8220; type=&#8220;full_width&#8220; angled_section=&#8220;no&#8220; text_align=&#8220;left&#8220; background_image_as_pattern=&#8220;without_pattern&#8220; el_class=&#8220;cocktail-header&#8220; css=&#8220;.vc_custom_1606306155116{border-top-width: 2px !important;border-top-style: solid !important;}&#8220; z_index=&#8220;&#8220;][vc_column][vc_empty_space height=&#8220;64px&#8220;][\/vc_column][\/vc_row][vc_row css_animation=&#8220;&#8220; row_type=&#8220;row&#8220; use_row_as_full_screen_section=&#8220;no&#8220; type=&#8220;grid&#8220; angled_section=&#8220;no&#8220; text_align=&#8220;left&#8220; background_image_as_pattern=&#8220;without_pattern&#8220; z_index=&#8220;&#8220;][vc_column][vc_row_inner row_type=&#8220;row&#8220; type=&#8220;full_width&#8220; text_align=&#8220;left&#8220; css_animation=&#8220;&#8220;][vc_column_inner width=&#8220;1\/2&#8243;][vc_column_text css=&#8220;&#8220;]<\/p>\n<h3 class=\"lead-text darkgold-text\">F\u00fcr die Liebhaber der Nat\u00fcrlichkeit: ein alkoholfreier Cocktail mit bedeutendem Geschmack und gro\u00dfartigen Eigenschaften.<\/h3>\n<p>[\/vc_column_text][vc_column_text]Ein Cocktail, der mit seiner gesunden, nat\u00fcrlichen Frische begeistert. Er kombiniert die wohltuenden Eigenschaften von BioPlose Apfelsaft mit der w\u00fcrzigen Frische von Alpex Premium Natural Ginger Ale. Das Ergebnis ist ein frischer Cocktail mit einem harmonischen und w\u00fcrzigen Geschmack, der eine angenehme, anhaltende Ingwer-Note hinterl\u00e4sst.<\/p>\n<p>Ideal f\u00fcr jede Tageszeit: als Aperitif, nach einer Mahlzeit oder zwischendurch als kleine Entspannungspause an einem anstrengenden Tag.[\/vc_column_text][vc_empty_space][\/vc_column_inner][vc_column_inner width=&#8220;1\/2&#8243;][vc_column_text]<\/p>\n<h3 class=\"darkgold-text\"><strong>Zutaten<\/strong><\/h3>\n<p>[\/vc_column_text][vc_column_text]\u00b7 60 ml BioPlose Apfelsaft<span class=\"s1\"><br \/>\n<\/span><\/p>\n<p>\u00b7 Alpex Premium Natural Ginger Ale zum Auff\u00fcllen<\/p>\n<p>\u00b7 kandierte Kirsche<\/p>\n<p>\u00b7 Apfelspalte[\/vc_column_text][vc_empty_space][vc_column_text]<\/p>\n<h3 class=\"darkgold-text\"><strong>Zubereitung<\/strong><\/h3>\n<p>[\/vc_column_text][vc_column_text]BioPlose Apfelsaft in einen niedrigen Tumbler gie\u00dfen, Eis hinzuf\u00fcgen und mit Alpex Premium Natural Ginger Ale auff\u00fcllen.<\/p>\n<p>Vor dem Servieren mit einer kandierten Kirsche und einer Apfelspalte garnieren.[\/vc_column_text][vc_empty_space][\/vc_column_inner][\/vc_row_inner][\/vc_column][\/vc_row][vc_row css_animation=&#8220;&#8220; row_type=&#8220;row&#8220; use_row_as_full_screen_section=&#8220;no&#8220; type=&#8220;full_width&#8220; angled_section=&#8220;no&#8220; text_align=&#8220;left&#8220; background_image_as_pattern=&#8220;without_pattern&#8220;][vc_column][vc_empty_space height=&#8220;64px&#8220;][\/vc_column][\/vc_row][vc_row css_animation=&#8220;&#8220; row_type=&#8220;row&#8220; use_row_as_full_screen_section=&#8220;no&#8220; type=&#8220;full_width&#8220; angled_section=&#8220;no&#8220; text_align=&#8220;left&#8220; background_image_as_pattern=&#8220;without_pattern&#8220;][vc_column][vc_row_inner row_type=&#8220;row&#8220; type=&#8220;grid&#8220; text_align=&#8220;left&#8220; css_animation=&#8220;&#8220;][vc_column_inner][vc_gallery type=&#8220;flexslider_slide&#8220; interval=&#8220;3&#8243; images=&#8220;1327,1330,1333&#8243; img_size=&#8220;full&#8220;][\/vc_column_inner][\/vc_row_inner][\/vc_column][\/vc_row][vc_row css_animation=&#8220;&#8220; row_type=&#8220;row&#8220; use_row_as_full_screen_section=&#8220;no&#8220; type=&#8220;grid&#8220; angled_section=&#8220;no&#8220; text_align=&#8220;left&#8220; background_image_as_pattern=&#8220;without_pattern&#8220; z_index=&#8220;&#8220;][vc_column][vc_row_inner row_type=&#8220;row&#8220; type=&#8220;full_width&#8220; text_align=&#8220;left&#8220; row_negative_margin=&#8220;disable_negative_margin&#8220; css_animation=&#8220;&#8220; css=&#8220;.vc_custom_1606384017646{border-top-width: 2px !important;border-right-width: 2px !important;border-bottom-width: 2px !important;border-left-width: 2px !important;padding-top: 0px !important;padding-right: 0px !important;padding-bottom: 0px !important;padding-left: 0px !important;border-left-style: solid !important;border-right-style: solid !important;border-top-style: solid !important;border-bottom-style: solid !important;}&#8220; el_class=&#8220;bartenders-tips&#8220;][vc_column_inner width=&#8220;1\/3&#8243; css=&#8220;.vc_custom_1606136285865{padding-top: 32px !important;padding-right: 32px !important;padding-bottom: 32px !important;padding-left: 32px !important;}&#8220;][vc_single_image image=&#8220;656&#8243; img_size=&#8220;medium&#8220; alignment=&#8220;center&#8220; qode_css_animation=&#8220;&#8220;][\/vc_column_inner][vc_column_inner width=&#8220;2\/3&#8243; css=&#8220;.vc_custom_1606136297184{padding-top: 32px !important;padding-right: 32px !important;padding-bottom: 32px !important;padding-left: 32px !important;}&#8220;][vc_column_text]<\/p>\n<h3 class=\"darkgold-text\">Bartender&#8217;s tips<\/h3>\n<p>[\/vc_column_text][vc_column_text]<\/p>\n<p class=\"p1\">1 F\u00fcr einen noch dramatischeren Effekt, servieren Sie den Cocktail in einem Ballonglas.<\/p>\n<p class=\"p1\">2 Als alternative Garnierung k\u00f6nnen Sie Waldfr\u00fcchte und ein Blatt Minze verwenden.<\/p>\n<p>[\/vc_column_text][vc_empty_space][\/vc_column_inner][\/vc_row_inner][\/vc_column][\/vc_row][vc_row css_animation=&#8220;&#8220; row_type=&#8220;row&#8220; use_row_as_full_screen_section=&#8220;no&#8220; type=&#8220;full_width&#8220; angled_section=&#8220;no&#8220; text_align=&#8220;left&#8220; background_image_as_pattern=&#8220;without_pattern&#8220;][vc_column][vc_empty_space height=&#8220;64px&#8220;][\/vc_column][\/vc_row][vc_row css_animation=&#8220;&#8220; row_type=&#8220;row&#8220; use_row_as_full_screen_section=&#8220;no&#8220; type=&#8220;full_width&#8220; angled_section=&#8220;no&#8220; text_align=&#8220;left&#8220; background_image_as_pattern=&#8220;without_pattern&#8220;][vc_column][vc_row_inner row_type=&#8220;row&#8220; type=&#8220;grid&#8220; text_align=&#8220;left&#8220; css_animation=&#8220;&#8220; el_class=&#8220;cocktail-video&#8220;][vc_column_inner][vc_raw_html]JTNDZGl2JTIwY2xhc3MlM0QlMjJ2aWRlb1dyYXBwZXIlMjIlM0UlMEElMjAlMjAlM0NpZnJhbWUlMjB3aWR0aCUzRCUyMjU2MCUyMiUyMGhlaWdodCUzRCUyMjMxNSUyMiUyMHNyYyUzRCUyMmh0dHBzJTNBJTJGJTJGd3d3LnlvdXR1YmUuY29tJTJGZW1iZWQlMkZESnJ4dFlrdEVmdyUzRnJlbCUzRDAlMjZhbXAlM0Jtb2Rlc3RicmFuZGluZyUzRDElMjZhbXAlM0JhdXRvcGxheSUzRDElMjZhbXAlM0Jsb29wJTNEMSUyNmFtcCUzQm11dGUlM0QxJTIyJTIwZnJhbWVib3JkZXIlM0QlMjIwJTIyJTIwYWxsb3clM0QlMjJhY2NlbGVyb21ldGVyJTNCJTIwYXV0b3BsYXklM0IlMjBjbGlwYm9hcmQtd3JpdGUlM0IlMjBlbmNyeXB0ZWQtbWVkaWElM0IlMjBneXJvc2NvcGUlM0IlMjBwaWN0dXJlLWluLXBpY3R1cmUlMjIlMjBhbGxvd2Z1bGxzY3JlZW4lM0UlM0MlMkZpZnJhbWUlM0UlMEElM0MlMkZkaXYlM0UlMEE=[\/vc_raw_html][\/vc_column_inner][\/vc_row_inner][\/vc_column][\/vc_row][vc_row css_animation=&#8220;&#8220; row_type=&#8220;row&#8220; use_row_as_full_screen_section=&#8220;no&#8220; type=&#8220;full_width&#8220; angled_section=&#8220;no&#8220; text_align=&#8220;left&#8220; background_image_as_pattern=&#8220;without_pattern&#8220;][vc_column][vc_empty_space height=&#8220;64px&#8220;][\/vc_column][\/vc_row][vc_row css_animation=&#8220;&#8220; row_type=&#8220;row&#8220; use_row_as_full_screen_section=&#8220;no&#8220; type=&#8220;grid&#8220; angled_section=&#8220;no&#8220; text_align=&#8220;left&#8220; background_image_as_pattern=&#8220;without_pattern&#8220; z_index=&#8220;&#8220;][vc_column width=&#8220;1\/3&#8243;][vc_column_text]<\/p>\n<h3 class=\"darkgold-text\">Food Pairing<\/h3>\n<p>[\/vc_column_text][vc_column_text]<\/p>\n<p class=\"p1\"><b>Desserts mit Mandeln. <\/b>Probieren Sie Alpex Zero zu einem Parfait, Halbgefrorenem mit Mandeln, zu Mandelgeb\u00e4ck oder -keksen oder Mandel-Panna-Cotta. Ein sensationeller Genuss.<\/p>\n<p class=\"p1\"><b>Couscous. <\/b>Wagen Sie etwas Neues und kombinieren Sie das w\u00fcrzige Aroma von Alpex Zero mit einem vegetarischen Couscous. Eine ungew\u00f6hnliche und angenehm frische Kombination; perfekt in der Sommersaison, gro\u00dfartig das ganze Jahr \u00fcber.<\/p>\n<p>[\/vc_column_text][\/vc_column][vc_column width=&#8220;2\/3&#8243;][vc_single_image image=&#8220;1017&#8243; img_size=&#8220;large&#8220; alignment=&#8220;center&#8220; qode_css_animation=&#8220;&#8220;][\/vc_column][\/vc_row][vc_row css_animation=&#8220;&#8220; row_type=&#8220;row&#8220; use_row_as_full_screen_section=&#8220;no&#8220; type=&#8220;full_width&#8220; angled_section=&#8220;no&#8220; text_align=&#8220;left&#8220; background_image_as_pattern=&#8220;without_pattern&#8220;][vc_column][vc_empty_space height=&#8220;64px&#8220;][\/vc_column][\/vc_row][vc_row css_animation=&#8220;&#8220; row_type=&#8220;row&#8220; use_row_as_full_screen_section=&#8220;no&#8220; type=&#8220;full_width&#8220; angled_section=&#8220;no&#8220; text_align=&#8220;left&#8220; background_image_as_pattern=&#8220;without_pattern&#8220;][vc_column][vc_row_inner row_type=&#8220;row&#8220; type=&#8220;grid&#8220; text_align=&#8220;left&#8220; css_animation=&#8220;&#8220;][vc_column_inner][vc_column_text]<\/p>\n<h3 class=\"darkgold-text slashed\">NOCH MEHR COCKTAILS MIT ALPEX PREMIUN NATURAL GINGER ALE<\/h3>\n<p>[\/vc_column_text][\/vc_column_inner][\/vc_row_inner][vc_row_inner row_type=&#8220;row&#8220; type=&#8220;grid&#8220; text_align=&#8220;left&#8220; css_animation=&#8220;&#8220;][vc_column_inner width=&#8220;1\/3&#8243;][\/vc_column_inner][vc_column_inner width=&#8220;1\/3&#8243;][vc_column_text]<\/p>\n<h3 class=\"white-text h3-bigger\">RUM COOLER<\/h3>\n<p>[\/vc_column_text][vc_column_text]<strong>Zutaten<\/strong><\/p>\n<p>\u00b7 4,5 cl Rum<br \/>\n\u00b7 2 Teel\u00f6ffel Zucker<br \/>\n\u00b7 3 Limettenspalten<br \/>\n\u00b7 2 Orangenspalten<br \/>\n\u00b7 Alpex Premium Natural Ginger Ale zum Auff\u00fcllen[\/vc_column_text][\/vc_column_inner][vc_column_inner width=&#8220;1\/3&#8243;][\/vc_column_inner][\/vc_row_inner][\/vc_column][\/vc_row][vc_row css_animation=&#8220;&#8220; row_type=&#8220;row&#8220; use_row_as_full_screen_section=&#8220;no&#8220; type=&#8220;full_width&#8220; angled_section=&#8220;no&#8220; text_align=&#8220;left&#8220; background_image_as_pattern=&#8220;without_pattern&#8220;][vc_column][vc_empty_space][\/vc_column][\/vc_row]<\/p>\n<\/div>","protected":false},"excerpt":{"rendered":"<p>[vc_row row_type=&#8220;parallax&#8220; parallax_content_width=&#8220;in_grid&#8220; text_align=&#8220;center&#8220; full_screen_section_height=&#8220;no&#8220; background_image=&#8220;1336&#8243;][vc_column][vc_row_inner row_type=&#8220;row&#8220; type=&#8220;full_width&#8220; text_align=&#8220;center&#8220; css_animation=&#8220;&#8220; css=&#8220;.vc_custom_1606912674887{margin-top: 250px !important;margin-bottom: 250px !important;}&#8220;][vc_column_inner][vc_column_text] Alpex Zero [\/vc_column_text][\/vc_column_inner][\/vc_row_inner][\/vc_column][\/vc_row][vc_row css_animation=&#8220;&#8220; row_type=&#8220;row&#8220; use_row_as_full_screen_section=&#8220;no&#8220; type=&#8220;full_width&#8220; angled_section=&#8220;no&#8220; text_align=&#8220;left&#8220; background_image_as_pattern=&#8220;without_pattern&#8220; el_class=&#8220;cocktail-header&#8220; css=&#8220;.vc_custom_1606306155116{border-top-width: 2px !important;border-top-style: solid !important;}&#8220; z_index=&#8220;&#8220;][vc_column][vc_empty_space height=&#8220;64px&#8220;][\/vc_column][\/vc_row][vc_row css_animation=&#8220;&#8220; row_type=&#8220;row&#8220; use_row_as_full_screen_section=&#8220;no&#8220; type=&#8220;grid&#8220; angled_section=&#8220;no&#8220; text_align=&#8220;left&#8220; background_image_as_pattern=&#8220;without_pattern&#8220;&#8230;<\/p>\n","protected":false},"author":1,"featured_media":0,"parent":1646,"menu_order":0,"comment_status":"closed","ping_status":"closed","template":"full_width.php","meta":{"footnotes":""},"class_list":["post-1666","page","type-page","status-publish","hentry"],"yoast_head":"<!-- This site is optimized with the Yoast SEO plugin v27.3 - https:\/\/yoast.com\/product\/yoast-seo-wordpress\/ -->\n<title>Alpex Zero - Alpex<\/title>\n<meta name=\"robots\" content=\"index, follow, max-snippet:-1, max-image-preview:large, max-video-preview:-1\" \/>\n<link rel=\"canonical\" href=\"https:\/\/alpexdrinks.com\/de\/unsere-cocktails\/alpex-zero\/\" \/>\n<meta property=\"og:locale\" content=\"de_DE\" \/>\n<meta property=\"og:type\" content=\"article\" \/>\n<meta property=\"og:title\" content=\"Alpex Zero - Alpex\" \/>\n<meta property=\"og:description\" content=\"[vc_row row_type=&#8220;parallax&#8220; parallax_content_width=&#8220;in_grid&#8220; text_align=&#8220;center&#8220; full_screen_section_height=&#8220;no&#8220; background_image=&#8220;1336&#8243;][vc_column][vc_row_inner row_type=&#8220;row&#8220; type=&#8220;full_width&#8220; text_align=&#8220;center&#8220; css_animation=&#8220;&#8220; css=&#8220;.vc_custom_1606912674887{margin-top: 250px !important;margin-bottom: 250px !important;}&#8220;][vc_column_inner][vc_column_text] Alpex Zero [\/vc_column_text][\/vc_column_inner][\/vc_row_inner][\/vc_column][\/vc_row][vc_row css_animation=&#8220;&#8220; row_type=&#8220;row&#8220; use_row_as_full_screen_section=&#8220;no&#8220; type=&#8220;full_width&#8220; angled_section=&#8220;no&#8220; text_align=&#8220;left&#8220; background_image_as_pattern=&#8220;without_pattern&#8220; el_class=&#8220;cocktail-header&#8220; css=&#8220;.vc_custom_1606306155116{border-top-width: 2px !important;border-top-style: solid !important;}&#8220; z_index=&#8220;&#8220;][vc_column][vc_empty_space height=&#8220;64px&#8220;][\/vc_column][\/vc_row][vc_row css_animation=&#8220;&#8220; row_type=&#8220;row&#8220; use_row_as_full_screen_section=&#8220;no&#8220; type=&#8220;grid&#8220; angled_section=&#8220;no&#8220; text_align=&#8220;left&#8220; background_image_as_pattern=&#8220;without_pattern&#8220;...\" \/>\n<meta property=\"og:url\" content=\"https:\/\/alpexdrinks.com\/de\/unsere-cocktails\/alpex-zero\/\" \/>\n<meta property=\"og:site_name\" content=\"Alpex\" \/>\n<meta property=\"article:modified_time\" content=\"2025-10-30T15:18:27+00:00\" \/>\n<meta name=\"twitter:card\" content=\"summary_large_image\" \/>\n<meta name=\"twitter:label1\" content=\"Gesch\u00e4tzte Lesezeit\" \/>\n\t<meta name=\"twitter:data1\" content=\"4\u00a0Minuten\" \/>\n<script type=\"application\/ld+json\" class=\"yoast-schema-graph\">{\"@context\":\"https:\\\/\\\/schema.org\",\"@graph\":[{\"@type\":\"WebPage\",\"@id\":\"https:\\\/\\\/alpexdrinks.com\\\/de\\\/unsere-cocktails\\\/alpex-zero\\\/\",\"url\":\"https:\\\/\\\/alpexdrinks.com\\\/de\\\/unsere-cocktails\\\/alpex-zero\\\/\",\"name\":\"Alpex Zero - Alpex\",\"isPartOf\":{\"@id\":\"https:\\\/\\\/alpexdrinks.com\\\/de\\\/#website\"},\"datePublished\":\"2020-11-25T09:30:42+00:00\",\"dateModified\":\"2025-10-30T15:18:27+00:00\",\"breadcrumb\":{\"@id\":\"https:\\\/\\\/alpexdrinks.com\\\/de\\\/unsere-cocktails\\\/alpex-zero\\\/#breadcrumb\"},\"inLanguage\":\"de\",\"potentialAction\":[{\"@type\":\"ReadAction\",\"target\":[\"https:\\\/\\\/alpexdrinks.com\\\/de\\\/unsere-cocktails\\\/alpex-zero\\\/\"]}]},{\"@type\":\"BreadcrumbList\",\"@id\":\"https:\\\/\\\/alpexdrinks.com\\\/de\\\/unsere-cocktails\\\/alpex-zero\\\/#breadcrumb\",\"itemListElement\":[{\"@type\":\"ListItem\",\"position\":1,\"name\":\"Home\",\"item\":\"https:\\\/\\\/alpexdrinks.com\\\/de\\\/\"},{\"@type\":\"ListItem\",\"position\":2,\"name\":\"Unsere Cocktails\",\"item\":\"https:\\\/\\\/alpexdrinks.com\\\/de\\\/unsere-cocktails\\\/\"},{\"@type\":\"ListItem\",\"position\":3,\"name\":\"Alpex Zero\"}]},{\"@type\":\"WebSite\",\"@id\":\"https:\\\/\\\/alpexdrinks.com\\\/de\\\/#website\",\"url\":\"https:\\\/\\\/alpexdrinks.com\\\/de\\\/\",\"name\":\"Alpex\",\"description\":\"Supreme Tonic Water\",\"potentialAction\":[{\"@type\":\"SearchAction\",\"target\":{\"@type\":\"EntryPoint\",\"urlTemplate\":\"https:\\\/\\\/alpexdrinks.com\\\/de\\\/?s={search_term_string}\"},\"query-input\":{\"@type\":\"PropertyValueSpecification\",\"valueRequired\":true,\"valueName\":\"search_term_string\"}}],\"inLanguage\":\"de\"}]}<\/script>\n<!-- \/ Yoast SEO plugin. -->","yoast_head_json":{"title":"Alpex Zero - Alpex","robots":{"index":"index","follow":"follow","max-snippet":"max-snippet:-1","max-image-preview":"max-image-preview:large","max-video-preview":"max-video-preview:-1"},"canonical":"https:\/\/alpexdrinks.com\/de\/unsere-cocktails\/alpex-zero\/","og_locale":"de_DE","og_type":"article","og_title":"Alpex Zero - Alpex","og_description":"[vc_row row_type=&#8220;parallax&#8220; parallax_content_width=&#8220;in_grid&#8220; text_align=&#8220;center&#8220; full_screen_section_height=&#8220;no&#8220; background_image=&#8220;1336&#8243;][vc_column][vc_row_inner row_type=&#8220;row&#8220; type=&#8220;full_width&#8220; text_align=&#8220;center&#8220; css_animation=&#8220;&#8220; css=&#8220;.vc_custom_1606912674887{margin-top: 250px !important;margin-bottom: 250px !important;}&#8220;][vc_column_inner][vc_column_text] Alpex Zero [\/vc_column_text][\/vc_column_inner][\/vc_row_inner][\/vc_column][\/vc_row][vc_row css_animation=&#8220;&#8220; row_type=&#8220;row&#8220; use_row_as_full_screen_section=&#8220;no&#8220; type=&#8220;full_width&#8220; angled_section=&#8220;no&#8220; text_align=&#8220;left&#8220; background_image_as_pattern=&#8220;without_pattern&#8220; el_class=&#8220;cocktail-header&#8220; css=&#8220;.vc_custom_1606306155116{border-top-width: 2px !important;border-top-style: solid !important;}&#8220; z_index=&#8220;&#8220;][vc_column][vc_empty_space height=&#8220;64px&#8220;][\/vc_column][\/vc_row][vc_row css_animation=&#8220;&#8220; row_type=&#8220;row&#8220; use_row_as_full_screen_section=&#8220;no&#8220; type=&#8220;grid&#8220; angled_section=&#8220;no&#8220; text_align=&#8220;left&#8220; background_image_as_pattern=&#8220;without_pattern&#8220;...","og_url":"https:\/\/alpexdrinks.com\/de\/unsere-cocktails\/alpex-zero\/","og_site_name":"Alpex","article_modified_time":"2025-10-30T15:18:27+00:00","twitter_card":"summary_large_image","twitter_misc":{"Gesch\u00e4tzte Lesezeit":"4\u00a0Minuten"},"schema":{"@context":"https:\/\/schema.org","@graph":[{"@type":"WebPage","@id":"https:\/\/alpexdrinks.com\/de\/unsere-cocktails\/alpex-zero\/","url":"https:\/\/alpexdrinks.com\/de\/unsere-cocktails\/alpex-zero\/","name":"Alpex Zero - Alpex","isPartOf":{"@id":"https:\/\/alpexdrinks.com\/de\/#website"},"datePublished":"2020-11-25T09:30:42+00:00","dateModified":"2025-10-30T15:18:27+00:00","breadcrumb":{"@id":"https:\/\/alpexdrinks.com\/de\/unsere-cocktails\/alpex-zero\/#breadcrumb"},"inLanguage":"de","potentialAction":[{"@type":"ReadAction","target":["https:\/\/alpexdrinks.com\/de\/unsere-cocktails\/alpex-zero\/"]}]},{"@type":"BreadcrumbList","@id":"https:\/\/alpexdrinks.com\/de\/unsere-cocktails\/alpex-zero\/#breadcrumb","itemListElement":[{"@type":"ListItem","position":1,"name":"Home","item":"https:\/\/alpexdrinks.com\/de\/"},{"@type":"ListItem","position":2,"name":"Unsere Cocktails","item":"https:\/\/alpexdrinks.com\/de\/unsere-cocktails\/"},{"@type":"ListItem","position":3,"name":"Alpex Zero"}]},{"@type":"WebSite","@id":"https:\/\/alpexdrinks.com\/de\/#website","url":"https:\/\/alpexdrinks.com\/de\/","name":"Alpex","description":"Supreme Tonic Water","potentialAction":[{"@type":"SearchAction","target":{"@type":"EntryPoint","urlTemplate":"https:\/\/alpexdrinks.com\/de\/?s={search_term_string}"},"query-input":{"@type":"PropertyValueSpecification","valueRequired":true,"valueName":"search_term_string"}}],"inLanguage":"de"}]}},"_hostinger_reach_plugin_has_subscription_block":false,"_hostinger_reach_plugin_is_elementor":false,"_links":{"self":[{"href":"https:\/\/alpexdrinks.com\/de\/wp-json\/wp\/v2\/pages\/1666","targetHints":{"allow":["GET"]}}],"collection":[{"href":"https:\/\/alpexdrinks.com\/de\/wp-json\/wp\/v2\/pages"}],"about":[{"href":"https:\/\/alpexdrinks.com\/de\/wp-json\/wp\/v2\/types\/page"}],"author":[{"embeddable":true,"href":"https:\/\/alpexdrinks.com\/de\/wp-json\/wp\/v2\/users\/1"}],"replies":[{"embeddable":true,"href":"https:\/\/alpexdrinks.com\/de\/wp-json\/wp\/v2\/comments?post=1666"}],"version-history":[{"count":5,"href":"https:\/\/alpexdrinks.com\/de\/wp-json\/wp\/v2\/pages\/1666\/revisions"}],"predecessor-version":[{"id":4586,"href":"https:\/\/alpexdrinks.com\/de\/wp-json\/wp\/v2\/pages\/1666\/revisions\/4586"}],"up":[{"embeddable":true,"href":"https:\/\/alpexdrinks.com\/de\/wp-json\/wp\/v2\/pages\/1646"}],"wp:attachment":[{"href":"https:\/\/alpexdrinks.com\/de\/wp-json\/wp\/v2\/media?parent=1666"}],"curies":[{"name":"wp","href":"https:\/\/api.w.org\/{rel}","templated":true}]}}