{"id":1670,"date":"2020-02-25T11:42:05","date_gmt":"2020-02-25T10:42:05","guid":{"rendered":"https:\/\/www.alpexdrinks.com\/?page_id=1670"},"modified":"2021-02-22T10:08:06","modified_gmt":"2021-02-22T09:08:06","slug":"unsere-zutaten","status":"publish","type":"page","link":"https:\/\/alpexdrinks.com\/de\/unsere-zutaten\/","title":{"rendered":"Unsere Zutaten"},"content":{"rendered":"<div class=\"wpb-content-wrapper\"><p>[vc_row css_animation=&#8220;&#8220; row_type=&#8220;row&#8220; use_row_as_full_screen_section=&#8220;no&#8220; type=&#8220;full_width&#8220; angled_section=&#8220;no&#8220; text_align=&#8220;left&#8220; video=&#8220;show_video&#8220; background_image_as_pattern=&#8220;without_pattern&#8220; z_index=&#8220;&#8220; video_mp4=&#8220;https:\/\/alpexdrinks.com\/wp-content\/uploads\/2020\/12\/I-NOSTRI-INGREDIENTI-HEADER-LOOP.mp4&#8243; video_image=&#8220;1144&#8243;][vc_column][vc_row_inner row_type=&#8220;row&#8220; type=&#8220;grid&#8220; text_align=&#8220;center&#8220; css_animation=&#8220;&#8220; css=&#8220;.vc_custom_1606986016980{margin-top: 250px !important;margin-bottom: 250px !important;}&#8220;][vc_column_inner][vc_column_text]<\/p>\n<header class=\"header-title\">\n<h2 class=\"white-text\"><strong>Unseren Zutaten<\/strong><\/h2>\n<\/header>\n<p>[\/vc_column_text][\/vc_column_inner][\/vc_row_inner][\/vc_column][\/vc_row][vc_row css_animation=&#8220;&#8220; row_type=&#8220;row&#8220; use_row_as_full_screen_section=&#8220;no&#8220; type=&#8220;full_width&#8220; angled_section=&#8220;no&#8220; text_align=&#8220;left&#8220; background_image_as_pattern=&#8220;without_pattern&#8220; css=&#8220;.vc_custom_1606985967211{border-top-width: 2px !important;border-top-color: #e8cc62 !important;border-top-style: solid !important;}&#8220; z_index=&#8220;&#8220;][vc_column][vc_empty_space][\/vc_column][\/vc_row][vc_row css_animation=&#8220;&#8220; row_type=&#8220;row&#8220; use_row_as_full_screen_section=&#8220;no&#8220; type=&#8220;grid&#8220; angled_section=&#8220;no&#8220; text_align=&#8220;center&#8220; background_image_as_pattern=&#8220;without_pattern&#8220; z_index=&#8220;&#8220; css=&#8220;.vc_custom_1606987280233{margin-top: 100px !important;margin-bottom: 100px !important;}&#8220;][vc_column width=&#8220;1\/6&#8243;][\/vc_column][vc_column width=&#8220;2\/3&#8243;][vc_column_text css=&#8220;.vc_custom_1613735308889{margin-bottom: 40px !important;}&#8220;]<\/p>\n<h1 class=\"gold-text uppercase\" style=\"text-align: center;\">Sorgf\u00e4ltig ausgew\u00e4hlt, f\u00fcr den besten Genuss<\/h1>\n<p>&nbsp;<\/p>\n<p style=\"text-align: center;\">Wie alle Produkte von Plose werden auch die Alpex Getr\u00e4nke auf h\u00f6chsten Qualit\u00e4tsniveau produzert.<\/p>\n<p style=\"text-align: center;\">Die besten Zutaten aus aller Welt wurden sorgf\u00e4ltig ausgew\u00e4hlt und dosiert, um bei der Zubereitung der Cocktails das Beste zu geben, mit besonderen und unerwarteten aromatischen Noten.<\/p>\n<p style=\"text-align: center;\">Ohne S\u00fc\u00dfstoffe, Konservierungsmittel und k\u00fcnstliche Farbstoffe.<\/p>\n<p>[\/vc_column_text][\/vc_column][vc_column width=&#8220;1\/6&#8243;][\/vc_column][\/vc_row][vc_row css_animation=&#8220;&#8220; row_type=&#8220;row&#8220; use_row_as_full_screen_section=&#8220;no&#8220; type=&#8220;full_width&#8220; angled_section=&#8220;no&#8220; text_align=&#8220;center&#8220; background_image_as_pattern=&#8220;without_pattern&#8220; z_index=&#8220;&#8220;][vc_column parallax=&#8220;content-moving&#8220; parallax_image=&#8220;1168&#8243;][vc_row_inner row_type=&#8220;row&#8220; type=&#8220;grid&#8220; text_align=&#8220;center&#8220; css_animation=&#8220;&#8220; css=&#8220;.vc_custom_1607335018751{margin-top: 200px !important;margin-bottom: 200px !important;}&#8220;][vc_column_inner][vc_column_text]<\/p>\n<header class=\"header-title\">\n<h2 class=\"white-text\">Chinin<\/h2>\n<\/header>\n<p>[\/vc_column_text][\/vc_column_inner][\/vc_row_inner][\/vc_column][\/vc_row][vc_row css_animation=&#8220;&#8220; row_type=&#8220;row&#8220; use_row_as_full_screen_section=&#8220;no&#8220; type=&#8220;full_width&#8220; angled_section=&#8220;no&#8220; text_align=&#8220;left&#8220; background_image_as_pattern=&#8220;without_pattern&#8220; z_index=&#8220;&#8220;][vc_column][vc_row_inner row_type=&#8220;row&#8220; type=&#8220;grid&#8220; text_align=&#8220;center&#8220; css_animation=&#8220;&#8220; css=&#8220;.vc_custom_1606987214250{margin-top: 100px !important;margin-bottom: 100px !important;}&#8220;][vc_column_inner width=&#8220;1\/6&#8243;][\/vc_column_inner][vc_column_inner width=&#8220;2\/3&#8243;][vc_column_text]<\/p>\n<p style=\"text-align: center;\">Chinin wurde erstmals 1817 aus der Rinde des Chinarindenbaums (Cinchona officinalis) als Mittel gegen Malaria gewonnen und weckte aufgrund dieser und seiner generell antiseptischen Eigenschaften das Interesse eines Lik\u00f6r- und Kr\u00e4uterkundlers. \u00a0Sein charakteristischer bitterer Geschmack, der sich zun\u00e4chst als Makel herausstellte, entpuppte sich schnell als sein gro\u00dfer Vorteil, als er mit kohlens\u00e4urehaltigem Wasser vermischt zu Tonic Water wurde.<\/p>\n<p style=\"text-align: center;\">Das in den Alpex-Tonics verwendete Chinin stammt aus S\u00fcdamerika, ist von h\u00f6chster Qualit\u00e4t und so dosiert, dass es einen starken und reinen Geschmack mit einer bitteren Note pr\u00e4gt.<\/p>\n<p>[\/vc_column_text][\/vc_column_inner][vc_column_inner width=&#8220;1\/6&#8243;][\/vc_column_inner][\/vc_row_inner][\/vc_column][\/vc_row][vc_row css_animation=&#8220;&#8220; row_type=&#8220;row&#8220; use_row_as_full_screen_section=&#8220;no&#8220; type=&#8220;full_width&#8220; angled_section=&#8220;no&#8220; text_align=&#8220;center&#8220; background_image_as_pattern=&#8220;without_pattern&#8220; z_index=&#8220;&#8220;][vc_column parallax=&#8220;content-moving&#8220; parallax_image=&#8220;1240&#8243;][vc_row_inner row_type=&#8220;row&#8220; type=&#8220;full_width&#8220; text_align=&#8220;center&#8220; css_animation=&#8220;&#8220; css=&#8220;.vc_custom_1584098559038{margin-top: 200px !important;margin-bottom: 200px !important;}&#8220;][vc_column_inner][vc_column_text]<\/p>\n<header class=\"header-title\">\n<h2 class=\"white-text\"><strong>Ingwer<\/strong><\/h2>\n<\/header>\n<p>[\/vc_column_text][\/vc_column_inner][\/vc_row_inner][\/vc_column][\/vc_row][vc_row css_animation=&#8220;&#8220; row_type=&#8220;row&#8220; use_row_as_full_screen_section=&#8220;no&#8220; type=&#8220;full_width&#8220; angled_section=&#8220;no&#8220; text_align=&#8220;left&#8220; background_image_as_pattern=&#8220;without_pattern&#8220; z_index=&#8220;&#8220;][vc_column][vc_row_inner row_type=&#8220;row&#8220; type=&#8220;grid&#8220; text_align=&#8220;center&#8220; css_animation=&#8220;&#8220; css=&#8220;.vc_custom_1606987381437{margin-top: 100px !important;margin-bottom: 100px !important;}&#8220;][vc_column_inner width=&#8220;1\/6&#8243;][\/vc_column_inner][vc_column_inner width=&#8220;2\/3&#8243;][vc_column_text]<\/p>\n<p style=\"text-align: center;\">Ingwer ist eine im Fernen Osten beheimatete kr\u00e4uterartige Pflanze aus der Familie der Zingiberaceae, deren Rhizom (Erdsprossen) seit dem Altertum zum W\u00fcrzen von Speisen und Getr\u00e4nken verwendet wird. Es hat anregende, verdauungsf\u00f6rdernde, entz\u00fcndungshemmende und antioxidative Eigenschaften.<\/p>\n<p style=\"text-align: center;\">Sein eigent\u00fcmlich w\u00fcrziger Geschmack kommt perfekt in Ginger Beer und Ginger Ale Alpex zur Geltung, die die Grundlage einiger der bekanntesten Cocktails der Welt bilden.<\/p>\n<p style=\"text-align: center;\">In Ginger Beer und Ginger Ale Alpex wird Ingwer von h\u00f6chster Qualit\u00e4t dosiert und gemischt, um so die Eigenschaften des Getr\u00e4nks hervorzuheben: Frische im Ginger Beer, Sch\u00e4rfe im Ginger Ale.<\/p>\n<p>[\/vc_column_text][\/vc_column_inner][vc_column_inner width=&#8220;1\/6&#8243;][\/vc_column_inner][\/vc_row_inner][\/vc_column][\/vc_row][vc_row css_animation=&#8220;&#8220; row_type=&#8220;row&#8220; use_row_as_full_screen_section=&#8220;no&#8220; type=&#8220;full_width&#8220; angled_section=&#8220;no&#8220; text_align=&#8220;center&#8220; background_image_as_pattern=&#8220;without_pattern&#8220; z_index=&#8220;&#8220;][vc_column parallax=&#8220;content-moving&#8220; parallax_image=&#8220;1139&#8243;][vc_row_inner row_type=&#8220;row&#8220; type=&#8220;full_width&#8220; text_align=&#8220;center&#8220; css_animation=&#8220;&#8220; css=&#8220;.vc_custom_1607343967642{margin-top: 200px !important;margin-bottom: 200px !important;}&#8220;][vc_column_inner][vc_column_text]<\/p>\n<header class=\"header-title\">\n<h2 class=\"white-text\"><strong>Zitrusfr\u00fcchte<\/strong><\/h2>\n<\/header>\n<p>[\/vc_column_text][\/vc_column_inner][\/vc_row_inner][\/vc_column][\/vc_row][vc_row css_animation=&#8220;&#8220; row_type=&#8220;row&#8220; use_row_as_full_screen_section=&#8220;no&#8220; type=&#8220;full_width&#8220; angled_section=&#8220;no&#8220; text_align=&#8220;left&#8220; background_image_as_pattern=&#8220;without_pattern&#8220; z_index=&#8220;&#8220;][vc_column][vc_row_inner row_type=&#8220;row&#8220; type=&#8220;grid&#8220; text_align=&#8220;center&#8220; css_animation=&#8220;&#8220; css=&#8220;.vc_custom_1606987426179{margin-top: 100px !important;margin-bottom: 100px !important;}&#8220;][vc_column_inner width=&#8220;1\/6&#8243;][\/vc_column_inner][vc_column_inner width=&#8220;2\/3&#8243;][vc_column_text]<\/p>\n<p style=\"text-align: center;\">Heute sind Zitrusfr\u00fcchte eine typische Frucht des Mittelmeerraumes, aber schon seit Jahrhunderten geh\u00f6ren sie zum menschlichen Leben.<\/p>\n<p style=\"text-align: center;\">Reich an organischen S\u00e4uren, Mineralien, Kalzium, Kalium, Magnesium, Eisen und Vitaminen, sind sie dank ihrer Eigenschaften und ihres Aromas heute ein Muss bei der Zubereitung vieler Getr\u00e4nke.<\/p>\n<p style=\"text-align: center;\">Die in Alpex Drinks enthaltenen Zitrusextrakte werden sorgf\u00e4ltig ausgew\u00e4hlt und so dosiert, um die Frische und das Aroma jedes Getr\u00e4nks auf nat\u00fcrliche Weise zu verbessern und so das Beste bei der Zubereitung vieler Cocktails hervorzubringen.<\/p>\n<p>[\/vc_column_text][\/vc_column_inner][vc_column_inner width=&#8220;1\/6&#8243;][\/vc_column_inner][\/vc_row_inner][\/vc_column][\/vc_row][vc_row css_animation=&#8220;&#8220; row_type=&#8220;row&#8220; use_row_as_full_screen_section=&#8220;no&#8220; type=&#8220;full_width&#8220; angled_section=&#8220;no&#8220; text_align=&#8220;center&#8220; background_image_as_pattern=&#8220;without_pattern&#8220; z_index=&#8220;&#8220;][vc_column parallax=&#8220;content-moving&#8220; parallax_image=&#8220;1140&#8243;][vc_row_inner row_type=&#8220;row&#8220; type=&#8220;full_width&#8220; text_align=&#8220;center&#8220; css_animation=&#8220;&#8220; css=&#8220;.vc_custom_1584098559038{margin-top: 200px !important;margin-bottom: 200px !important;}&#8220;][vc_column_inner][vc_column_text]<\/p>\n<header class=\"header-title\">\n<h2 class=\"white-text\"><strong>Rosmarin<\/strong><\/h2>\n<\/header>\n<p>[\/vc_column_text][\/vc_column_inner][\/vc_row_inner][\/vc_column][\/vc_row][vc_row css_animation=&#8220;&#8220; row_type=&#8220;row&#8220; use_row_as_full_screen_section=&#8220;no&#8220; type=&#8220;full_width&#8220; angled_section=&#8220;no&#8220; text_align=&#8220;left&#8220; background_image_as_pattern=&#8220;without_pattern&#8220; z_index=&#8220;&#8220;][vc_column][vc_row_inner row_type=&#8220;row&#8220; type=&#8220;grid&#8220; text_align=&#8220;center&#8220; css_animation=&#8220;&#8220; css=&#8220;.vc_custom_1606987467849{margin-top: 100px !important;margin-bottom: 100px !important;}&#8220;][vc_column_inner width=&#8220;1\/6&#8243;][\/vc_column_inner][vc_column_inner width=&#8220;2\/3&#8243;][vc_column_text]<\/p>\n<p style=\"text-align: center;\">Sein Name leitet sich vom lateinischen rosa e maris ab, was so viel wie &#8222;Rose des Meeres&#8220; bedeutet, da sie an den Klippen \u00fcber dem Mittelmeer spontan w\u00e4chst.<\/p>\n<p style=\"text-align: center;\">Die Balsamico-Pflanze schlechthin, die seit der Antike f\u00fcr ihre medizinischen Eigenschaften bekannt ist, r\u00fchmt sich zahlreicher Legenden und Rezepte, die sie als das gewisse Extra betrachten und ihr magische Kr\u00e4fte zuschreiben.<\/p>\n<p style=\"text-align: center;\">Ein bisschen von diesem Zauber finden Sie noch heute in Tonic Water Italian Taste mit nat\u00fcrlichem Rosmarin-Extrakt.<\/p>\n<p>[\/vc_column_text][\/vc_column_inner][vc_column_inner width=&#8220;1\/6&#8243;][\/vc_column_inner][\/vc_row_inner][\/vc_column][\/vc_row]<\/p>\n<\/div>","protected":false},"excerpt":{"rendered":"<p>[vc_row css_animation=&#8220;&#8220; row_type=&#8220;row&#8220; use_row_as_full_screen_section=&#8220;no&#8220; type=&#8220;full_width&#8220; angled_section=&#8220;no&#8220; text_align=&#8220;left&#8220; video=&#8220;show_video&#8220; background_image_as_pattern=&#8220;without_pattern&#8220; z_index=&#8220;&#8220; video_mp4=&#8220;https:\/\/alpexdrinks.com\/wp-content\/uploads\/2020\/12\/I-NOSTRI-INGREDIENTI-HEADER-LOOP.mp4&#8243; video_image=&#8220;1144&#8243;][vc_column][vc_row_inner row_type=&#8220;row&#8220; type=&#8220;grid&#8220; text_align=&#8220;center&#8220; css_animation=&#8220;&#8220; css=&#8220;.vc_custom_1606986016980{margin-top: 250px !important;margin-bottom: 250px !important;}&#8220;][vc_column_inner][vc_column_text] Unseren Zutaten [\/vc_column_text][\/vc_column_inner][\/vc_row_inner][\/vc_column][\/vc_row][vc_row css_animation=&#8220;&#8220; row_type=&#8220;row&#8220; use_row_as_full_screen_section=&#8220;no&#8220; type=&#8220;full_width&#8220; angled_section=&#8220;no&#8220; text_align=&#8220;left&#8220; background_image_as_pattern=&#8220;without_pattern&#8220; css=&#8220;.vc_custom_1606985967211{border-top-width: 2px !important;border-top-color: #e8cc62 !important;border-top-style: solid !important;}&#8220; z_index=&#8220;&#8220;][vc_column][vc_empty_space][\/vc_column][\/vc_row][vc_row css_animation=&#8220;&#8220;&#8230;<\/p>\n","protected":false},"author":1,"featured_media":0,"parent":0,"menu_order":0,"comment_status":"closed","ping_status":"closed","template":"full_width.php","meta":{"footnotes":""},"class_list":["post-1670","page","type-page","status-publish","hentry"],"yoast_head":"<!-- This site is optimized with the Yoast SEO plugin v27.3 - https:\/\/yoast.com\/product\/yoast-seo-wordpress\/ -->\n<title>Unsere Zutaten - Alpex<\/title>\n<meta name=\"robots\" content=\"index, follow, max-snippet:-1, max-image-preview:large, max-video-preview:-1\" \/>\n<link rel=\"canonical\" href=\"https:\/\/alpexdrinks.com\/de\/unsere-zutaten\/\" \/>\n<meta property=\"og:locale\" content=\"de_DE\" \/>\n<meta property=\"og:type\" content=\"article\" \/>\n<meta property=\"og:title\" content=\"Unsere Zutaten - Alpex\" \/>\n<meta property=\"og:description\" content=\"[vc_row css_animation=&#8220;&#8220; row_type=&#8220;row&#8220; use_row_as_full_screen_section=&#8220;no&#8220; type=&#8220;full_width&#8220; angled_section=&#8220;no&#8220; text_align=&#8220;left&#8220; video=&#8220;show_video&#8220; background_image_as_pattern=&#8220;without_pattern&#8220; z_index=&#8220;&#8220; video_mp4=&#8220;https:\/\/alpexdrinks.com\/wp-content\/uploads\/2020\/12\/I-NOSTRI-INGREDIENTI-HEADER-LOOP.mp4&#8243; video_image=&#8220;1144&#8243;][vc_column][vc_row_inner row_type=&#8220;row&#8220; type=&#8220;grid&#8220; text_align=&#8220;center&#8220; css_animation=&#8220;&#8220; css=&#8220;.vc_custom_1606986016980{margin-top: 250px !important;margin-bottom: 250px !important;}&#8220;][vc_column_inner][vc_column_text] Unseren Zutaten [\/vc_column_text][\/vc_column_inner][\/vc_row_inner][\/vc_column][\/vc_row][vc_row css_animation=&#8220;&#8220; row_type=&#8220;row&#8220; use_row_as_full_screen_section=&#8220;no&#8220; type=&#8220;full_width&#8220; angled_section=&#8220;no&#8220; text_align=&#8220;left&#8220; background_image_as_pattern=&#8220;without_pattern&#8220; css=&#8220;.vc_custom_1606985967211{border-top-width: 2px !important;border-top-color: #e8cc62 !important;border-top-style: solid !important;}&#8220; z_index=&#8220;&#8220;][vc_column][vc_empty_space][\/vc_column][\/vc_row][vc_row css_animation=&#8220;&#8220;...\" \/>\n<meta property=\"og:url\" content=\"https:\/\/alpexdrinks.com\/de\/unsere-zutaten\/\" \/>\n<meta property=\"og:site_name\" content=\"Alpex\" \/>\n<meta property=\"article:modified_time\" content=\"2021-02-22T09:08:06+00:00\" \/>\n<meta name=\"twitter:card\" content=\"summary_large_image\" \/>\n<meta name=\"twitter:label1\" content=\"Gesch\u00e4tzte Lesezeit\" \/>\n\t<meta name=\"twitter:data1\" content=\"7\u00a0Minuten\" \/>\n<script type=\"application\/ld+json\" class=\"yoast-schema-graph\">{\"@context\":\"https:\\\/\\\/schema.org\",\"@graph\":[{\"@type\":\"WebPage\",\"@id\":\"https:\\\/\\\/alpexdrinks.com\\\/de\\\/unsere-zutaten\\\/\",\"url\":\"https:\\\/\\\/alpexdrinks.com\\\/de\\\/unsere-zutaten\\\/\",\"name\":\"Unsere Zutaten - Alpex\",\"isPartOf\":{\"@id\":\"https:\\\/\\\/alpexdrinks.com\\\/de\\\/#website\"},\"datePublished\":\"2020-02-25T10:42:05+00:00\",\"dateModified\":\"2021-02-22T09:08:06+00:00\",\"breadcrumb\":{\"@id\":\"https:\\\/\\\/alpexdrinks.com\\\/de\\\/unsere-zutaten\\\/#breadcrumb\"},\"inLanguage\":\"de\",\"potentialAction\":[{\"@type\":\"ReadAction\",\"target\":[\"https:\\\/\\\/alpexdrinks.com\\\/de\\\/unsere-zutaten\\\/\"]}]},{\"@type\":\"BreadcrumbList\",\"@id\":\"https:\\\/\\\/alpexdrinks.com\\\/de\\\/unsere-zutaten\\\/#breadcrumb\",\"itemListElement\":[{\"@type\":\"ListItem\",\"position\":1,\"name\":\"Home\",\"item\":\"https:\\\/\\\/alpexdrinks.com\\\/de\\\/\"},{\"@type\":\"ListItem\",\"position\":2,\"name\":\"Unsere Zutaten\"}]},{\"@type\":\"WebSite\",\"@id\":\"https:\\\/\\\/alpexdrinks.com\\\/de\\\/#website\",\"url\":\"https:\\\/\\\/alpexdrinks.com\\\/de\\\/\",\"name\":\"Alpex\",\"description\":\"Supreme Tonic Water\",\"potentialAction\":[{\"@type\":\"SearchAction\",\"target\":{\"@type\":\"EntryPoint\",\"urlTemplate\":\"https:\\\/\\\/alpexdrinks.com\\\/de\\\/?s={search_term_string}\"},\"query-input\":{\"@type\":\"PropertyValueSpecification\",\"valueRequired\":true,\"valueName\":\"search_term_string\"}}],\"inLanguage\":\"de\"}]}<\/script>\n<!-- \/ Yoast SEO plugin. -->","yoast_head_json":{"title":"Unsere Zutaten - Alpex","robots":{"index":"index","follow":"follow","max-snippet":"max-snippet:-1","max-image-preview":"max-image-preview:large","max-video-preview":"max-video-preview:-1"},"canonical":"https:\/\/alpexdrinks.com\/de\/unsere-zutaten\/","og_locale":"de_DE","og_type":"article","og_title":"Unsere Zutaten - Alpex","og_description":"[vc_row css_animation=&#8220;&#8220; row_type=&#8220;row&#8220; use_row_as_full_screen_section=&#8220;no&#8220; type=&#8220;full_width&#8220; angled_section=&#8220;no&#8220; text_align=&#8220;left&#8220; video=&#8220;show_video&#8220; background_image_as_pattern=&#8220;without_pattern&#8220; z_index=&#8220;&#8220; video_mp4=&#8220;https:\/\/alpexdrinks.com\/wp-content\/uploads\/2020\/12\/I-NOSTRI-INGREDIENTI-HEADER-LOOP.mp4&#8243; video_image=&#8220;1144&#8243;][vc_column][vc_row_inner row_type=&#8220;row&#8220; type=&#8220;grid&#8220; text_align=&#8220;center&#8220; css_animation=&#8220;&#8220; css=&#8220;.vc_custom_1606986016980{margin-top: 250px !important;margin-bottom: 250px !important;}&#8220;][vc_column_inner][vc_column_text] Unseren Zutaten [\/vc_column_text][\/vc_column_inner][\/vc_row_inner][\/vc_column][\/vc_row][vc_row css_animation=&#8220;&#8220; row_type=&#8220;row&#8220; use_row_as_full_screen_section=&#8220;no&#8220; type=&#8220;full_width&#8220; angled_section=&#8220;no&#8220; text_align=&#8220;left&#8220; background_image_as_pattern=&#8220;without_pattern&#8220; css=&#8220;.vc_custom_1606985967211{border-top-width: 2px !important;border-top-color: #e8cc62 !important;border-top-style: solid !important;}&#8220; z_index=&#8220;&#8220;][vc_column][vc_empty_space][\/vc_column][\/vc_row][vc_row css_animation=&#8220;&#8220;...","og_url":"https:\/\/alpexdrinks.com\/de\/unsere-zutaten\/","og_site_name":"Alpex","article_modified_time":"2021-02-22T09:08:06+00:00","twitter_card":"summary_large_image","twitter_misc":{"Gesch\u00e4tzte Lesezeit":"7\u00a0Minuten"},"schema":{"@context":"https:\/\/schema.org","@graph":[{"@type":"WebPage","@id":"https:\/\/alpexdrinks.com\/de\/unsere-zutaten\/","url":"https:\/\/alpexdrinks.com\/de\/unsere-zutaten\/","name":"Unsere Zutaten - Alpex","isPartOf":{"@id":"https:\/\/alpexdrinks.com\/de\/#website"},"datePublished":"2020-02-25T10:42:05+00:00","dateModified":"2021-02-22T09:08:06+00:00","breadcrumb":{"@id":"https:\/\/alpexdrinks.com\/de\/unsere-zutaten\/#breadcrumb"},"inLanguage":"de","potentialAction":[{"@type":"ReadAction","target":["https:\/\/alpexdrinks.com\/de\/unsere-zutaten\/"]}]},{"@type":"BreadcrumbList","@id":"https:\/\/alpexdrinks.com\/de\/unsere-zutaten\/#breadcrumb","itemListElement":[{"@type":"ListItem","position":1,"name":"Home","item":"https:\/\/alpexdrinks.com\/de\/"},{"@type":"ListItem","position":2,"name":"Unsere Zutaten"}]},{"@type":"WebSite","@id":"https:\/\/alpexdrinks.com\/de\/#website","url":"https:\/\/alpexdrinks.com\/de\/","name":"Alpex","description":"Supreme Tonic Water","potentialAction":[{"@type":"SearchAction","target":{"@type":"EntryPoint","urlTemplate":"https:\/\/alpexdrinks.com\/de\/?s={search_term_string}"},"query-input":{"@type":"PropertyValueSpecification","valueRequired":true,"valueName":"search_term_string"}}],"inLanguage":"de"}]}},"_hostinger_reach_plugin_has_subscription_block":false,"_hostinger_reach_plugin_is_elementor":false,"_links":{"self":[{"href":"https:\/\/alpexdrinks.com\/de\/wp-json\/wp\/v2\/pages\/1670","targetHints":{"allow":["GET"]}}],"collection":[{"href":"https:\/\/alpexdrinks.com\/de\/wp-json\/wp\/v2\/pages"}],"about":[{"href":"https:\/\/alpexdrinks.com\/de\/wp-json\/wp\/v2\/types\/page"}],"author":[{"embeddable":true,"href":"https:\/\/alpexdrinks.com\/de\/wp-json\/wp\/v2\/users\/1"}],"replies":[{"embeddable":true,"href":"https:\/\/alpexdrinks.com\/de\/wp-json\/wp\/v2\/comments?post=1670"}],"version-history":[{"count":2,"href":"https:\/\/alpexdrinks.com\/de\/wp-json\/wp\/v2\/pages\/1670\/revisions"}],"predecessor-version":[{"id":1701,"href":"https:\/\/alpexdrinks.com\/de\/wp-json\/wp\/v2\/pages\/1670\/revisions\/1701"}],"wp:attachment":[{"href":"https:\/\/alpexdrinks.com\/de\/wp-json\/wp\/v2\/media?parent=1670"}],"curies":[{"name":"wp","href":"https:\/\/api.w.org\/{rel}","templated":true}]}}