{"id":1675,"date":"2020-02-25T11:41:08","date_gmt":"2020-02-25T10:41:08","guid":{"rendered":"https:\/\/www.alpexdrinks.com\/?page_id=1675"},"modified":"2025-10-30T13:04:46","modified_gmt":"2025-10-30T12:04:46","slug":"unsere-produkte","status":"publish","type":"page","link":"https:\/\/alpexdrinks.com\/de\/unsere-produkte\/","title":{"rendered":"Unsere Produkte"},"content":{"rendered":"<div class=\"wpb-content-wrapper\"><p>[vc_row css_animation=&#8220;&#8220; row_type=&#8220;row&#8220; use_row_as_full_screen_section=&#8220;no&#8220; type=&#8220;full_width&#8220; angled_section=&#8220;no&#8220; text_align=&#8220;center&#8220; video=&#8220;show_video&#8220; background_image_as_pattern=&#8220;without_pattern&#8220; css=&#8220;.vc_custom_1610619381786{margin-bottom: 40px !important;}&#8220; z_index=&#8220;&#8220; video_mp4=&#8220;https:\/\/alpexdrinks.com\/wp-content\/uploads\/2020\/11\/HEADER-I-NOSTRI-PRODOTTI.mp4&#8243; el_class=&#8220;header-transparent&#8220; video_image=&#8220;1146&#8243;][vc_column][vc_row_inner row_type=&#8220;row&#8220; type=&#8220;grid&#8220; text_align=&#8220;center&#8220; css_animation=&#8220;&#8220; css=&#8220;.vc_custom_1606913062744{margin-top: 250px !important;margin-bottom: 250px !important;}&#8220;][vc_column_inner][vc_column_text]<\/p>\n<header class=\"header-title\">\n<h2 class=\"white-text\">A new drink experience<\/h2>\n<\/header>\n<p>[\/vc_column_text][\/vc_column_inner][\/vc_row_inner][\/vc_column][\/vc_row][vc_row css_animation=&#8220;&#8220; row_type=&#8220;row&#8220; use_row_as_full_screen_section=&#8220;no&#8220; type=&#8220;grid&#8220; angled_section=&#8220;no&#8220; text_align=&#8220;center&#8220; background_image_as_pattern=&#8220;without_pattern&#8220; z_index=&#8220;&#8220; css=&#8220;.vc_custom_1585832397303{padding-top: 40px !important;}&#8220;][vc_column width=&#8220;1\/4&#8243;][\/vc_column][vc_column width=&#8220;1\/2&#8243;][vc_column_text css=&#8220;.vc_custom_1613736893545{margin-bottom: 40px !important;}&#8220;]Eine Bandbreite an vielseitigen und designstarken Produkten, die von Plose unter Beachtung bestehender Traditionen neu interpretiert werden.<\/p>\n<p>Die Auswahl der Zutaten erfolgt mit gr\u00f6\u00dfter Sorgfalt. So entstehen Getr\u00e4nke,<\/p>\n<p>die wenig Zucker enthalten, reich an nat\u00fcrlichen Aromen sind und von Branchenkennern gesch\u00e4tzt werden.<\/p>\n<p>Zubereitet nur mit erlesenen nat\u00fcrlichen Zutaten, ohne Farb- und Konservierungs- oder S\u00fc\u00dfstoffe.[\/vc_column_text][\/vc_column][vc_column width=&#8220;1\/4&#8243;][\/vc_column][\/vc_row][vc_row css_animation=&#8220;&#8220; row_type=&#8220;row&#8220; use_row_as_full_screen_section=&#8220;no&#8220; type=&#8220;grid&#8220; angled_section=&#8220;no&#8220; text_align=&#8220;center&#8220; background_image_as_pattern=&#8220;without_pattern&#8220; z_index=&#8220;&#8220; css=&#8220;.vc_custom_1585835577770{margin-bottom: 40px !important;}&#8220;][vc_column width=&#8220;1\/2&#8243;][vc_column_text css=&#8220;.vc_custom_1582893177505{margin-bottom: 40px !important;}&#8220;]<\/p>\n<div class=\"alpex-product-item\">\n<h2>Tonic water<\/h2>\n<h3 class=\"gold-text\">Indian dry<\/h3>\n<\/div>\n<p>[\/vc_column_text][vc_single_image image=&#8220;964&#8243; img_size=&#8220;full&#8220; alignment=&#8220;center&#8220; onclick=&#8220;custom_link&#8220; qode_css_animation=&#8220;&#8220; link=&#8220;indian-dry-tonic-water\/&#8220; el_class=&#8220;product-indian-dry&#8220;][vc_column_text css=&#8220;.vc_custom_1645698982689{margin-top: -100px !important;}&#8220;]mit dem Extrakt der Chinarinde aus S\u00fcdamerika[\/vc_column_text][\/vc_column][vc_column width=&#8220;1\/2&#8243;][vc_column_text css=&#8220;.vc_custom_1582899681747{margin-bottom: 40px !important;}&#8220;]<\/p>\n<div class=\"alpex-product-item\">\n<h2>Tonic water<\/h2>\n<h3 class=\"sky-blue-text\">Italian taste<\/h3>\n<\/div>\n<p>[\/vc_column_text][vc_single_image image=&#8220;965&#8243; img_size=&#8220;full&#8220; alignment=&#8220;center&#8220; onclick=&#8220;custom_link&#8220; qode_css_animation=&#8220;&#8220; link=&#8220;italian-taste-tonic-water\/&#8220; el_class=&#8220;product-italian-taste&#8220;][vc_column_text css=&#8220;.vc_custom_1645698988843{margin-top: -100px !important;}&#8220;]mit nat\u00fcrlichen Extrakten aus Rosmarin und Zitrusnoten[\/vc_column_text][\/vc_column][\/vc_row][vc_row css_animation=&#8220;&#8220; row_type=&#8220;row&#8220; use_row_as_full_screen_section=&#8220;no&#8220; type=&#8220;grid&#8220; angled_section=&#8220;no&#8220; text_align=&#8220;center&#8220; background_image_as_pattern=&#8220;without_pattern&#8220; z_index=&#8220;&#8220; css=&#8220;.vc_custom_1585835624657{margin-bottom: 40px !important;}&#8220;][vc_column width=&#8220;1\/2&#8243;][vc_column_text css=&#8220;.vc_custom_1582900112544{margin-bottom: 40px !important;}&#8220;]<\/p>\n<div class=\"alpex-product-item\">\n<h2>Ginger beer<\/h2>\n<h3 class=\"green-text\">Selected natural<\/h3>\n<\/div>\n<p>[\/vc_column_text][vc_single_image image=&#8220;963&#8243; img_size=&#8220;full&#8220; alignment=&#8220;center&#8220; onclick=&#8220;custom_link&#8220; qode_css_animation=&#8220;&#8220; link=&#8220;ginger-beer\/&#8220; el_class=&#8220;product-selected-natural&#8220;][vc_column_text css=&#8220;.vc_custom_1645698999194{margin-top: -100px !important;}&#8220;]mit erlesener, nat\u00fcrlicher afrikanischer Ingwerwurzel[\/vc_column_text][\/vc_column][vc_column width=&#8220;1\/2&#8243;][vc_column_text css=&#8220;.vc_custom_1748010792227{margin-bottom: 40px !important;}&#8220;]<\/p>\n<div class=\"alpex-product-item\">\n<h2><b>Pink Grapefruit<\/b><\/h2>\n<h3 class=\"grape-text\">Original Flavour<\/h3>\n<\/div>\n<p>[\/vc_column_text][vc_single_image image=&#8220;2859&#8243; img_size=&#8220;full&#8220; alignment=&#8220;center&#8220; onclick=&#8220;custom_link&#8220; qode_css_animation=&#8220;&#8220; link=&#8220;pink-grapefruit\/&#8220; el_class=&#8220;product-pink-grapefruit&#8220;][vc_column_text css=&#8220;.vc_custom_1748007288597{margin-top: -100px !important;}&#8220;]<\/p>\n<p>Mit rosa Grapefruitsaft<\/p>\n<p>[\/vc_column_text][\/vc_column][\/vc_row][vc_row css_animation=&#8220;&#8220; row_type=&#8220;row&#8220; use_row_as_full_screen_section=&#8220;no&#8220; type=&#8220;grid&#8220; angled_section=&#8220;no&#8220; text_align=&#8220;center&#8220; background_image_as_pattern=&#8220;without_pattern&#8220; z_index=&#8220;&#8220; css=&#8220;.vc_custom_1585835624657{margin-bottom: 40px !important;}&#8220;][vc_column width=&#8220;1\/2&#8243;][vc_column_text css=&#8220;.vc_custom_1582899707389{margin-bottom: 40px !important;}&#8220;]<\/p>\n<div class=\"alpex-product-item\">\n<h2>Ginger ale<\/h2>\n<h3 class=\"gold-text\">Premium natural<\/h3>\n<\/div>\n<p>[\/vc_column_text][vc_single_image image=&#8220;962&#8243; img_size=&#8220;full&#8220; alignment=&#8220;center&#8220; onclick=&#8220;custom_link&#8220; qode_css_animation=&#8220;&#8220; link=&#8220;ginger-ale\/&#8220; el_class=&#8220;product-premium-natural&#8220;][vc_column_text css=&#8220;.vc_custom_1645699004638{margin-top: -100px !important;}&#8220;]mit w\u00fcrziger, zitrusfrischer Note, best\u00e4ndig im Geschmack[\/vc_column_text][\/vc_column][vc_column width=&#8220;1\/2&#8243;][vc_column_text css=&#8220;.vc_custom_1582900814457{margin-bottom: 40px !important;}&#8220;]<\/p>\n<div class=\"alpex-product-item\">\n<h2>Bitter lemon<\/h2>\n<h3 class=\"yellow-text\">Premium taste<\/h3>\n<\/div>\n<p>[\/vc_column_text][vc_single_image image=&#8220;961&#8243; img_size=&#8220;full&#8220; alignment=&#8220;center&#8220; onclick=&#8220;custom_link&#8220; qode_css_animation=&#8220;&#8220; link=&#8220;bitter-lemon\/&#8220; el_class=&#8220;product-premium-taste&#8220;][vc_column_text css=&#8220;.vc_custom_1645699011052{margin-top: -100px !important;}&#8220;]mit nat\u00fcrlichem Zitronensaft[\/vc_column_text][\/vc_column][\/vc_row][vc_row css_animation=&#8220;&#8220; row_type=&#8220;row&#8220; use_row_as_full_screen_section=&#8220;no&#8220; type=&#8220;grid&#8220; angled_section=&#8220;no&#8220; text_align=&#8220;center&#8220; background_image_as_pattern=&#8220;without_pattern&#8220; z_index=&#8220;&#8220; css=&#8220;.vc_custom_1585835632497{margin-bottom: 40px !important;}&#8220;][vc_column width=&#8220;1\/2&#8243;][vc_column_text css=&#8220;.vc_custom_1582899418991{margin-bottom: 40px !important;}&#8220;]<\/p>\n<div class=\"alpex-product-item\">\n<h2>Soda water<\/h2>\n<h3 class=\"purple-text\">Premium classic<\/h3>\n<\/div>\n<p>[\/vc_column_text][vc_single_image image=&#8220;2626&#8243; img_size=&#8220;full&#8220; alignment=&#8220;center&#8220; onclick=&#8220;custom_link&#8220; css=&#8220;&#8220; qode_css_animation=&#8220;&#8220; link=&#8220;premium-classic-soda-water\/&#8220; el_class=&#8220;product-premium-classic&#8220;][vc_column_text css=&#8220;.vc_custom_1645699016452{margin-top: -100px !important;}&#8220;]mit anhaltender Perlage, ausgewogen im Geschmack[\/vc_column_text][\/vc_column][vc_column width=&#8220;1\/2&#8243;][vc_column_text css=&#8220;.vc_custom_1761825490946{margin-bottom: 40px !important;}&#8220;]<\/p>\n<div class=\"alpex-product-item\">\n<h2>Spritz<\/h2>\n<h3 class=\"orange-text\">Alkoholfreier Aperitiv<\/h3>\n<\/div>\n<p>[\/vc_column_text][vc_single_image image=&#8220;2346&#8243; img_size=&#8220;full&#8220; alignment=&#8220;center&#8220; onclick=&#8220;custom_link&#8220; css=&#8220;&#8220; qode_css_animation=&#8220;&#8220; link=&#8220;spritz-alkoholfreier-aperitiv\/&#8220; el_class=&#8220;product-spritz&#8220;][vc_column_text css=&#8220;.vc_custom_1645699021648{margin-top: -100px !important;}&#8220;]Gek\u00fchlt genie\u00dfen, mit Eis und einer Orangenscheibe.[\/vc_column_text][\/vc_column][\/vc_row][vc_row css_animation=&#8220;&#8220; row_type=&#8220;row&#8220; use_row_as_full_screen_section=&#8220;no&#8220; type=&#8220;grid&#8220; angled_section=&#8220;no&#8220; text_align=&#8220;center&#8220; background_image_as_pattern=&#8220;without_pattern&#8220; z_index=&#8220;&#8220; css=&#8220;.vc_custom_1585835632497{margin-bottom: 40px !important;}&#8220;][vc_column width=&#8220;1\/2&#8243;][vc_column_text css=&#8220;.vc_custom_1761825479019{margin-bottom: 40px !important;}&#8220;]<\/p>\n<div class=\"alpex-product-item\">\n<h2>Hugo<\/h2>\n<h3 class=\"lavender-text\">Alkoholfreier Aperitif<\/h3>\n<\/div>\n<p>[\/vc_column_text][vc_single_image image=&#8220;2583&#8243; img_size=&#8220;full&#8220; alignment=&#8220;center&#8220; onclick=&#8220;custom_link&#8220; css=&#8220;&#8220; qode_css_animation=&#8220;&#8220; link=&#8220;alpex-hugo-alkoholfreier-aperitiv\/&#8220; el_class=&#8220;product-hugo&#8220;][vc_column_text css=&#8220;.vc_custom_1689607939473{margin-top: -100px !important;}&#8220;]<\/p>\n<p>Mit Eisw\u00fcrfeln und Minze genie\u00dfen<\/p>\n<p>[\/vc_column_text][\/vc_column][vc_column width=&#8220;1\/2&#8243;][vc_column_text css=&#8220;.vc_custom_1761825469334{margin-bottom: 40px !important;}&#8220;]<\/p>\n<div class=\"alpex-product-item\">\n<h2>Paloma<\/h2>\n<h3 class=\"paloma-text\">Alkoholfreier Aperitif<\/h3>\n<\/div>\n<p>[\/vc_column_text][vc_single_image image=&#8220;2862&#8243; img_size=&#8220;full&#8220; alignment=&#8220;center&#8220; onclick=&#8220;custom_link&#8220; css=&#8220;&#8220; qode_css_animation=&#8220;&#8220; link=&#8220;alpex-paloma\/&#8220; el_class=&#8220;product-alpex-paloma&#8220;][vc_column_text css=&#8220;.vc_custom_1748007916306{margin-top: -100px !important;}&#8220;]<\/p>\n<p><span style=\"font-weight: 400;\">Auf Eis serviert, garniert mit einer Scheibe Limette oder rosa Grapefruit<\/span><\/p>\n<p>[\/vc_column_text][\/vc_column][\/vc_row][vc_row css_animation=&#8220;&#8220; row_type=&#8220;row&#8220; use_row_as_full_screen_section=&#8220;no&#8220; type=&#8220;grid&#8220; angled_section=&#8220;no&#8220; text_align=&#8220;center&#8220; background_image_as_pattern=&#8220;without_pattern&#8220; z_index=&#8220;&#8220; css=&#8220;.vc_custom_1585835632497{margin-bottom: 40px !important;}&#8220;][vc_column width=&#8220;1\/2&#8243;][vc_column_text css=&#8220;.vc_custom_1761825153528{margin-bottom: 40px !important;}&#8220;]<\/p>\n<div class=\"alpex-product-item\">\n<h2>G &amp; T<\/h2>\n<h3 class=\"blue-text\">Alkoholfreier Aperitif<\/h3>\n<\/div>\n<p>[\/vc_column_text][vc_single_image image=&#8220;2587&#8243; img_size=&#8220;full&#8220; alignment=&#8220;center&#8220; onclick=&#8220;custom_link&#8220; css=&#8220;&#8220; qode_css_animation=&#8220;&#8220; link=&#8220;g-and-t-alkoholfreier-aperitiv\/&#8220; el_class=&#8220;product-gt&#8220;][vc_column_text css=&#8220;.vc_custom_1689608148092{margin-top: -100px !important;}&#8220;]<\/p>\n<p>Mit Eisw\u00fcrfeln und Zitronenscheibe genie\u00dfen<\/p>\n<p>[\/vc_column_text][\/vc_column][\/vc_row][vc_row css_animation=&#8220;&#8220; row_type=&#8220;row&#8220; use_row_as_full_screen_section=&#8220;no&#8220; type=&#8220;grid&#8220; angled_section=&#8220;no&#8220; text_align=&#8220;center&#8220; background_image_as_pattern=&#8220;without_pattern&#8220; z_index=&#8220;&#8220; css=&#8220;.vc_custom_1585835632497{margin-bottom: 40px !important;}&#8220;][vc_column width=&#8220;1\/2&#8243;][vc_column_text css=&#8220;.vc_custom_1682698437188{margin-bottom: 40px !important;}&#8220;]<\/p>\n<div class=\"alpex-product-item\">\n<h2>Alpex Cola<\/h2>\n<h3 class=\"red-text\">Zero<\/h3>\n<\/div>\n<p>[\/vc_column_text][vc_single_image image=&#8220;2497&#8243; img_size=&#8220;full&#8220; alignment=&#8220;center&#8220; onclick=&#8220;custom_link&#8220; qode_css_animation=&#8220;&#8220; link=&#8220;alpex-cola-zero\/&#8220; el_class=&#8220;product-cola&#8220;][vc_column_text css=&#8220;.vc_custom_1689608211152{margin-top: -100px !important;}&#8220;]<\/p>\n<p>Die italienische Cola mit Quellwasser aus den Dolomiten<\/p>\n<p>[\/vc_column_text][\/vc_column][vc_column width=&#8220;1\/2&#8243;][vc_column_text css=&#8220;.vc_custom_1689608172130{margin-bottom: 40px !important;}&#8220;]<\/p>\n<div class=\"alpex-product-item\">\n<h2>Alpex Cola<\/h2>\n<h3 class=\"red-text\">Classic<\/h3>\n<\/div>\n<p>[\/vc_column_text][vc_single_image image=&#8220;2500&#8243; img_size=&#8220;full&#8220; alignment=&#8220;center&#8220; onclick=&#8220;custom_link&#8220; qode_css_animation=&#8220;&#8220; link=&#8220;alpex-cola-classica\/&#8220; el_class=&#8220;product-cola&#8220;][vc_column_text css=&#8220;.vc_custom_1689608184793{margin-top: -100px !important;}&#8220;]<\/p>\n<p>Die italienische Cola mit Quellwasser aus den Dolomiten<\/p>\n<p>[\/vc_column_text][\/vc_column][\/vc_row]<\/p>\n<\/div>","protected":false},"excerpt":{"rendered":"<p>[vc_row css_animation=&#8220;&#8220; row_type=&#8220;row&#8220; use_row_as_full_screen_section=&#8220;no&#8220; type=&#8220;full_width&#8220; angled_section=&#8220;no&#8220; text_align=&#8220;center&#8220; video=&#8220;show_video&#8220; background_image_as_pattern=&#8220;without_pattern&#8220; css=&#8220;.vc_custom_1610619381786{margin-bottom: 40px !important;}&#8220; z_index=&#8220;&#8220; video_mp4=&#8220;https:\/\/alpexdrinks.com\/wp-content\/uploads\/2020\/11\/HEADER-I-NOSTRI-PRODOTTI.mp4&#8243; el_class=&#8220;header-transparent&#8220; video_image=&#8220;1146&#8243;][vc_column][vc_row_inner row_type=&#8220;row&#8220; type=&#8220;grid&#8220; text_align=&#8220;center&#8220; css_animation=&#8220;&#8220; css=&#8220;.vc_custom_1606913062744{margin-top: 250px !important;margin-bottom: 250px !important;}&#8220;][vc_column_inner][vc_column_text] A new drink experience [\/vc_column_text][\/vc_column_inner][\/vc_row_inner][\/vc_column][\/vc_row][vc_row css_animation=&#8220;&#8220; row_type=&#8220;row&#8220; use_row_as_full_screen_section=&#8220;no&#8220; type=&#8220;grid&#8220; angled_section=&#8220;no&#8220; text_align=&#8220;center&#8220; background_image_as_pattern=&#8220;without_pattern&#8220; z_index=&#8220;&#8220; css=&#8220;.vc_custom_1585832397303{padding-top: 40px&#8230;<\/p>\n","protected":false},"author":1,"featured_media":0,"parent":0,"menu_order":0,"comment_status":"closed","ping_status":"closed","template":"full_width.php","meta":{"footnotes":""},"class_list":["post-1675","page","type-page","status-publish","hentry"],"yoast_head":"<!-- This site is optimized with the Yoast SEO plugin v27.3 - https:\/\/yoast.com\/product\/yoast-seo-wordpress\/ -->\n<title>Unsere Produkte - Alpex<\/title>\n<meta name=\"robots\" content=\"index, follow, max-snippet:-1, max-image-preview:large, max-video-preview:-1\" \/>\n<link rel=\"canonical\" href=\"https:\/\/alpexdrinks.com\/de\/unsere-produkte\/\" \/>\n<meta property=\"og:locale\" content=\"de_DE\" \/>\n<meta property=\"og:type\" content=\"article\" \/>\n<meta property=\"og:title\" content=\"Unsere Produkte - Alpex\" \/>\n<meta property=\"og:description\" content=\"[vc_row css_animation=&#8220;&#8220; row_type=&#8220;row&#8220; use_row_as_full_screen_section=&#8220;no&#8220; type=&#8220;full_width&#8220; angled_section=&#8220;no&#8220; text_align=&#8220;center&#8220; video=&#8220;show_video&#8220; background_image_as_pattern=&#8220;without_pattern&#8220; css=&#8220;.vc_custom_1610619381786{margin-bottom: 40px !important;}&#8220; z_index=&#8220;&#8220; video_mp4=&#8220;https:\/\/alpexdrinks.com\/wp-content\/uploads\/2020\/11\/HEADER-I-NOSTRI-PRODOTTI.mp4&#8243; el_class=&#8220;header-transparent&#8220; video_image=&#8220;1146&#8243;][vc_column][vc_row_inner row_type=&#8220;row&#8220; type=&#8220;grid&#8220; text_align=&#8220;center&#8220; css_animation=&#8220;&#8220; css=&#8220;.vc_custom_1606913062744{margin-top: 250px !important;margin-bottom: 250px !important;}&#8220;][vc_column_inner][vc_column_text] A new drink experience [\/vc_column_text][\/vc_column_inner][\/vc_row_inner][\/vc_column][\/vc_row][vc_row css_animation=&#8220;&#8220; row_type=&#8220;row&#8220; use_row_as_full_screen_section=&#8220;no&#8220; type=&#8220;grid&#8220; angled_section=&#8220;no&#8220; text_align=&#8220;center&#8220; background_image_as_pattern=&#8220;without_pattern&#8220; z_index=&#8220;&#8220; css=&#8220;.vc_custom_1585832397303{padding-top: 40px...\" \/>\n<meta property=\"og:url\" content=\"https:\/\/alpexdrinks.com\/de\/unsere-produkte\/\" \/>\n<meta property=\"og:site_name\" content=\"Alpex\" \/>\n<meta property=\"article:modified_time\" content=\"2025-10-30T12:04:46+00:00\" \/>\n<meta name=\"twitter:card\" content=\"summary_large_image\" \/>\n<meta name=\"twitter:label1\" content=\"Gesch\u00e4tzte Lesezeit\" \/>\n\t<meta name=\"twitter:data1\" content=\"6\u00a0Minuten\" \/>\n<script type=\"application\/ld+json\" class=\"yoast-schema-graph\">{\"@context\":\"https:\\\/\\\/schema.org\",\"@graph\":[{\"@type\":\"WebPage\",\"@id\":\"https:\\\/\\\/alpexdrinks.com\\\/de\\\/unsere-produkte\\\/\",\"url\":\"https:\\\/\\\/alpexdrinks.com\\\/de\\\/unsere-produkte\\\/\",\"name\":\"Unsere Produkte - Alpex\",\"isPartOf\":{\"@id\":\"https:\\\/\\\/alpexdrinks.com\\\/de\\\/#website\"},\"datePublished\":\"2020-02-25T10:41:08+00:00\",\"dateModified\":\"2025-10-30T12:04:46+00:00\",\"breadcrumb\":{\"@id\":\"https:\\\/\\\/alpexdrinks.com\\\/de\\\/unsere-produkte\\\/#breadcrumb\"},\"inLanguage\":\"de\",\"potentialAction\":[{\"@type\":\"ReadAction\",\"target\":[\"https:\\\/\\\/alpexdrinks.com\\\/de\\\/unsere-produkte\\\/\"]}]},{\"@type\":\"BreadcrumbList\",\"@id\":\"https:\\\/\\\/alpexdrinks.com\\\/de\\\/unsere-produkte\\\/#breadcrumb\",\"itemListElement\":[{\"@type\":\"ListItem\",\"position\":1,\"name\":\"Home\",\"item\":\"https:\\\/\\\/alpexdrinks.com\\\/de\\\/\"},{\"@type\":\"ListItem\",\"position\":2,\"name\":\"Unsere Produkte\"}]},{\"@type\":\"WebSite\",\"@id\":\"https:\\\/\\\/alpexdrinks.com\\\/de\\\/#website\",\"url\":\"https:\\\/\\\/alpexdrinks.com\\\/de\\\/\",\"name\":\"Alpex\",\"description\":\"Supreme Tonic Water\",\"potentialAction\":[{\"@type\":\"SearchAction\",\"target\":{\"@type\":\"EntryPoint\",\"urlTemplate\":\"https:\\\/\\\/alpexdrinks.com\\\/de\\\/?s={search_term_string}\"},\"query-input\":{\"@type\":\"PropertyValueSpecification\",\"valueRequired\":true,\"valueName\":\"search_term_string\"}}],\"inLanguage\":\"de\"}]}<\/script>\n<!-- \/ Yoast SEO plugin. -->","yoast_head_json":{"title":"Unsere Produkte - Alpex","robots":{"index":"index","follow":"follow","max-snippet":"max-snippet:-1","max-image-preview":"max-image-preview:large","max-video-preview":"max-video-preview:-1"},"canonical":"https:\/\/alpexdrinks.com\/de\/unsere-produkte\/","og_locale":"de_DE","og_type":"article","og_title":"Unsere Produkte - Alpex","og_description":"[vc_row css_animation=&#8220;&#8220; row_type=&#8220;row&#8220; use_row_as_full_screen_section=&#8220;no&#8220; type=&#8220;full_width&#8220; angled_section=&#8220;no&#8220; text_align=&#8220;center&#8220; video=&#8220;show_video&#8220; background_image_as_pattern=&#8220;without_pattern&#8220; css=&#8220;.vc_custom_1610619381786{margin-bottom: 40px !important;}&#8220; z_index=&#8220;&#8220; video_mp4=&#8220;https:\/\/alpexdrinks.com\/wp-content\/uploads\/2020\/11\/HEADER-I-NOSTRI-PRODOTTI.mp4&#8243; el_class=&#8220;header-transparent&#8220; video_image=&#8220;1146&#8243;][vc_column][vc_row_inner row_type=&#8220;row&#8220; type=&#8220;grid&#8220; text_align=&#8220;center&#8220; css_animation=&#8220;&#8220; css=&#8220;.vc_custom_1606913062744{margin-top: 250px !important;margin-bottom: 250px !important;}&#8220;][vc_column_inner][vc_column_text] A new drink experience [\/vc_column_text][\/vc_column_inner][\/vc_row_inner][\/vc_column][\/vc_row][vc_row css_animation=&#8220;&#8220; row_type=&#8220;row&#8220; use_row_as_full_screen_section=&#8220;no&#8220; type=&#8220;grid&#8220; angled_section=&#8220;no&#8220; text_align=&#8220;center&#8220; background_image_as_pattern=&#8220;without_pattern&#8220; z_index=&#8220;&#8220; css=&#8220;.vc_custom_1585832397303{padding-top: 40px...","og_url":"https:\/\/alpexdrinks.com\/de\/unsere-produkte\/","og_site_name":"Alpex","article_modified_time":"2025-10-30T12:04:46+00:00","twitter_card":"summary_large_image","twitter_misc":{"Gesch\u00e4tzte Lesezeit":"6\u00a0Minuten"},"schema":{"@context":"https:\/\/schema.org","@graph":[{"@type":"WebPage","@id":"https:\/\/alpexdrinks.com\/de\/unsere-produkte\/","url":"https:\/\/alpexdrinks.com\/de\/unsere-produkte\/","name":"Unsere Produkte - Alpex","isPartOf":{"@id":"https:\/\/alpexdrinks.com\/de\/#website"},"datePublished":"2020-02-25T10:41:08+00:00","dateModified":"2025-10-30T12:04:46+00:00","breadcrumb":{"@id":"https:\/\/alpexdrinks.com\/de\/unsere-produkte\/#breadcrumb"},"inLanguage":"de","potentialAction":[{"@type":"ReadAction","target":["https:\/\/alpexdrinks.com\/de\/unsere-produkte\/"]}]},{"@type":"BreadcrumbList","@id":"https:\/\/alpexdrinks.com\/de\/unsere-produkte\/#breadcrumb","itemListElement":[{"@type":"ListItem","position":1,"name":"Home","item":"https:\/\/alpexdrinks.com\/de\/"},{"@type":"ListItem","position":2,"name":"Unsere Produkte"}]},{"@type":"WebSite","@id":"https:\/\/alpexdrinks.com\/de\/#website","url":"https:\/\/alpexdrinks.com\/de\/","name":"Alpex","description":"Supreme Tonic Water","potentialAction":[{"@type":"SearchAction","target":{"@type":"EntryPoint","urlTemplate":"https:\/\/alpexdrinks.com\/de\/?s={search_term_string}"},"query-input":{"@type":"PropertyValueSpecification","valueRequired":true,"valueName":"search_term_string"}}],"inLanguage":"de"}]}},"_hostinger_reach_plugin_has_subscription_block":false,"_hostinger_reach_plugin_is_elementor":false,"_links":{"self":[{"href":"https:\/\/alpexdrinks.com\/de\/wp-json\/wp\/v2\/pages\/1675","targetHints":{"allow":["GET"]}}],"collection":[{"href":"https:\/\/alpexdrinks.com\/de\/wp-json\/wp\/v2\/pages"}],"about":[{"href":"https:\/\/alpexdrinks.com\/de\/wp-json\/wp\/v2\/types\/page"}],"author":[{"embeddable":true,"href":"https:\/\/alpexdrinks.com\/de\/wp-json\/wp\/v2\/users\/1"}],"replies":[{"embeddable":true,"href":"https:\/\/alpexdrinks.com\/de\/wp-json\/wp\/v2\/comments?post=1675"}],"version-history":[{"count":24,"href":"https:\/\/alpexdrinks.com\/de\/wp-json\/wp\/v2\/pages\/1675\/revisions"}],"predecessor-version":[{"id":4571,"href":"https:\/\/alpexdrinks.com\/de\/wp-json\/wp\/v2\/pages\/1675\/revisions\/4571"}],"wp:attachment":[{"href":"https:\/\/alpexdrinks.com\/de\/wp-json\/wp\/v2\/media?parent=1675"}],"curies":[{"name":"wp","href":"https:\/\/api.w.org\/{rel}","templated":true}]}}