{"id":1697,"date":"2020-03-10T13:52:12","date_gmt":"2020-03-10T12:52:12","guid":{"rendered":"https:\/\/www.alpexdrinks.com\/?page_id=1697"},"modified":"2025-10-30T13:12:21","modified_gmt":"2025-10-30T12:12:21","slug":"premium-taste-bitter-lemon","status":"publish","type":"page","link":"https:\/\/alpexdrinks.com\/de\/unsere-produkte\/premium-taste-bitter-lemon\/","title":{"rendered":"Premium Taste Bitter Lemon"},"content":{"rendered":"<div class=\"wpb-content-wrapper\"><p>[vc_row css_animation=&#8220;&#8220; row_type=&#8220;row&#8220; use_row_as_full_screen_section=&#8220;no&#8220; type=&#8220;grid&#8220; angled_section=&#8220;no&#8220; text_align=&#8220;left&#8220; background_image_as_pattern=&#8220;without_pattern&#8220; z_index=&#8220;&#8220;][vc_column][vc_row_inner row_type=&#8220;row&#8220; type=&#8220;full_width&#8220; text_align=&#8220;left&#8220; css_animation=&#8220;&#8220; css=&#8220;.vc_custom_1583922688806{padding-top: 40px !important;}&#8220;][vc_column_inner width=&#8220;1\/2&#8243;][vc_column_text css=&#8220;.vc_custom_1613739373431{margin-top: 20px !important;margin-bottom: 20px !important;}&#8220;]<\/p>\n<div class=\"alpex-product-item\">\n<h2>Bitter lemon<\/h2>\n<h3 class=\"yellow-text\">Premium taste<\/h3>\n<\/div>\n<p class=\"p1\"><strong><span class=\"s1\">MIT NAT\u00dcRLCIHEM ZITRONENSAFT<br \/>\n<\/span><\/strong><\/p>\n<p class=\"p1\"><span class=\"s1\">Ein Bitter Lemon, das den Unterschied macht: mit erfrischenden Zitrusnoten und<br \/>\neinem anhaltenden Geschmack von Zitrone und Mandarine.<\/span><\/p>\n<p>[\/vc_column_text][\/vc_column_inner][vc_column_inner width=&#8220;1\/2&#8243;][vc_single_image image=&#8220;945&#8243; img_size=&#8220;large&#8220; alignment=&#8220;center&#8220; qode_css_animation=&#8220;element_from_right&#8220;][\/vc_column_inner][\/vc_row_inner][\/vc_column][\/vc_row][vc_row row_type=&#8220;parallax&#8220; parallax_content_width=&#8220;full_width&#8220; text_align=&#8220;left&#8220; full_screen_section_height=&#8220;no&#8220; background_image=&#8220;956&#8243; el_class=&#8220;bitter-parallax&#8220;][vc_column][vc_row_inner row_type=&#8220;row&#8220; type=&#8220;grid&#8220; text_align=&#8220;left&#8220; css_animation=&#8220;&#8220; css=&#8220;.vc_custom_1606825095953{margin-top: 200px !important;margin-bottom: 200px !important;}&#8220;][vc_column_inner width=&#8220;1\/2&#8243;][\/vc_column_inner][vc_column_inner width=&#8220;1\/2&#8243; css=&#8220;.vc_custom_1583937384337{padding-bottom: 20px !important;background-color: rgba(0,0,0,0.44) !important;*background-color: rgb(0,0,0) !important;}&#8220;][vc_column_text css=&#8220;&#8220;]<\/p>\n<h2 class=\"yellow-text\">Winning points<\/h2>\n<p class=\"p1\">&#8211; Intensive Zitrusnote<br \/>\n&#8211; Optimal in Kombination mit Kr\u00e4utern<br \/>\n&#8211; Perfekt f\u00fcr alkoholfreie Cocktails<br \/>\n&#8211; Nischenprodukt<br \/>\n&#8211; Erfrischend<br \/>\n&#8211; S\u00e4uerliche Basis f\u00fcr alkoholfreie Cocktails<\/p>\n<p>[\/vc_column_text][\/vc_column_inner][\/vc_row_inner][\/vc_column][\/vc_row][vc_row css_animation=&#8220;&#8220; row_type=&#8220;row&#8220; use_row_as_full_screen_section=&#8220;no&#8220; type=&#8220;full_width&#8220; angled_section=&#8220;no&#8220; text_align=&#8220;left&#8220; background_image_as_pattern=&#8220;without_pattern&#8220;][vc_column][vc_empty_space height=&#8220;60px&#8220;][\/vc_column][\/vc_row][vc_row css_animation=&#8220;&#8220; row_type=&#8220;row&#8220; use_row_as_full_screen_section=&#8220;no&#8220; type=&#8220;full_width&#8220; angled_section=&#8220;no&#8220; text_align=&#8220;left&#8220; background_image_as_pattern=&#8220;without_pattern&#8220; z_index=&#8220;&#8220; css=&#8220;.vc_custom_1585837256020{padding-bottom: 40px !important;}&#8220;][vc_column][vc_row_inner row_type=&#8220;row&#8220; type=&#8220;grid&#8220; text_align=&#8220;center&#8220; css_animation=&#8220;&#8220; css=&#8220;.vc_custom_1607515764275{border-top-width: 2px !important;border-bottom-width: 2px !important;}&#8220; el_class=&#8220;product-features&#8220;][vc_column_inner el_class=&#8220;mixer-container&#8220; width=&#8220;1\/2&#8243; css=&#8220;.vc_custom_1585838762398{border-top-width: 2px !important;border-bottom-width: 2px !important;padding-top: 20px !important;padding-bottom: 20px !important;border-top-color: #ffffff !important;border-top-style: solid !important;border-bottom-color: #ffffff !important;border-bottom-style: solid !important;}&#8220;][vc_column_text]<\/p>\n<h2 class=\"yellow-text\">Als Mixgetr\u00e4nk<\/h2>\n<p>Ideal f\u00fcr Signature-Cocktails, bringt er seinen Charakter in Kombination mit aromatischen Kr\u00e4utern am besten zum Ausdruck.[\/vc_column_text][\/vc_column_inner][vc_column_inner width=&#8220;1\/2&#8243; css=&#8220;.vc_custom_1583857225115{border-top-width: 2px !important;border-bottom-width: 2px !important;padding-top: 20px !important;padding-bottom: 20px !important;border-top-color: #ffffff !important;border-top-style: solid !important;border-bottom-color: #ffffff !important;border-bottom-style: solid !important;}&#8220;][vc_column_text]<\/p>\n<h2 class=\"yellow-text\">Pur<\/h2>\n<p>Am besten serviert mit Eis und einem Minz- oder Salbeiblatt.[\/vc_column_text][\/vc_column_inner][\/vc_row_inner][vc_row_inner row_type=&#8220;row&#8220; type=&#8220;grid&#8220; text_align=&#8220;center&#8220; css_animation=&#8220;&#8220; css=&#8220;.vc_custom_1585750284261{padding-top: 40px !important;padding-bottom: 40px !important;}&#8220;][vc_column_inner][vc_column_text]<\/p>\n<p class=\"p1\"><span class=\"s1\"><i> Mit nat\u00fcrlichem Zitronensaft und erlesenen nat\u00fcrlichen Aromen. Ohne Farbstoffe, Konservierungsstoffe und S\u00fc\u00dfstoffe. <\/i><\/span><\/p>\n<p>[\/vc_column_text][\/vc_column_inner][\/vc_row_inner][vc_row_inner row_type=&#8220;row&#8220; type=&#8220;grid&#8220; text_align=&#8220;center&#8220; css_animation=&#8220;&#8220; css=&#8220;.vc_custom_1583857620410{padding-top: 40px !important;padding-bottom: 40px !important;}&#8220;][vc_column_inner][vc_column_text css=&#8220;&#8220;]<\/p>\n<h2 class=\"yellow-text\">N\u00e4hrwerte pro 100 ml<\/h2>\n<p>[\/vc_column_text][\/vc_column_inner][\/vc_row_inner][vc_row_inner row_type=&#8220;row&#8220; type=&#8220;grid&#8220; text_align=&#8220;center&#8220; css_animation=&#8220;&#8220; css=&#8220;.vc_custom_1583919230434{padding-bottom: 40px !important;}&#8220;][vc_column_inner width=&#8220;1\/5&#8243;][\/vc_column_inner][vc_column_inner width=&#8220;1\/5&#8243;][vc_column_text]<\/p>\n<h4 class=\"yellow-text\">Brennwert<\/h4>\n<p>36Kcal[\/vc_column_text][\/vc_column_inner][vc_column_inner width=&#8220;1\/5&#8243;][vc_column_text]<\/p>\n<h4 class=\"yellow-text\">Kohlenhydrate<\/h4>\n<p>8.5g[\/vc_column_text][\/vc_column_inner][vc_column_inner width=&#8220;1\/5&#8243;][vc_column_text]<\/p>\n<h4 class=\"yellow-text\">Fette, Eiweiss, Salz<\/h4>\n<p>0[\/vc_column_text][\/vc_column_inner][vc_column_inner width=&#8220;1\/5&#8243;][\/vc_column_inner][\/vc_row_inner][vc_row_inner row_type=&#8220;row&#8220; type=&#8220;grid&#8220; text_align=&#8220;center&#8220; css_animation=&#8220;&#8220; css=&#8220;.vc_custom_1583858353970{padding-bottom: 40px !important;}&#8220;][vc_column_inner width=&#8220;1\/6&#8243;][\/vc_column_inner][vc_column_inner width=&#8220;2\/3&#8243;][vc_column_text css=&#8220;&#8220;]<\/p>\n<h3 class=\"yellow-text\">Zutaten<\/h3>\n<p>Wasser, Zucker, 4% Zitronensaftkonzentrat, Kohlens\u00e4ure, nat\u00fcrliche Aromen, Antioxidationsmittel: Ascorbins\u00e4ure, S\u00e4uerungsmittel: Zitronens\u00e4ure, Salz.[\/vc_column_text][\/vc_column_inner][vc_column_inner width=&#8220;1\/6&#8243;][\/vc_column_inner][\/vc_row_inner][\/vc_column][\/vc_row]<\/p>\n<\/div>","protected":false},"excerpt":{"rendered":"<p>[vc_row css_animation=&#8220;&#8220; row_type=&#8220;row&#8220; use_row_as_full_screen_section=&#8220;no&#8220; type=&#8220;grid&#8220; angled_section=&#8220;no&#8220; text_align=&#8220;left&#8220; background_image_as_pattern=&#8220;without_pattern&#8220; z_index=&#8220;&#8220;][vc_column][vc_row_inner row_type=&#8220;row&#8220; type=&#8220;full_width&#8220; text_align=&#8220;left&#8220; css_animation=&#8220;&#8220; css=&#8220;.vc_custom_1583922688806{padding-top: 40px !important;}&#8220;][vc_column_inner width=&#8220;1\/2&#8243;][vc_column_text css=&#8220;.vc_custom_1613739373431{margin-top: 20px !important;margin-bottom: 20px !important;}&#8220;] Bitter lemon Premium taste MIT NAT\u00dcRLCIHEM ZITRONENSAFT Ein Bitter Lemon, das den Unterschied macht: mit erfrischenden Zitrusnoten und&#8230;<\/p>\n","protected":false},"author":1,"featured_media":0,"parent":1675,"menu_order":0,"comment_status":"closed","ping_status":"closed","template":"full_width.php","meta":{"footnotes":""},"class_list":["post-1697","page","type-page","status-publish","hentry"],"yoast_head":"<!-- This site is optimized with the Yoast SEO plugin v27.3 - https:\/\/yoast.com\/product\/yoast-seo-wordpress\/ -->\n<title>Premium Taste Bitter Lemon - Alpex<\/title>\n<meta name=\"robots\" content=\"index, follow, max-snippet:-1, max-image-preview:large, max-video-preview:-1\" \/>\n<link rel=\"canonical\" href=\"https:\/\/alpexdrinks.com\/de\/unsere-produkte\/premium-taste-bitter-lemon\/\" \/>\n<meta property=\"og:locale\" content=\"de_DE\" \/>\n<meta property=\"og:type\" content=\"article\" \/>\n<meta property=\"og:title\" content=\"Premium Taste Bitter Lemon - Alpex\" \/>\n<meta property=\"og:description\" content=\"[vc_row css_animation=&#8220;&#8220; row_type=&#8220;row&#8220; use_row_as_full_screen_section=&#8220;no&#8220; type=&#8220;grid&#8220; angled_section=&#8220;no&#8220; text_align=&#8220;left&#8220; background_image_as_pattern=&#8220;without_pattern&#8220; z_index=&#8220;&#8220;][vc_column][vc_row_inner row_type=&#8220;row&#8220; type=&#8220;full_width&#8220; text_align=&#8220;left&#8220; css_animation=&#8220;&#8220; css=&#8220;.vc_custom_1583922688806{padding-top: 40px !important;}&#8220;][vc_column_inner width=&#8220;1\/2&#8243;][vc_column_text css=&#8220;.vc_custom_1613739373431{margin-top: 20px !important;margin-bottom: 20px !important;}&#8220;] Bitter lemon Premium taste MIT NAT\u00dcRLCIHEM ZITRONENSAFT Ein Bitter Lemon, das den Unterschied macht: mit erfrischenden Zitrusnoten und...\" \/>\n<meta property=\"og:url\" content=\"https:\/\/alpexdrinks.com\/de\/unsere-produkte\/premium-taste-bitter-lemon\/\" \/>\n<meta property=\"og:site_name\" content=\"Alpex\" \/>\n<meta property=\"article:modified_time\" content=\"2025-10-30T12:12:21+00:00\" \/>\n<meta name=\"twitter:card\" content=\"summary_large_image\" \/>\n<meta name=\"twitter:label1\" content=\"Gesch\u00e4tzte Lesezeit\" \/>\n\t<meta name=\"twitter:data1\" content=\"2\u00a0Minuten\" \/>\n<script type=\"application\/ld+json\" class=\"yoast-schema-graph\">{\"@context\":\"https:\\\/\\\/schema.org\",\"@graph\":[{\"@type\":\"WebPage\",\"@id\":\"https:\\\/\\\/alpexdrinks.com\\\/de\\\/unsere-produkte\\\/premium-taste-bitter-lemon\\\/\",\"url\":\"https:\\\/\\\/alpexdrinks.com\\\/de\\\/unsere-produkte\\\/premium-taste-bitter-lemon\\\/\",\"name\":\"Premium Taste Bitter Lemon - Alpex\",\"isPartOf\":{\"@id\":\"https:\\\/\\\/alpexdrinks.com\\\/de\\\/#website\"},\"datePublished\":\"2020-03-10T12:52:12+00:00\",\"dateModified\":\"2025-10-30T12:12:21+00:00\",\"breadcrumb\":{\"@id\":\"https:\\\/\\\/alpexdrinks.com\\\/de\\\/unsere-produkte\\\/premium-taste-bitter-lemon\\\/#breadcrumb\"},\"inLanguage\":\"de\",\"potentialAction\":[{\"@type\":\"ReadAction\",\"target\":[\"https:\\\/\\\/alpexdrinks.com\\\/de\\\/unsere-produkte\\\/premium-taste-bitter-lemon\\\/\"]}]},{\"@type\":\"BreadcrumbList\",\"@id\":\"https:\\\/\\\/alpexdrinks.com\\\/de\\\/unsere-produkte\\\/premium-taste-bitter-lemon\\\/#breadcrumb\",\"itemListElement\":[{\"@type\":\"ListItem\",\"position\":1,\"name\":\"Home\",\"item\":\"https:\\\/\\\/alpexdrinks.com\\\/de\\\/\"},{\"@type\":\"ListItem\",\"position\":2,\"name\":\"Unsere Produkte\",\"item\":\"https:\\\/\\\/alpexdrinks.com\\\/de\\\/unsere-produkte\\\/\"},{\"@type\":\"ListItem\",\"position\":3,\"name\":\"Premium Taste Bitter Lemon\"}]},{\"@type\":\"WebSite\",\"@id\":\"https:\\\/\\\/alpexdrinks.com\\\/de\\\/#website\",\"url\":\"https:\\\/\\\/alpexdrinks.com\\\/de\\\/\",\"name\":\"Alpex\",\"description\":\"Supreme Tonic Water\",\"potentialAction\":[{\"@type\":\"SearchAction\",\"target\":{\"@type\":\"EntryPoint\",\"urlTemplate\":\"https:\\\/\\\/alpexdrinks.com\\\/de\\\/?s={search_term_string}\"},\"query-input\":{\"@type\":\"PropertyValueSpecification\",\"valueRequired\":true,\"valueName\":\"search_term_string\"}}],\"inLanguage\":\"de\"}]}<\/script>\n<!-- \/ Yoast SEO plugin. -->","yoast_head_json":{"title":"Premium Taste Bitter Lemon - Alpex","robots":{"index":"index","follow":"follow","max-snippet":"max-snippet:-1","max-image-preview":"max-image-preview:large","max-video-preview":"max-video-preview:-1"},"canonical":"https:\/\/alpexdrinks.com\/de\/unsere-produkte\/premium-taste-bitter-lemon\/","og_locale":"de_DE","og_type":"article","og_title":"Premium Taste Bitter Lemon - Alpex","og_description":"[vc_row css_animation=&#8220;&#8220; row_type=&#8220;row&#8220; use_row_as_full_screen_section=&#8220;no&#8220; type=&#8220;grid&#8220; angled_section=&#8220;no&#8220; text_align=&#8220;left&#8220; background_image_as_pattern=&#8220;without_pattern&#8220; z_index=&#8220;&#8220;][vc_column][vc_row_inner row_type=&#8220;row&#8220; type=&#8220;full_width&#8220; text_align=&#8220;left&#8220; css_animation=&#8220;&#8220; css=&#8220;.vc_custom_1583922688806{padding-top: 40px !important;}&#8220;][vc_column_inner width=&#8220;1\/2&#8243;][vc_column_text css=&#8220;.vc_custom_1613739373431{margin-top: 20px !important;margin-bottom: 20px !important;}&#8220;] Bitter lemon Premium taste MIT NAT\u00dcRLCIHEM ZITRONENSAFT Ein Bitter Lemon, das den Unterschied macht: mit erfrischenden Zitrusnoten und...","og_url":"https:\/\/alpexdrinks.com\/de\/unsere-produkte\/premium-taste-bitter-lemon\/","og_site_name":"Alpex","article_modified_time":"2025-10-30T12:12:21+00:00","twitter_card":"summary_large_image","twitter_misc":{"Gesch\u00e4tzte Lesezeit":"2\u00a0Minuten"},"schema":{"@context":"https:\/\/schema.org","@graph":[{"@type":"WebPage","@id":"https:\/\/alpexdrinks.com\/de\/unsere-produkte\/premium-taste-bitter-lemon\/","url":"https:\/\/alpexdrinks.com\/de\/unsere-produkte\/premium-taste-bitter-lemon\/","name":"Premium Taste Bitter Lemon - Alpex","isPartOf":{"@id":"https:\/\/alpexdrinks.com\/de\/#website"},"datePublished":"2020-03-10T12:52:12+00:00","dateModified":"2025-10-30T12:12:21+00:00","breadcrumb":{"@id":"https:\/\/alpexdrinks.com\/de\/unsere-produkte\/premium-taste-bitter-lemon\/#breadcrumb"},"inLanguage":"de","potentialAction":[{"@type":"ReadAction","target":["https:\/\/alpexdrinks.com\/de\/unsere-produkte\/premium-taste-bitter-lemon\/"]}]},{"@type":"BreadcrumbList","@id":"https:\/\/alpexdrinks.com\/de\/unsere-produkte\/premium-taste-bitter-lemon\/#breadcrumb","itemListElement":[{"@type":"ListItem","position":1,"name":"Home","item":"https:\/\/alpexdrinks.com\/de\/"},{"@type":"ListItem","position":2,"name":"Unsere Produkte","item":"https:\/\/alpexdrinks.com\/de\/unsere-produkte\/"},{"@type":"ListItem","position":3,"name":"Premium Taste Bitter Lemon"}]},{"@type":"WebSite","@id":"https:\/\/alpexdrinks.com\/de\/#website","url":"https:\/\/alpexdrinks.com\/de\/","name":"Alpex","description":"Supreme Tonic Water","potentialAction":[{"@type":"SearchAction","target":{"@type":"EntryPoint","urlTemplate":"https:\/\/alpexdrinks.com\/de\/?s={search_term_string}"},"query-input":{"@type":"PropertyValueSpecification","valueRequired":true,"valueName":"search_term_string"}}],"inLanguage":"de"}]}},"_hostinger_reach_plugin_has_subscription_block":false,"_hostinger_reach_plugin_is_elementor":false,"_links":{"self":[{"href":"https:\/\/alpexdrinks.com\/de\/wp-json\/wp\/v2\/pages\/1697","targetHints":{"allow":["GET"]}}],"collection":[{"href":"https:\/\/alpexdrinks.com\/de\/wp-json\/wp\/v2\/pages"}],"about":[{"href":"https:\/\/alpexdrinks.com\/de\/wp-json\/wp\/v2\/types\/page"}],"author":[{"embeddable":true,"href":"https:\/\/alpexdrinks.com\/de\/wp-json\/wp\/v2\/users\/1"}],"replies":[{"embeddable":true,"href":"https:\/\/alpexdrinks.com\/de\/wp-json\/wp\/v2\/comments?post=1697"}],"version-history":[{"count":10,"href":"https:\/\/alpexdrinks.com\/de\/wp-json\/wp\/v2\/pages\/1697\/revisions"}],"predecessor-version":[{"id":4575,"href":"https:\/\/alpexdrinks.com\/de\/wp-json\/wp\/v2\/pages\/1697\/revisions\/4575"}],"up":[{"embeddable":true,"href":"https:\/\/alpexdrinks.com\/de\/wp-json\/wp\/v2\/pages\/1675"}],"wp:attachment":[{"href":"https:\/\/alpexdrinks.com\/de\/wp-json\/wp\/v2\/media?parent=1697"}],"curies":[{"name":"wp","href":"https:\/\/api.w.org\/{rel}","templated":true}]}}