{"id":2164,"date":"2022-02-23T13:05:31","date_gmt":"2022-02-23T12:05:31","guid":{"rendered":"https:\/\/www.alpexdrinks.com\/unsere-produkte\/spritz-alcohol-free-aperitif\/"},"modified":"2025-10-30T14:01:39","modified_gmt":"2025-10-30T13:01:39","slug":"spritz-alkoholfreier-aperitiv","status":"publish","type":"page","link":"https:\/\/alpexdrinks.com\/de\/unsere-produkte\/spritz-alkoholfreier-aperitiv\/","title":{"rendered":"Alpex Spritz Alkoholfreier Aperitiv"},"content":{"rendered":"<div class=\"wpb-content-wrapper\"><p>[vc_row css_animation=&#8220;&#8220; row_type=&#8220;row&#8220; use_row_as_full_screen_section=&#8220;no&#8220; type=&#8220;grid&#8220; angled_section=&#8220;no&#8220; text_align=&#8220;left&#8220; background_image_as_pattern=&#8220;without_pattern&#8220; z_index=&#8220;&#8220;][vc_column][vc_row_inner row_type=&#8220;row&#8220; type=&#8220;full_width&#8220; text_align=&#8220;left&#8220; css_animation=&#8220;&#8220; css=&#8220;.vc_custom_1645697023878{padding-top: 40px !important;}&#8220;][vc_column_inner width=&#8220;1\/2&#8243;][vc_column_text css=&#8220;&#8220;]<\/p>\n<div class=\"alpex-product-item\">\n<h2>Alpex Spritz<\/h2>\n<h3 class=\"orange-text\">Alkoholfreier Aperitif<\/h3>\n<\/div>\n<p class=\"p1\"><strong><span class=\"s1\">Gek\u00fchlt genie\u00dfen, mit Eis und einer Orangenscheibe. <\/span><\/strong><\/p>\n<p class=\"p1\"><span class=\"s1\">Der volle Geschmack des klassischen Spritz mit seiner starken Zitrusnote und angenehm bitteren Abgang, jetzt in einer alkoholfreien Version. F\u00fcr alle, die auf einen charakteristischen Aperitif nicht verzichten wollen, ihn aber ohne Alkohol und von h\u00f6chster Qualit\u00e4t bevorzugen.<br \/>\nEin freier und unkonventioneller Geist f\u00fcr einen alkoholfreien italienischen Aperitif, den man gern mit Freunden teilt. <\/span><\/p>\n<p>[\/vc_column_text][\/vc_column_inner][vc_column_inner width=&#8220;1\/2&#8243;][vc_single_image image=&#8220;2329&#8243; img_size=&#8220;large&#8220; alignment=&#8220;center&#8220; qode_css_animation=&#8220;element_from_right&#8220;][\/vc_column_inner][\/vc_row_inner][\/vc_column][\/vc_row][vc_row row_type=&#8220;parallax&#8220; parallax_content_width=&#8220;in_grid&#8220; text_align=&#8220;left&#8220; full_screen_section_height=&#8220;no&#8220; background_image=&#8220;2143&#8243; el_class=&#8220;spritz-parallax&#8220;][vc_column][vc_row_inner row_type=&#8220;row&#8220; type=&#8220;full_width&#8220; text_align=&#8220;left&#8220; css_animation=&#8220;&#8220; css=&#8220;.vc_custom_1645619457822{margin-top: 200px !important;margin-bottom: 200px !important;}&#8220;][vc_column_inner width=&#8220;1\/2&#8243;][\/vc_column_inner][vc_column_inner width=&#8220;1\/2&#8243;][vc_column_text css=&#8220;.vc_custom_1645696036760{padding-top: 20px !important;padding-right: 20px !important;padding-bottom: 20px !important;padding-left: 20px !important;background-color: rgba(0,0,0,0.4) !important;*background-color: rgb(0,0,0) !important;}&#8220;]<\/p>\n<h2 class=\"orange-text\">Winning Points<\/h2>\n<p>&#8211; \u00a0Erf\u00fcllt den Wunsch nach hochwertigen Erfrischungsgetr\u00e4nken<br \/>\n&#8211; \u00a0Klassischer und doch unverwechselbarer Geschmack<br \/>\n&#8211; \u00a0Vielseitig, da ausgezeichnet sowohl pur als auch als Mischgetr\u00e4nk<br \/>\n&#8211; \u00a0Ein vielseitiges Getr\u00e4nk f\u00fcr jeden Geschmack und zu jeder Tageszeit[\/vc_column_text][\/vc_column_inner][\/vc_row_inner][\/vc_column][\/vc_row][vc_row css_animation=&#8220;&#8220; row_type=&#8220;row&#8220; use_row_as_full_screen_section=&#8220;no&#8220; type=&#8220;full_width&#8220; angled_section=&#8220;no&#8220; text_align=&#8220;left&#8220; background_image_as_pattern=&#8220;without_pattern&#8220;][vc_column][vc_empty_space height=&#8220;60px&#8220;][\/vc_column][\/vc_row][vc_row css_animation=&#8220;&#8220; row_type=&#8220;row&#8220; use_row_as_full_screen_section=&#8220;no&#8220; type=&#8220;full_width&#8220; angled_section=&#8220;no&#8220; text_align=&#8220;left&#8220; background_image_as_pattern=&#8220;without_pattern&#8220; css=&#8220;.vc_custom_1645634113506{padding-bottom: 40px !important;}&#8220; z_index=&#8220;&#8220;][vc_column][vc_row_inner row_type=&#8220;row&#8220; type=&#8220;grid&#8220; text_align=&#8220;center&#8220; css_animation=&#8220;&#8220; css=&#8220;.vc_custom_1645693947320{border-top-width: 2px !important;border-bottom-width: 2px !important;}&#8220; el_class=&#8220;product-features&#8220;][vc_column_inner el_class=&#8220;mixer-container&#8220; width=&#8220;1\/2&#8243; css=&#8220;.vc_custom_1645694399382{border-top-width: 2px !important;border-bottom-width: 2px !important;padding-top: 20px !important;padding-bottom: 20px !important;border-top-color: #ffffff !important;border-top-style: solid !important;border-bottom-color: #ffffff !important;border-bottom-style: solid !important;}&#8220;][vc_column_text css=&#8220;&#8220;]<\/p>\n<h2 class=\"orange-text\">Als Mischgetr\u00e4nk<\/h2>\n<p>Auch als Mischgetr\u00e4nk beh\u00e4lt er seine Originalit\u00e4t: zu probieren mit Bitter und als Basis f\u00fcr alkoholfreie Cocktails.[\/vc_column_text][\/vc_column_inner][vc_column_inner width=&#8220;1\/2&#8243; css=&#8220;.vc_custom_1645694413837{border-top-width: 2px !important;border-bottom-width: 2px !important;padding-top: 20px !important;padding-bottom: 20px !important;border-top-color: #ffffff !important;border-top-style: solid !important;border-bottom-color: #ffffff !important;border-bottom-style: solid !important;}&#8220;][vc_column_text css=&#8220;&#8220;]<\/p>\n<h2 class=\"orange-text\">Pur<\/h2>\n<p>Kalt mit Eis und einer Orangenscheibe serviert, garantiert er den Geschmack des klassischen Spritz, allerdings in einer alkoholfreien Version. Alternativ k\u00f6nnen Sie ihn mit Grapefruitschalen parf\u00fcmieren.[\/vc_column_text][\/vc_column_inner][\/vc_row_inner][vc_row_inner row_type=&#8220;row&#8220; type=&#8220;grid&#8220; text_align=&#8220;center&#8220; css_animation=&#8220;&#8220; css=&#8220;.vc_custom_1645634408447{padding-top: 40px !important;padding-bottom: 40px !important;}&#8220;][vc_column_inner][vc_column_text]<span class=\"s1\"><i>Mit Zitrusnoten von Orangen, einem angenehm bitteren Nachgeschmack des Chinins und ausgew\u00e4hlten nat\u00fcrlichen Aromen. Ohne Konservierungsstoffe und S\u00fc\u00dfstoffe.<\/i><\/span>[\/vc_column_text][\/vc_column_inner][\/vc_row_inner][vc_row_inner row_type=&#8220;row&#8220; type=&#8220;grid&#8220; text_align=&#8220;center&#8220; css_animation=&#8220;&#8220; css=&#8220;.vc_custom_1645634394190{padding-top: 40px !important;padding-bottom: 40px !important;}&#8220;][vc_column_inner][vc_column_text css=&#8220;&#8220;]<\/p>\n<h2 class=\"orange-text\">N\u00e4hrwerte pro 100 ml<\/h2>\n<p>[\/vc_column_text][\/vc_column_inner][\/vc_row_inner][vc_row_inner row_type=&#8220;row&#8220; type=&#8220;grid&#8220; text_align=&#8220;center&#8220; css_animation=&#8220;&#8220; css=&#8220;.vc_custom_1645694489422{padding-bottom: 40px !important;}&#8220;][vc_column_inner width=&#8220;1\/5&#8243;][vc_column_text]<\/p>\n<h4 class=\"orange-text\">Brennwert<\/h4>\n<p>51Kcal[\/vc_column_text][\/vc_column_inner][vc_column_inner width=&#8220;1\/5&#8243;][vc_column_text]<\/p>\n<h4 class=\"orange-text\">Kohlenhydrate<\/h4>\n<p>12 g[\/vc_column_text][\/vc_column_inner][vc_column_inner width=&#8220;1\/5&#8243;][vc_column_text]<\/p>\n<h4 class=\"orange-text\">Zucker<\/h4>\n<p>12 g[\/vc_column_text][\/vc_column_inner][vc_column_inner width=&#8220;1\/5&#8243;][vc_column_text]<\/p>\n<h4 class=\"orange-text\">Eiwei\u00df, Fette<\/h4>\n<p>0 g[\/vc_column_text][\/vc_column_inner][vc_column_inner width=&#8220;1\/5&#8243;][vc_column_text]<\/p>\n<h4 class=\"orange-text\">Salz<\/h4>\n<p>0,02 g[\/vc_column_text][\/vc_column_inner][\/vc_row_inner][vc_row_inner row_type=&#8220;row&#8220; type=&#8220;grid&#8220; text_align=&#8220;center&#8220; css_animation=&#8220;&#8220; css=&#8220;.vc_custom_1645694049315{padding-bottom: 40px !important;}&#8220;][vc_column_inner width=&#8220;1\/6&#8243;][\/vc_column_inner][vc_column_inner width=&#8220;2\/3&#8243;][vc_column_text css=&#8220;&#8220;]<\/p>\n<h3 class=\"orange-text\">Zutaten<\/h3>\n<p class=\"p1\"><span class=\"s1\">Wasser, Zucker, Aromen, Kohlens\u00e4ure, Orangensaftkonzentrat, S\u00e4uerungsmittel: Zitronens\u00e4ure, Salz, Chinin-Aroma, Farbstoffe: E122, E110.<\/span><\/p>\n<p>[\/vc_column_text][\/vc_column_inner][vc_column_inner width=&#8220;1\/6&#8243;][\/vc_column_inner][\/vc_row_inner][\/vc_column][\/vc_row]<\/p>\n<\/div>","protected":false},"excerpt":{"rendered":"<p>[vc_row css_animation=&#8220;&#8220; row_type=&#8220;row&#8220; use_row_as_full_screen_section=&#8220;no&#8220; type=&#8220;grid&#8220; angled_section=&#8220;no&#8220; text_align=&#8220;left&#8220; background_image_as_pattern=&#8220;without_pattern&#8220; z_index=&#8220;&#8220;][vc_column][vc_row_inner row_type=&#8220;row&#8220; type=&#8220;full_width&#8220; text_align=&#8220;left&#8220; css_animation=&#8220;&#8220; css=&#8220;.vc_custom_1645697023878{padding-top: 40px !important;}&#8220;][vc_column_inner width=&#8220;1\/2&#8243;][vc_column_text css=&#8220;&#8220;] Alpex Spritz Alkoholfreier Aperitif Gek\u00fchlt genie\u00dfen, mit Eis und einer Orangenscheibe. Der volle Geschmack des klassischen Spritz mit seiner starken Zitrusnote und&#8230;<\/p>\n","protected":false},"author":1,"featured_media":0,"parent":1675,"menu_order":0,"comment_status":"closed","ping_status":"closed","template":"full_width.php","meta":{"footnotes":""},"class_list":["post-2164","page","type-page","status-publish","hentry"],"yoast_head":"<!-- This site is optimized with the Yoast SEO plugin v27.3 - https:\/\/yoast.com\/product\/yoast-seo-wordpress\/ -->\n<title>Alpex Spritz Alkoholfreier Aperitiv - Alpex<\/title>\n<meta name=\"robots\" content=\"index, follow, max-snippet:-1, max-image-preview:large, max-video-preview:-1\" \/>\n<link rel=\"canonical\" href=\"https:\/\/alpexdrinks.com\/de\/unsere-produkte\/spritz-alkoholfreier-aperitiv\/\" \/>\n<meta property=\"og:locale\" content=\"de_DE\" \/>\n<meta property=\"og:type\" content=\"article\" \/>\n<meta property=\"og:title\" content=\"Alpex Spritz Alkoholfreier Aperitiv - Alpex\" \/>\n<meta property=\"og:description\" content=\"[vc_row css_animation=&#8220;&#8220; row_type=&#8220;row&#8220; use_row_as_full_screen_section=&#8220;no&#8220; type=&#8220;grid&#8220; angled_section=&#8220;no&#8220; text_align=&#8220;left&#8220; background_image_as_pattern=&#8220;without_pattern&#8220; z_index=&#8220;&#8220;][vc_column][vc_row_inner row_type=&#8220;row&#8220; type=&#8220;full_width&#8220; text_align=&#8220;left&#8220; css_animation=&#8220;&#8220; css=&#8220;.vc_custom_1645697023878{padding-top: 40px !important;}&#8220;][vc_column_inner width=&#8220;1\/2&#8243;][vc_column_text css=&#8220;&#8220;] Alpex Spritz Alkoholfreier Aperitif Gek\u00fchlt genie\u00dfen, mit Eis und einer Orangenscheibe. Der volle Geschmack des klassischen Spritz mit seiner starken Zitrusnote und...\" \/>\n<meta property=\"og:url\" content=\"https:\/\/alpexdrinks.com\/de\/unsere-produkte\/spritz-alkoholfreier-aperitiv\/\" \/>\n<meta property=\"og:site_name\" content=\"Alpex\" \/>\n<meta property=\"article:modified_time\" content=\"2025-10-30T13:01:39+00:00\" \/>\n<meta name=\"twitter:card\" content=\"summary_large_image\" \/>\n<meta name=\"twitter:label1\" content=\"Gesch\u00e4tzte Lesezeit\" \/>\n\t<meta name=\"twitter:data1\" content=\"3\u00a0Minuten\" \/>\n<script type=\"application\/ld+json\" class=\"yoast-schema-graph\">{\"@context\":\"https:\\\/\\\/schema.org\",\"@graph\":[{\"@type\":\"WebPage\",\"@id\":\"https:\\\/\\\/alpexdrinks.com\\\/de\\\/unsere-produkte\\\/spritz-alkoholfreier-aperitiv\\\/\",\"url\":\"https:\\\/\\\/alpexdrinks.com\\\/de\\\/unsere-produkte\\\/spritz-alkoholfreier-aperitiv\\\/\",\"name\":\"Alpex Spritz Alkoholfreier Aperitiv - Alpex\",\"isPartOf\":{\"@id\":\"https:\\\/\\\/alpexdrinks.com\\\/de\\\/#website\"},\"datePublished\":\"2022-02-23T12:05:31+00:00\",\"dateModified\":\"2025-10-30T13:01:39+00:00\",\"breadcrumb\":{\"@id\":\"https:\\\/\\\/alpexdrinks.com\\\/de\\\/unsere-produkte\\\/spritz-alkoholfreier-aperitiv\\\/#breadcrumb\"},\"inLanguage\":\"de\",\"potentialAction\":[{\"@type\":\"ReadAction\",\"target\":[\"https:\\\/\\\/alpexdrinks.com\\\/de\\\/unsere-produkte\\\/spritz-alkoholfreier-aperitiv\\\/\"]}]},{\"@type\":\"BreadcrumbList\",\"@id\":\"https:\\\/\\\/alpexdrinks.com\\\/de\\\/unsere-produkte\\\/spritz-alkoholfreier-aperitiv\\\/#breadcrumb\",\"itemListElement\":[{\"@type\":\"ListItem\",\"position\":1,\"name\":\"Home\",\"item\":\"https:\\\/\\\/alpexdrinks.com\\\/de\\\/\"},{\"@type\":\"ListItem\",\"position\":2,\"name\":\"Unsere Produkte\",\"item\":\"https:\\\/\\\/alpexdrinks.com\\\/de\\\/unsere-produkte\\\/\"},{\"@type\":\"ListItem\",\"position\":3,\"name\":\"Alpex Spritz Alkoholfreier Aperitiv\"}]},{\"@type\":\"WebSite\",\"@id\":\"https:\\\/\\\/alpexdrinks.com\\\/de\\\/#website\",\"url\":\"https:\\\/\\\/alpexdrinks.com\\\/de\\\/\",\"name\":\"Alpex\",\"description\":\"Supreme Tonic Water\",\"potentialAction\":[{\"@type\":\"SearchAction\",\"target\":{\"@type\":\"EntryPoint\",\"urlTemplate\":\"https:\\\/\\\/alpexdrinks.com\\\/de\\\/?s={search_term_string}\"},\"query-input\":{\"@type\":\"PropertyValueSpecification\",\"valueRequired\":true,\"valueName\":\"search_term_string\"}}],\"inLanguage\":\"de\"}]}<\/script>\n<!-- \/ Yoast SEO plugin. -->","yoast_head_json":{"title":"Alpex Spritz Alkoholfreier Aperitiv - Alpex","robots":{"index":"index","follow":"follow","max-snippet":"max-snippet:-1","max-image-preview":"max-image-preview:large","max-video-preview":"max-video-preview:-1"},"canonical":"https:\/\/alpexdrinks.com\/de\/unsere-produkte\/spritz-alkoholfreier-aperitiv\/","og_locale":"de_DE","og_type":"article","og_title":"Alpex Spritz Alkoholfreier Aperitiv - Alpex","og_description":"[vc_row css_animation=&#8220;&#8220; row_type=&#8220;row&#8220; use_row_as_full_screen_section=&#8220;no&#8220; type=&#8220;grid&#8220; angled_section=&#8220;no&#8220; text_align=&#8220;left&#8220; background_image_as_pattern=&#8220;without_pattern&#8220; z_index=&#8220;&#8220;][vc_column][vc_row_inner row_type=&#8220;row&#8220; type=&#8220;full_width&#8220; text_align=&#8220;left&#8220; css_animation=&#8220;&#8220; css=&#8220;.vc_custom_1645697023878{padding-top: 40px !important;}&#8220;][vc_column_inner width=&#8220;1\/2&#8243;][vc_column_text css=&#8220;&#8220;] Alpex Spritz Alkoholfreier Aperitif Gek\u00fchlt genie\u00dfen, mit Eis und einer Orangenscheibe. Der volle Geschmack des klassischen Spritz mit seiner starken Zitrusnote und...","og_url":"https:\/\/alpexdrinks.com\/de\/unsere-produkte\/spritz-alkoholfreier-aperitiv\/","og_site_name":"Alpex","article_modified_time":"2025-10-30T13:01:39+00:00","twitter_card":"summary_large_image","twitter_misc":{"Gesch\u00e4tzte Lesezeit":"3\u00a0Minuten"},"schema":{"@context":"https:\/\/schema.org","@graph":[{"@type":"WebPage","@id":"https:\/\/alpexdrinks.com\/de\/unsere-produkte\/spritz-alkoholfreier-aperitiv\/","url":"https:\/\/alpexdrinks.com\/de\/unsere-produkte\/spritz-alkoholfreier-aperitiv\/","name":"Alpex Spritz Alkoholfreier Aperitiv - Alpex","isPartOf":{"@id":"https:\/\/alpexdrinks.com\/de\/#website"},"datePublished":"2022-02-23T12:05:31+00:00","dateModified":"2025-10-30T13:01:39+00:00","breadcrumb":{"@id":"https:\/\/alpexdrinks.com\/de\/unsere-produkte\/spritz-alkoholfreier-aperitiv\/#breadcrumb"},"inLanguage":"de","potentialAction":[{"@type":"ReadAction","target":["https:\/\/alpexdrinks.com\/de\/unsere-produkte\/spritz-alkoholfreier-aperitiv\/"]}]},{"@type":"BreadcrumbList","@id":"https:\/\/alpexdrinks.com\/de\/unsere-produkte\/spritz-alkoholfreier-aperitiv\/#breadcrumb","itemListElement":[{"@type":"ListItem","position":1,"name":"Home","item":"https:\/\/alpexdrinks.com\/de\/"},{"@type":"ListItem","position":2,"name":"Unsere Produkte","item":"https:\/\/alpexdrinks.com\/de\/unsere-produkte\/"},{"@type":"ListItem","position":3,"name":"Alpex Spritz Alkoholfreier Aperitiv"}]},{"@type":"WebSite","@id":"https:\/\/alpexdrinks.com\/de\/#website","url":"https:\/\/alpexdrinks.com\/de\/","name":"Alpex","description":"Supreme Tonic Water","potentialAction":[{"@type":"SearchAction","target":{"@type":"EntryPoint","urlTemplate":"https:\/\/alpexdrinks.com\/de\/?s={search_term_string}"},"query-input":{"@type":"PropertyValueSpecification","valueRequired":true,"valueName":"search_term_string"}}],"inLanguage":"de"}]}},"_hostinger_reach_plugin_has_subscription_block":false,"_hostinger_reach_plugin_is_elementor":false,"_links":{"self":[{"href":"https:\/\/alpexdrinks.com\/de\/wp-json\/wp\/v2\/pages\/2164","targetHints":{"allow":["GET"]}}],"collection":[{"href":"https:\/\/alpexdrinks.com\/de\/wp-json\/wp\/v2\/pages"}],"about":[{"href":"https:\/\/alpexdrinks.com\/de\/wp-json\/wp\/v2\/types\/page"}],"author":[{"embeddable":true,"href":"https:\/\/alpexdrinks.com\/de\/wp-json\/wp\/v2\/users\/1"}],"replies":[{"embeddable":true,"href":"https:\/\/alpexdrinks.com\/de\/wp-json\/wp\/v2\/comments?post=2164"}],"version-history":[{"count":13,"href":"https:\/\/alpexdrinks.com\/de\/wp-json\/wp\/v2\/pages\/2164\/revisions"}],"predecessor-version":[{"id":4577,"href":"https:\/\/alpexdrinks.com\/de\/wp-json\/wp\/v2\/pages\/2164\/revisions\/4577"}],"up":[{"embeddable":true,"href":"https:\/\/alpexdrinks.com\/de\/wp-json\/wp\/v2\/pages\/1675"}],"wp:attachment":[{"href":"https:\/\/alpexdrinks.com\/de\/wp-json\/wp\/v2\/media?parent=2164"}],"curies":[{"name":"wp","href":"https:\/\/api.w.org\/{rel}","templated":true}]}}