{"id":2436,"date":"2023-04-28T13:27:03","date_gmt":"2023-04-28T11:27:03","guid":{"rendered":"https:\/\/www.alpexdrinks.com\/?page_id=2436"},"modified":"2025-10-30T15:41:47","modified_gmt":"2025-10-30T14:41:47","slug":"g-and-t-alkoholfreier-aperitiv","status":"publish","type":"page","link":"https:\/\/alpexdrinks.com\/de\/unsere-produkte\/g-and-t-alkoholfreier-aperitiv\/","title":{"rendered":"Alpex G &#038; T Alkoholfreier Aperitiv"},"content":{"rendered":"<div class=\"wpb-content-wrapper\"><p>[vc_row css_animation=&#8220;&#8220; row_type=&#8220;row&#8220; use_row_as_full_screen_section=&#8220;no&#8220; type=&#8220;grid&#8220; angled_section=&#8220;no&#8220; text_align=&#8220;left&#8220; background_image_as_pattern=&#8220;without_pattern&#8220; z_index=&#8220;&#8220;][vc_column][vc_row_inner row_type=&#8220;row&#8220; type=&#8220;full_width&#8220; text_align=&#8220;left&#8220; css_animation=&#8220;&#8220; css=&#8220;.vc_custom_1645697109532{padding-top: 40px !important;}&#8220;][vc_column_inner width=&#8220;1\/2&#8243;][vc_column_text css=&#8220;&#8220;]<\/p>\n<div class=\"alpex-product-item\">\n<h2>Alpex G &amp; T<\/h2>\n<h3 class=\"blue-text\">Alkoholfreier Aperitif<\/h3>\n<\/div>\n<p class=\"p1\"><strong>Mit Eisw\u00fcrfeln und Zitronenscheibe genie\u00dfen<\/strong><\/p>\n<p class=\"p1\">Ein alkoholfreier Aperitif mit einem Hauch von Wacholderbeeren als raffinierte alkoholfreie Alternative zum klassischen Gin &amp; Tonic. Mit seinem ausgepr\u00e4gten aromatischen Geschmack und dem angenehm bitteren Abgang ist er das ultimative alkoholfreie Getr\u00e4nk. Ein fesselnder alkoholfreier Drink, ohne auf den Charme eines echten Cocktails verzichten zu m\u00fcssen. Herstellung aus hochwertigen Zutaten nach originaler Alpex-Rezeptur.<\/p>\n<p>[\/vc_column_text][\/vc_column_inner][vc_column_inner width=&#8220;1\/2&#8243;][vc_single_image image=&#8220;2571&#8243; img_size=&#8220;large&#8220; alignment=&#8220;center&#8220; qode_css_animation=&#8220;element_from_right&#8220;][\/vc_column_inner][\/vc_row_inner][\/vc_column][\/vc_row][vc_row row_type=&#8220;parallax&#8220; parallax_content_width=&#8220;in_grid&#8220; text_align=&#8220;left&#8220; full_screen_section_height=&#8220;no&#8220; background_image=&#8220;2574&#8243; el_class=&#8220;gt-parallax&#8220;][vc_column][vc_row_inner row_type=&#8220;row&#8220; type=&#8220;full_width&#8220; text_align=&#8220;left&#8220; css_animation=&#8220;&#8220; css=&#8220;.vc_custom_1645619457822{margin-top: 200px !important;margin-bottom: 200px !important;}&#8220;][vc_column_inner width=&#8220;1\/2&#8243;][\/vc_column_inner][vc_column_inner width=&#8220;1\/2&#8243;][vc_column_text css=&#8220;.vc_custom_1761835283081{padding-top: 20px !important;padding-right: 20px !important;padding-bottom: 20px !important;padding-left: 20px !important;background-color: rgba(0,0,0,0.4) !important;*background-color: rgb(0,0,0) !important;}&#8220;]<\/p>\n<h2 class=\"blue-text\">Winning Points<\/h2>\n<p>&#8211; Alkoholfreier, charakterstarker Cocktail<br \/>\n&#8211; Raffinierter Trend-Aperitif<br \/>\n&#8211; Praktisch und trinkfertig<br \/>\n&#8211; Perfektes alkoholfreies Getr\u00e4nk f\u00fcr Liebhaber des klassischen Gin &amp; Tonic[\/vc_column_text][\/vc_column_inner][\/vc_row_inner][\/vc_column][\/vc_row][vc_row css_animation=&#8220;&#8220; row_type=&#8220;row&#8220; use_row_as_full_screen_section=&#8220;no&#8220; type=&#8220;full_width&#8220; angled_section=&#8220;no&#8220; text_align=&#8220;left&#8220; background_image_as_pattern=&#8220;without_pattern&#8220;][vc_column][vc_empty_space height=&#8220;60px&#8220;][\/vc_column][\/vc_row][vc_row css_animation=&#8220;&#8220; row_type=&#8220;row&#8220; use_row_as_full_screen_section=&#8220;no&#8220; type=&#8220;full_width&#8220; angled_section=&#8220;no&#8220; text_align=&#8220;left&#8220; background_image_as_pattern=&#8220;without_pattern&#8220; css=&#8220;.vc_custom_1645634113506{padding-bottom: 40px !important;}&#8220; z_index=&#8220;&#8220;][vc_column][vc_row_inner row_type=&#8220;row&#8220; type=&#8220;grid&#8220; text_align=&#8220;center&#8220; css_animation=&#8220;&#8220; css=&#8220;.vc_custom_1645693947320{border-top-width: 2px !important;border-bottom-width: 2px !important;}&#8220; el_class=&#8220;product-features&#8220;][vc_column_inner el_class=&#8220;mixer-container&#8220; width=&#8220;1\/2&#8243; css=&#8220;.vc_custom_1645694399382{border-top-width: 2px !important;border-bottom-width: 2px !important;padding-top: 20px !important;padding-bottom: 20px !important;border-top-color: #ffffff !important;border-top-style: solid !important;border-bottom-color: #ffffff !important;border-bottom-style: solid !important;}&#8220;][vc_column_text]<\/p>\n<h2 class=\"blue-text\">Als Mixgetr\u00e4nk<\/h2>\n<p>Gemixt mit einer kleinen Menge Gin, entsteht dank des kr\u00e4ftigen Wacholderaromas ein klassischer Gin &amp; Tonic.<\/p>\n<p>[\/vc_column_text][\/vc_column_inner][vc_column_inner width=&#8220;1\/2&#8243; css=&#8220;.vc_custom_1645694413837{border-top-width: 2px !important;border-bottom-width: 2px !important;padding-top: 20px !important;padding-bottom: 20px !important;border-top-color: #ffffff !important;border-top-style: solid !important;border-bottom-color: #ffffff !important;border-bottom-style: solid !important;}&#8220;][vc_column_text css=&#8220;&#8220;]<\/p>\n<h2 class=\"blue-text\">Pur<\/h2>\n<p>Eisgek\u00fchlt mit Eisw\u00fcrfeln und Zitronenscheibe servieren: So entsteht der Geschmack eines Gin &amp; Tonic &#8211; ganz ohne Alkohol.[\/vc_column_text][\/vc_column_inner][\/vc_row_inner][vc_row_inner row_type=&#8220;row&#8220; type=&#8220;grid&#8220; text_align=&#8220;center&#8220; css_animation=&#8220;&#8220; css=&#8220;.vc_custom_1645634408447{padding-top: 40px !important;padding-bottom: 40px !important;}&#8220;][vc_column_inner][vc_column_text]<\/p>\n<p><em>Mit Wacholderbeeren-Destillat und ausgew\u00e4hlten Kr\u00e4utern. Frei von Konservierungsstoffen und S\u00fc\u00dfstoffen.<\/em><\/p>\n<p>[\/vc_column_text][\/vc_column_inner][\/vc_row_inner][vc_row_inner row_type=&#8220;row&#8220; type=&#8220;grid&#8220; text_align=&#8220;center&#8220; css_animation=&#8220;&#8220; css=&#8220;.vc_custom_1645634394190{padding-top: 40px !important;padding-bottom: 40px !important;}&#8220;][vc_column_inner][vc_column_text css=&#8220;&#8220;]<\/p>\n<h2 class=\"blue-text\">N\u00e4hrwerte pro 100 ml<\/h2>\n<p>[\/vc_column_text][\/vc_column_inner][\/vc_row_inner][vc_row_inner row_type=&#8220;row&#8220; type=&#8220;grid&#8220; text_align=&#8220;center&#8220; css_animation=&#8220;&#8220; css=&#8220;.vc_custom_1645694489422{padding-bottom: 40px !important;}&#8220;][vc_column_inner width=&#8220;1\/5&#8243;][vc_column_text]<\/p>\n<h4 class=\"blue-text\">Energie<\/h4>\n<p>36Kcal<\/p>\n<p>[\/vc_column_text][\/vc_column_inner][vc_column_inner width=&#8220;1\/5&#8243;][vc_column_text]<\/p>\n<h4 class=\"blue-text\">Kohlenhydrate<\/h4>\n<p>12 g davon<\/p>\n<p>[\/vc_column_text][\/vc_column_inner][vc_column_inner width=&#8220;1\/5&#8243;][vc_column_text]<\/p>\n<h4 class=\"blue-text\">Zucker<\/h4>\n<p>8 g<\/p>\n<p>[\/vc_column_text][\/vc_column_inner][vc_column_inner width=&#8220;1\/5&#8243;][vc_column_text]<\/p>\n<h4 class=\"blue-text\">Eiwei\u00df, Fett<\/h4>\n<p>0 g<\/p>\n<p>[\/vc_column_text][\/vc_column_inner][vc_column_inner width=&#8220;1\/5&#8243;][vc_column_text]<\/p>\n<h4 class=\"blue-text\">Salz<\/h4>\n<p>0 g<\/p>\n<p>[\/vc_column_text][\/vc_column_inner][\/vc_row_inner][vc_row_inner row_type=&#8220;row&#8220; type=&#8220;grid&#8220; text_align=&#8220;center&#8220; css_animation=&#8220;&#8220; css=&#8220;.vc_custom_1645694049315{padding-bottom: 40px !important;}&#8220;][vc_column_inner width=&#8220;1\/6&#8243;][\/vc_column_inner][vc_column_inner width=&#8220;2\/3&#8243;][vc_column_text css=&#8220;&#8220;]<\/p>\n<h3 class=\"blue-text\">Zutaten<\/h3>\n<p class=\"p1\">Wasser, Zucker, Kohlens\u00e4ure, 0,5 % Wacholderbeeren-Destillat und andere Kr\u00e4uter, nat\u00fcrliche Aromen, S\u00e4uerungsmittel: Zitronens\u00e4ure; 0,08 % Chinarindenextrakt. Enth\u00e4lt nat\u00fcrliches Chinin der Chinarinde.<\/p>\n<p>[\/vc_column_text][\/vc_column_inner][vc_column_inner width=&#8220;1\/6&#8243;][\/vc_column_inner][\/vc_row_inner][\/vc_column][\/vc_row]<\/p>\n<\/div>","protected":false},"excerpt":{"rendered":"<p>[vc_row css_animation=&#8220;&#8220; row_type=&#8220;row&#8220; use_row_as_full_screen_section=&#8220;no&#8220; type=&#8220;grid&#8220; angled_section=&#8220;no&#8220; text_align=&#8220;left&#8220; background_image_as_pattern=&#8220;without_pattern&#8220; z_index=&#8220;&#8220;][vc_column][vc_row_inner row_type=&#8220;row&#8220; type=&#8220;full_width&#8220; text_align=&#8220;left&#8220; css_animation=&#8220;&#8220; css=&#8220;.vc_custom_1645697109532{padding-top: 40px !important;}&#8220;][vc_column_inner width=&#8220;1\/2&#8243;][vc_column_text css=&#8220;&#8220;] Alpex G &amp; T Alkoholfreier Aperitif Mit Eisw\u00fcrfeln und Zitronenscheibe genie\u00dfen Ein alkoholfreier Aperitif mit einem Hauch von Wacholderbeeren als raffinierte alkoholfreie&#8230;<\/p>\n","protected":false},"author":1,"featured_media":0,"parent":1675,"menu_order":0,"comment_status":"closed","ping_status":"closed","template":"full_width.php","meta":{"footnotes":""},"class_list":["post-2436","page","type-page","status-publish","hentry"],"yoast_head":"<!-- This site is optimized with the Yoast SEO plugin v27.3 - https:\/\/yoast.com\/product\/yoast-seo-wordpress\/ -->\n<title>Alpex G &amp; T Alkoholfreier Aperitiv - Alpex<\/title>\n<meta name=\"robots\" content=\"index, follow, max-snippet:-1, max-image-preview:large, max-video-preview:-1\" \/>\n<link rel=\"canonical\" href=\"https:\/\/alpexdrinks.com\/de\/unsere-produkte\/g-and-t-alkoholfreier-aperitiv\/\" \/>\n<meta property=\"og:locale\" content=\"de_DE\" \/>\n<meta property=\"og:type\" content=\"article\" \/>\n<meta property=\"og:title\" content=\"Alpex G &amp; T Alkoholfreier Aperitiv - Alpex\" \/>\n<meta property=\"og:description\" content=\"[vc_row css_animation=&#8220;&#8220; row_type=&#8220;row&#8220; use_row_as_full_screen_section=&#8220;no&#8220; type=&#8220;grid&#8220; angled_section=&#8220;no&#8220; text_align=&#8220;left&#8220; background_image_as_pattern=&#8220;without_pattern&#8220; z_index=&#8220;&#8220;][vc_column][vc_row_inner row_type=&#8220;row&#8220; type=&#8220;full_width&#8220; text_align=&#8220;left&#8220; css_animation=&#8220;&#8220; css=&#8220;.vc_custom_1645697109532{padding-top: 40px !important;}&#8220;][vc_column_inner width=&#8220;1\/2&#8243;][vc_column_text css=&#8220;&#8220;] Alpex G &amp; T Alkoholfreier Aperitif Mit Eisw\u00fcrfeln und Zitronenscheibe genie\u00dfen Ein alkoholfreier Aperitif mit einem Hauch von Wacholderbeeren als raffinierte alkoholfreie...\" \/>\n<meta property=\"og:url\" content=\"https:\/\/alpexdrinks.com\/de\/unsere-produkte\/g-and-t-alkoholfreier-aperitiv\/\" \/>\n<meta property=\"og:site_name\" content=\"Alpex\" \/>\n<meta property=\"article:modified_time\" content=\"2025-10-30T14:41:47+00:00\" \/>\n<meta name=\"twitter:card\" content=\"summary_large_image\" \/>\n<meta name=\"twitter:label1\" content=\"Gesch\u00e4tzte Lesezeit\" \/>\n\t<meta name=\"twitter:data1\" content=\"3\u00a0Minuten\" \/>\n<script type=\"application\/ld+json\" class=\"yoast-schema-graph\">{\"@context\":\"https:\\\/\\\/schema.org\",\"@graph\":[{\"@type\":\"WebPage\",\"@id\":\"https:\\\/\\\/alpexdrinks.com\\\/de\\\/unsere-produkte\\\/g-and-t-alkoholfreier-aperitiv\\\/\",\"url\":\"https:\\\/\\\/alpexdrinks.com\\\/de\\\/unsere-produkte\\\/g-and-t-alkoholfreier-aperitiv\\\/\",\"name\":\"Alpex G & T Alkoholfreier Aperitiv - Alpex\",\"isPartOf\":{\"@id\":\"https:\\\/\\\/alpexdrinks.com\\\/de\\\/#website\"},\"datePublished\":\"2023-04-28T11:27:03+00:00\",\"dateModified\":\"2025-10-30T14:41:47+00:00\",\"breadcrumb\":{\"@id\":\"https:\\\/\\\/alpexdrinks.com\\\/de\\\/unsere-produkte\\\/g-and-t-alkoholfreier-aperitiv\\\/#breadcrumb\"},\"inLanguage\":\"de\",\"potentialAction\":[{\"@type\":\"ReadAction\",\"target\":[\"https:\\\/\\\/alpexdrinks.com\\\/de\\\/unsere-produkte\\\/g-and-t-alkoholfreier-aperitiv\\\/\"]}]},{\"@type\":\"BreadcrumbList\",\"@id\":\"https:\\\/\\\/alpexdrinks.com\\\/de\\\/unsere-produkte\\\/g-and-t-alkoholfreier-aperitiv\\\/#breadcrumb\",\"itemListElement\":[{\"@type\":\"ListItem\",\"position\":1,\"name\":\"Home\",\"item\":\"https:\\\/\\\/alpexdrinks.com\\\/de\\\/\"},{\"@type\":\"ListItem\",\"position\":2,\"name\":\"Unsere Produkte\",\"item\":\"https:\\\/\\\/alpexdrinks.com\\\/de\\\/unsere-produkte\\\/\"},{\"@type\":\"ListItem\",\"position\":3,\"name\":\"Alpex G &#038; T Alkoholfreier Aperitiv\"}]},{\"@type\":\"WebSite\",\"@id\":\"https:\\\/\\\/alpexdrinks.com\\\/de\\\/#website\",\"url\":\"https:\\\/\\\/alpexdrinks.com\\\/de\\\/\",\"name\":\"Alpex\",\"description\":\"Supreme Tonic Water\",\"potentialAction\":[{\"@type\":\"SearchAction\",\"target\":{\"@type\":\"EntryPoint\",\"urlTemplate\":\"https:\\\/\\\/alpexdrinks.com\\\/de\\\/?s={search_term_string}\"},\"query-input\":{\"@type\":\"PropertyValueSpecification\",\"valueRequired\":true,\"valueName\":\"search_term_string\"}}],\"inLanguage\":\"de\"}]}<\/script>\n<!-- \/ Yoast SEO plugin. -->","yoast_head_json":{"title":"Alpex G & T Alkoholfreier Aperitiv - Alpex","robots":{"index":"index","follow":"follow","max-snippet":"max-snippet:-1","max-image-preview":"max-image-preview:large","max-video-preview":"max-video-preview:-1"},"canonical":"https:\/\/alpexdrinks.com\/de\/unsere-produkte\/g-and-t-alkoholfreier-aperitiv\/","og_locale":"de_DE","og_type":"article","og_title":"Alpex G & T Alkoholfreier Aperitiv - Alpex","og_description":"[vc_row css_animation=&#8220;&#8220; row_type=&#8220;row&#8220; use_row_as_full_screen_section=&#8220;no&#8220; type=&#8220;grid&#8220; angled_section=&#8220;no&#8220; text_align=&#8220;left&#8220; background_image_as_pattern=&#8220;without_pattern&#8220; z_index=&#8220;&#8220;][vc_column][vc_row_inner row_type=&#8220;row&#8220; type=&#8220;full_width&#8220; text_align=&#8220;left&#8220; css_animation=&#8220;&#8220; css=&#8220;.vc_custom_1645697109532{padding-top: 40px !important;}&#8220;][vc_column_inner width=&#8220;1\/2&#8243;][vc_column_text css=&#8220;&#8220;] Alpex G &amp; T Alkoholfreier Aperitif Mit Eisw\u00fcrfeln und Zitronenscheibe genie\u00dfen Ein alkoholfreier Aperitif mit einem Hauch von Wacholderbeeren als raffinierte alkoholfreie...","og_url":"https:\/\/alpexdrinks.com\/de\/unsere-produkte\/g-and-t-alkoholfreier-aperitiv\/","og_site_name":"Alpex","article_modified_time":"2025-10-30T14:41:47+00:00","twitter_card":"summary_large_image","twitter_misc":{"Gesch\u00e4tzte Lesezeit":"3\u00a0Minuten"},"schema":{"@context":"https:\/\/schema.org","@graph":[{"@type":"WebPage","@id":"https:\/\/alpexdrinks.com\/de\/unsere-produkte\/g-and-t-alkoholfreier-aperitiv\/","url":"https:\/\/alpexdrinks.com\/de\/unsere-produkte\/g-and-t-alkoholfreier-aperitiv\/","name":"Alpex G & T Alkoholfreier Aperitiv - Alpex","isPartOf":{"@id":"https:\/\/alpexdrinks.com\/de\/#website"},"datePublished":"2023-04-28T11:27:03+00:00","dateModified":"2025-10-30T14:41:47+00:00","breadcrumb":{"@id":"https:\/\/alpexdrinks.com\/de\/unsere-produkte\/g-and-t-alkoholfreier-aperitiv\/#breadcrumb"},"inLanguage":"de","potentialAction":[{"@type":"ReadAction","target":["https:\/\/alpexdrinks.com\/de\/unsere-produkte\/g-and-t-alkoholfreier-aperitiv\/"]}]},{"@type":"BreadcrumbList","@id":"https:\/\/alpexdrinks.com\/de\/unsere-produkte\/g-and-t-alkoholfreier-aperitiv\/#breadcrumb","itemListElement":[{"@type":"ListItem","position":1,"name":"Home","item":"https:\/\/alpexdrinks.com\/de\/"},{"@type":"ListItem","position":2,"name":"Unsere Produkte","item":"https:\/\/alpexdrinks.com\/de\/unsere-produkte\/"},{"@type":"ListItem","position":3,"name":"Alpex G &#038; T Alkoholfreier Aperitiv"}]},{"@type":"WebSite","@id":"https:\/\/alpexdrinks.com\/de\/#website","url":"https:\/\/alpexdrinks.com\/de\/","name":"Alpex","description":"Supreme Tonic Water","potentialAction":[{"@type":"SearchAction","target":{"@type":"EntryPoint","urlTemplate":"https:\/\/alpexdrinks.com\/de\/?s={search_term_string}"},"query-input":{"@type":"PropertyValueSpecification","valueRequired":true,"valueName":"search_term_string"}}],"inLanguage":"de"}]}},"_hostinger_reach_plugin_has_subscription_block":false,"_hostinger_reach_plugin_is_elementor":false,"_links":{"self":[{"href":"https:\/\/alpexdrinks.com\/de\/wp-json\/wp\/v2\/pages\/2436","targetHints":{"allow":["GET"]}}],"collection":[{"href":"https:\/\/alpexdrinks.com\/de\/wp-json\/wp\/v2\/pages"}],"about":[{"href":"https:\/\/alpexdrinks.com\/de\/wp-json\/wp\/v2\/types\/page"}],"author":[{"embeddable":true,"href":"https:\/\/alpexdrinks.com\/de\/wp-json\/wp\/v2\/users\/1"}],"replies":[{"embeddable":true,"href":"https:\/\/alpexdrinks.com\/de\/wp-json\/wp\/v2\/comments?post=2436"}],"version-history":[{"count":12,"href":"https:\/\/alpexdrinks.com\/de\/wp-json\/wp\/v2\/pages\/2436\/revisions"}],"predecessor-version":[{"id":4581,"href":"https:\/\/alpexdrinks.com\/de\/wp-json\/wp\/v2\/pages\/2436\/revisions\/4581"}],"up":[{"embeddable":true,"href":"https:\/\/alpexdrinks.com\/de\/wp-json\/wp\/v2\/pages\/1675"}],"wp:attachment":[{"href":"https:\/\/alpexdrinks.com\/de\/wp-json\/wp\/v2\/media?parent=2436"}],"curies":[{"name":"wp","href":"https:\/\/api.w.org\/{rel}","templated":true}]}}