{"id":2441,"date":"2023-04-28T13:18:12","date_gmt":"2023-04-28T11:18:12","guid":{"rendered":"https:\/\/www.alpexdrinks.com\/?page_id=2441"},"modified":"2025-10-30T14:08:53","modified_gmt":"2025-10-30T13:08:53","slug":"alpex-hugo-alkoholfreier-aperitiv","status":"publish","type":"page","link":"https:\/\/alpexdrinks.com\/de\/unsere-produkte\/alpex-hugo-alkoholfreier-aperitiv\/","title":{"rendered":"Alpex Hugo Alkoholfreier Aperitiv"},"content":{"rendered":"<div class=\"wpb-content-wrapper\"><p>[vc_row css_animation=&#8220;&#8220; row_type=&#8220;row&#8220; use_row_as_full_screen_section=&#8220;no&#8220; type=&#8220;grid&#8220; angled_section=&#8220;no&#8220; text_align=&#8220;left&#8220; background_image_as_pattern=&#8220;without_pattern&#8220; z_index=&#8220;&#8220;][vc_column][vc_row_inner row_type=&#8220;row&#8220; type=&#8220;full_width&#8220; text_align=&#8220;left&#8220; css_animation=&#8220;&#8220; css=&#8220;.vc_custom_1645697109532{padding-top: 40px !important;}&#8220;][vc_column_inner width=&#8220;1\/2&#8243;][vc_column_text css=&#8220;&#8220;]<\/p>\n<div class=\"alpex-product-item\">\n<h2>Alpex Hugo<\/h2>\n<h3 class=\"lavender-text\">Alkoholfreier Aperitif<\/h3>\n<\/div>\n<p class=\"p1\"><strong>Mit Eisw\u00fcrfeln und Minze genie\u00dfen<\/strong><\/p>\n<p class=\"p1\">Der S\u00fcdtiroler Aperitif-Klassiker aus Holunderbl\u00fcten mit feinem Aroma und erfrischendem Geschmack &#8211; ganz ohne Alkohol. Ein Muss f\u00fcr alle Liebhaber dieses Cocktails, der garantiert auch alle anderen als Alternative zu den alkoholfreien Standarddrinks \u00fcberzeugen wird. Aus hochwertigen Zutaten nach traditioneller Rezeptur hergestellt.<\/p>\n<p>[\/vc_column_text][\/vc_column_inner][vc_column_inner width=&#8220;1\/2&#8243;][vc_single_image image=&#8220;2560&#8243; img_size=&#8220;large&#8220; alignment=&#8220;center&#8220; qode_css_animation=&#8220;element_from_right&#8220;][\/vc_column_inner][\/vc_row_inner][\/vc_column][\/vc_row][vc_row row_type=&#8220;parallax&#8220; parallax_content_width=&#8220;in_grid&#8220; text_align=&#8220;left&#8220; full_screen_section_height=&#8220;no&#8220; background_image=&#8220;2563&#8243; el_class=&#8220;hugo-parallax&#8220;][vc_column][vc_row_inner row_type=&#8220;row&#8220; type=&#8220;full_width&#8220; text_align=&#8220;left&#8220; css_animation=&#8220;&#8220; css=&#8220;.vc_custom_1645619457822{margin-top: 200px !important;margin-bottom: 200px !important;}&#8220;][vc_column_inner width=&#8220;1\/2&#8243;][\/vc_column_inner][vc_column_inner width=&#8220;1\/2&#8243;][vc_column_text css=&#8220;.vc_custom_1761829711197{padding-top: 20px !important;padding-right: 20px !important;padding-bottom: 20px !important;padding-left: 20px !important;background-color: rgba(0,0,0,0.4) !important;*background-color: rgb(0,0,0) !important;}&#8220;]<\/p>\n<h2 class=\"lavender-text\">Winning Points<\/h2>\n<p>&#8211; Hochwertiges alkoholfreies Getr\u00e4nk<br \/>\n&#8211; Alkoholfreier und moderner Trend-Aperitif<br \/>\n&#8211; Praktisch und trinkfertig<br \/>\n&#8211; Getr\u00e4nk f\u00fcr jeden Geschmack &#8211; besonders beliebt bei Frauen und Querdenkern[\/vc_column_text][\/vc_column_inner][\/vc_row_inner][\/vc_column][\/vc_row][vc_row css_animation=&#8220;&#8220; row_type=&#8220;row&#8220; use_row_as_full_screen_section=&#8220;no&#8220; type=&#8220;full_width&#8220; angled_section=&#8220;no&#8220; text_align=&#8220;left&#8220; background_image_as_pattern=&#8220;without_pattern&#8220;][vc_column][vc_empty_space height=&#8220;60px&#8220;][\/vc_column][\/vc_row][vc_row css_animation=&#8220;&#8220; row_type=&#8220;row&#8220; use_row_as_full_screen_section=&#8220;no&#8220; type=&#8220;full_width&#8220; angled_section=&#8220;no&#8220; text_align=&#8220;left&#8220; background_image_as_pattern=&#8220;without_pattern&#8220; css=&#8220;.vc_custom_1645634113506{padding-bottom: 40px !important;}&#8220; z_index=&#8220;&#8220;][vc_column][vc_row_inner row_type=&#8220;row&#8220; type=&#8220;grid&#8220; text_align=&#8220;center&#8220; css_animation=&#8220;&#8220; css=&#8220;.vc_custom_1645693947320{border-top-width: 2px !important;border-bottom-width: 2px !important;}&#8220; el_class=&#8220;product-features&#8220;][vc_column_inner el_class=&#8220;mixer-container&#8220; width=&#8220;1\/2&#8243; css=&#8220;.vc_custom_1645694399382{border-top-width: 2px !important;border-bottom-width: 2px !important;padding-top: 20px !important;padding-bottom: 20px !important;border-top-color: #ffffff !important;border-top-style: solid !important;border-bottom-color: #ffffff !important;border-bottom-style: solid !important;}&#8220;][vc_column_text css=&#8220;&#8220;]<\/p>\n<h2 class=\"lavender-text\">Als Mixgetr\u00e4nk<\/h2>\n<p>Bleibt auch als Mixgetr\u00e4nk seinem Charakter treu: mit Prosecco oder als Basis f\u00fcr alkoholfreie Cocktails.[\/vc_column_text][\/vc_column_inner][vc_column_inner width=&#8220;1\/2&#8243; css=&#8220;.vc_custom_1645694413837{border-top-width: 2px !important;border-bottom-width: 2px !important;padding-top: 20px !important;padding-bottom: 20px !important;border-top-color: #ffffff !important;border-top-style: solid !important;border-bottom-color: #ffffff !important;border-bottom-style: solid !important;}&#8220;][vc_column_text css=&#8220;&#8220;]<\/p>\n<h2 class=\"lavender-text\">Pur<\/h2>\n<p>Eisgek\u00fchlt mit Eisw\u00fcrfeln und Minze servieren: So entsteht der typische Geschmack des Hugo-Aperitifs &#8211; ganz ohne Alkohol. Kann alternativ auch mit einer Zitronenscheibe oder etwas Limettensaft serviert werden.[\/vc_column_text][\/vc_column_inner][\/vc_row_inner][vc_row_inner row_type=&#8220;row&#8220; type=&#8220;grid&#8220; text_align=&#8220;center&#8220; css_animation=&#8220;&#8220; css=&#8220;.vc_custom_1645634408447{padding-top: 40px !important;padding-bottom: 40px !important;}&#8220;][vc_column_inner][vc_column_text]<\/p>\n<p><em>Mit Holunderbl\u00fctensirup und ausgew\u00e4hlten nat\u00fcrlichen Aromen. Frei von Konservierungsstoffen und S\u00fc\u00dfstoffen.<\/em><\/p>\n<p>[\/vc_column_text][\/vc_column_inner][\/vc_row_inner][vc_row_inner row_type=&#8220;row&#8220; type=&#8220;grid&#8220; text_align=&#8220;center&#8220; css_animation=&#8220;&#8220; css=&#8220;.vc_custom_1645634394190{padding-top: 40px !important;padding-bottom: 40px !important;}&#8220;][vc_column_inner][vc_column_text css=&#8220;&#8220;]<\/p>\n<h2 class=\"lavender-text\">N\u00e4hrwerte pro 100 ml<\/h2>\n<p>[\/vc_column_text][\/vc_column_inner][\/vc_row_inner][vc_row_inner row_type=&#8220;row&#8220; type=&#8220;grid&#8220; text_align=&#8220;center&#8220; css_animation=&#8220;&#8220; css=&#8220;.vc_custom_1645694489422{padding-bottom: 40px !important;}&#8220;][vc_column_inner width=&#8220;1\/5&#8243;][vc_column_text]<\/p>\n<h4 class=\"lavender-text\">Energie<\/h4>\n<p>52Kcal<\/p>\n<p>[\/vc_column_text][\/vc_column_inner][vc_column_inner width=&#8220;1\/5&#8243;][vc_column_text]<\/p>\n<h4 class=\"lavender-text\">Kohlenhydrate<\/h4>\n<p>12 g davon<\/p>\n<p>[\/vc_column_text][\/vc_column_inner][vc_column_inner width=&#8220;1\/5&#8243;][vc_column_text]<\/p>\n<h4 class=\"lavender-text\">Zucker<\/h4>\n<p>12 g<\/p>\n<p>[\/vc_column_text][\/vc_column_inner][vc_column_inner width=&#8220;1\/5&#8243;][vc_column_text]<\/p>\n<h4 class=\"lavender-text\">Eiwei\u00df, Fett<\/h4>\n<p>0 g<\/p>\n<p>[\/vc_column_text][\/vc_column_inner][vc_column_inner width=&#8220;1\/5&#8243;][vc_column_text]<\/p>\n<h4 class=\"lavender-text\">Salz<\/h4>\n<p>0 g<\/p>\n<p>[\/vc_column_text][\/vc_column_inner][\/vc_row_inner][vc_row_inner row_type=&#8220;row&#8220; type=&#8220;grid&#8220; text_align=&#8220;center&#8220; css_animation=&#8220;&#8220; css=&#8220;.vc_custom_1645694049315{padding-bottom: 40px !important;}&#8220;][vc_column_inner width=&#8220;1\/6&#8243;][\/vc_column_inner][vc_column_inner width=&#8220;2\/3&#8243;][vc_column_text css=&#8220;&#8220;]<\/p>\n<h3 class=\"lavender-text\">Zutaten<\/h3>\n<p class=\"p1\">Wasser, Zucker, 3 % Zitronensaftkonzentrat, 3 % Apfelsaftkonzentrat, Kohlens\u00e4ure, 0,3 % Holunderbl\u00fctensirup, nat\u00fcrliche Aromen.<\/p>\n<p>[\/vc_column_text][\/vc_column_inner][vc_column_inner width=&#8220;1\/6&#8243;][\/vc_column_inner][\/vc_row_inner][\/vc_column][\/vc_row]<\/p>\n<\/div>","protected":false},"excerpt":{"rendered":"<p>[vc_row css_animation=&#8220;&#8220; row_type=&#8220;row&#8220; use_row_as_full_screen_section=&#8220;no&#8220; type=&#8220;grid&#8220; angled_section=&#8220;no&#8220; text_align=&#8220;left&#8220; background_image_as_pattern=&#8220;without_pattern&#8220; z_index=&#8220;&#8220;][vc_column][vc_row_inner row_type=&#8220;row&#8220; type=&#8220;full_width&#8220; text_align=&#8220;left&#8220; css_animation=&#8220;&#8220; css=&#8220;.vc_custom_1645697109532{padding-top: 40px !important;}&#8220;][vc_column_inner width=&#8220;1\/2&#8243;][vc_column_text css=&#8220;&#8220;] Alpex Hugo Alkoholfreier Aperitif Mit Eisw\u00fcrfeln und Minze genie\u00dfen Der S\u00fcdtiroler Aperitif-Klassiker aus Holunderbl\u00fcten mit feinem Aroma und erfrischendem Geschmack &#8211; ganz&#8230;<\/p>\n","protected":false},"author":1,"featured_media":0,"parent":1675,"menu_order":0,"comment_status":"closed","ping_status":"closed","template":"full_width.php","meta":{"footnotes":""},"class_list":["post-2441","page","type-page","status-publish","hentry"],"yoast_head":"<!-- This site is optimized with the Yoast SEO plugin v27.3 - https:\/\/yoast.com\/product\/yoast-seo-wordpress\/ -->\n<title>Alpex Hugo Alkoholfreier Aperitiv - Alpex<\/title>\n<meta name=\"robots\" content=\"index, follow, max-snippet:-1, max-image-preview:large, max-video-preview:-1\" \/>\n<link rel=\"canonical\" href=\"https:\/\/alpexdrinks.com\/de\/unsere-produkte\/alpex-hugo-alkoholfreier-aperitiv\/\" \/>\n<meta property=\"og:locale\" content=\"de_DE\" \/>\n<meta property=\"og:type\" content=\"article\" \/>\n<meta property=\"og:title\" content=\"Alpex Hugo Alkoholfreier Aperitiv - Alpex\" \/>\n<meta property=\"og:description\" content=\"[vc_row css_animation=&#8220;&#8220; row_type=&#8220;row&#8220; use_row_as_full_screen_section=&#8220;no&#8220; type=&#8220;grid&#8220; angled_section=&#8220;no&#8220; text_align=&#8220;left&#8220; background_image_as_pattern=&#8220;without_pattern&#8220; z_index=&#8220;&#8220;][vc_column][vc_row_inner row_type=&#8220;row&#8220; type=&#8220;full_width&#8220; text_align=&#8220;left&#8220; css_animation=&#8220;&#8220; css=&#8220;.vc_custom_1645697109532{padding-top: 40px !important;}&#8220;][vc_column_inner width=&#8220;1\/2&#8243;][vc_column_text css=&#8220;&#8220;] Alpex Hugo Alkoholfreier Aperitif Mit Eisw\u00fcrfeln und Minze genie\u00dfen Der S\u00fcdtiroler Aperitif-Klassiker aus Holunderbl\u00fcten mit feinem Aroma und erfrischendem Geschmack &#8211; ganz...\" \/>\n<meta property=\"og:url\" content=\"https:\/\/alpexdrinks.com\/de\/unsere-produkte\/alpex-hugo-alkoholfreier-aperitiv\/\" \/>\n<meta property=\"og:site_name\" content=\"Alpex\" \/>\n<meta property=\"article:modified_time\" content=\"2025-10-30T13:08:53+00:00\" \/>\n<meta name=\"twitter:card\" content=\"summary_large_image\" \/>\n<meta name=\"twitter:label1\" content=\"Gesch\u00e4tzte Lesezeit\" \/>\n\t<meta name=\"twitter:data1\" content=\"3\u00a0Minuten\" \/>\n<script type=\"application\/ld+json\" class=\"yoast-schema-graph\">{\"@context\":\"https:\\\/\\\/schema.org\",\"@graph\":[{\"@type\":\"WebPage\",\"@id\":\"https:\\\/\\\/alpexdrinks.com\\\/de\\\/unsere-produkte\\\/alpex-hugo-alkoholfreier-aperitiv\\\/\",\"url\":\"https:\\\/\\\/alpexdrinks.com\\\/de\\\/unsere-produkte\\\/alpex-hugo-alkoholfreier-aperitiv\\\/\",\"name\":\"Alpex Hugo Alkoholfreier Aperitiv - Alpex\",\"isPartOf\":{\"@id\":\"https:\\\/\\\/alpexdrinks.com\\\/de\\\/#website\"},\"datePublished\":\"2023-04-28T11:18:12+00:00\",\"dateModified\":\"2025-10-30T13:08:53+00:00\",\"breadcrumb\":{\"@id\":\"https:\\\/\\\/alpexdrinks.com\\\/de\\\/unsere-produkte\\\/alpex-hugo-alkoholfreier-aperitiv\\\/#breadcrumb\"},\"inLanguage\":\"de\",\"potentialAction\":[{\"@type\":\"ReadAction\",\"target\":[\"https:\\\/\\\/alpexdrinks.com\\\/de\\\/unsere-produkte\\\/alpex-hugo-alkoholfreier-aperitiv\\\/\"]}]},{\"@type\":\"BreadcrumbList\",\"@id\":\"https:\\\/\\\/alpexdrinks.com\\\/de\\\/unsere-produkte\\\/alpex-hugo-alkoholfreier-aperitiv\\\/#breadcrumb\",\"itemListElement\":[{\"@type\":\"ListItem\",\"position\":1,\"name\":\"Home\",\"item\":\"https:\\\/\\\/alpexdrinks.com\\\/de\\\/\"},{\"@type\":\"ListItem\",\"position\":2,\"name\":\"Unsere Produkte\",\"item\":\"https:\\\/\\\/alpexdrinks.com\\\/de\\\/unsere-produkte\\\/\"},{\"@type\":\"ListItem\",\"position\":3,\"name\":\"Alpex Hugo Alkoholfreier Aperitiv\"}]},{\"@type\":\"WebSite\",\"@id\":\"https:\\\/\\\/alpexdrinks.com\\\/de\\\/#website\",\"url\":\"https:\\\/\\\/alpexdrinks.com\\\/de\\\/\",\"name\":\"Alpex\",\"description\":\"Supreme Tonic Water\",\"potentialAction\":[{\"@type\":\"SearchAction\",\"target\":{\"@type\":\"EntryPoint\",\"urlTemplate\":\"https:\\\/\\\/alpexdrinks.com\\\/de\\\/?s={search_term_string}\"},\"query-input\":{\"@type\":\"PropertyValueSpecification\",\"valueRequired\":true,\"valueName\":\"search_term_string\"}}],\"inLanguage\":\"de\"}]}<\/script>\n<!-- \/ Yoast SEO plugin. -->","yoast_head_json":{"title":"Alpex Hugo Alkoholfreier Aperitiv - Alpex","robots":{"index":"index","follow":"follow","max-snippet":"max-snippet:-1","max-image-preview":"max-image-preview:large","max-video-preview":"max-video-preview:-1"},"canonical":"https:\/\/alpexdrinks.com\/de\/unsere-produkte\/alpex-hugo-alkoholfreier-aperitiv\/","og_locale":"de_DE","og_type":"article","og_title":"Alpex Hugo Alkoholfreier Aperitiv - Alpex","og_description":"[vc_row css_animation=&#8220;&#8220; row_type=&#8220;row&#8220; use_row_as_full_screen_section=&#8220;no&#8220; type=&#8220;grid&#8220; angled_section=&#8220;no&#8220; text_align=&#8220;left&#8220; background_image_as_pattern=&#8220;without_pattern&#8220; z_index=&#8220;&#8220;][vc_column][vc_row_inner row_type=&#8220;row&#8220; type=&#8220;full_width&#8220; text_align=&#8220;left&#8220; css_animation=&#8220;&#8220; css=&#8220;.vc_custom_1645697109532{padding-top: 40px !important;}&#8220;][vc_column_inner width=&#8220;1\/2&#8243;][vc_column_text css=&#8220;&#8220;] Alpex Hugo Alkoholfreier Aperitif Mit Eisw\u00fcrfeln und Minze genie\u00dfen Der S\u00fcdtiroler Aperitif-Klassiker aus Holunderbl\u00fcten mit feinem Aroma und erfrischendem Geschmack &#8211; ganz...","og_url":"https:\/\/alpexdrinks.com\/de\/unsere-produkte\/alpex-hugo-alkoholfreier-aperitiv\/","og_site_name":"Alpex","article_modified_time":"2025-10-30T13:08:53+00:00","twitter_card":"summary_large_image","twitter_misc":{"Gesch\u00e4tzte Lesezeit":"3\u00a0Minuten"},"schema":{"@context":"https:\/\/schema.org","@graph":[{"@type":"WebPage","@id":"https:\/\/alpexdrinks.com\/de\/unsere-produkte\/alpex-hugo-alkoholfreier-aperitiv\/","url":"https:\/\/alpexdrinks.com\/de\/unsere-produkte\/alpex-hugo-alkoholfreier-aperitiv\/","name":"Alpex Hugo Alkoholfreier Aperitiv - Alpex","isPartOf":{"@id":"https:\/\/alpexdrinks.com\/de\/#website"},"datePublished":"2023-04-28T11:18:12+00:00","dateModified":"2025-10-30T13:08:53+00:00","breadcrumb":{"@id":"https:\/\/alpexdrinks.com\/de\/unsere-produkte\/alpex-hugo-alkoholfreier-aperitiv\/#breadcrumb"},"inLanguage":"de","potentialAction":[{"@type":"ReadAction","target":["https:\/\/alpexdrinks.com\/de\/unsere-produkte\/alpex-hugo-alkoholfreier-aperitiv\/"]}]},{"@type":"BreadcrumbList","@id":"https:\/\/alpexdrinks.com\/de\/unsere-produkte\/alpex-hugo-alkoholfreier-aperitiv\/#breadcrumb","itemListElement":[{"@type":"ListItem","position":1,"name":"Home","item":"https:\/\/alpexdrinks.com\/de\/"},{"@type":"ListItem","position":2,"name":"Unsere Produkte","item":"https:\/\/alpexdrinks.com\/de\/unsere-produkte\/"},{"@type":"ListItem","position":3,"name":"Alpex Hugo Alkoholfreier Aperitiv"}]},{"@type":"WebSite","@id":"https:\/\/alpexdrinks.com\/de\/#website","url":"https:\/\/alpexdrinks.com\/de\/","name":"Alpex","description":"Supreme Tonic Water","potentialAction":[{"@type":"SearchAction","target":{"@type":"EntryPoint","urlTemplate":"https:\/\/alpexdrinks.com\/de\/?s={search_term_string}"},"query-input":{"@type":"PropertyValueSpecification","valueRequired":true,"valueName":"search_term_string"}}],"inLanguage":"de"}]}},"_hostinger_reach_plugin_has_subscription_block":false,"_hostinger_reach_plugin_is_elementor":false,"_links":{"self":[{"href":"https:\/\/alpexdrinks.com\/de\/wp-json\/wp\/v2\/pages\/2441","targetHints":{"allow":["GET"]}}],"collection":[{"href":"https:\/\/alpexdrinks.com\/de\/wp-json\/wp\/v2\/pages"}],"about":[{"href":"https:\/\/alpexdrinks.com\/de\/wp-json\/wp\/v2\/types\/page"}],"author":[{"embeddable":true,"href":"https:\/\/alpexdrinks.com\/de\/wp-json\/wp\/v2\/users\/1"}],"replies":[{"embeddable":true,"href":"https:\/\/alpexdrinks.com\/de\/wp-json\/wp\/v2\/comments?post=2441"}],"version-history":[{"count":12,"href":"https:\/\/alpexdrinks.com\/de\/wp-json\/wp\/v2\/pages\/2441\/revisions"}],"predecessor-version":[{"id":4579,"href":"https:\/\/alpexdrinks.com\/de\/wp-json\/wp\/v2\/pages\/2441\/revisions\/4579"}],"up":[{"embeddable":true,"href":"https:\/\/alpexdrinks.com\/de\/wp-json\/wp\/v2\/pages\/1675"}],"wp:attachment":[{"href":"https:\/\/alpexdrinks.com\/de\/wp-json\/wp\/v2\/media?parent=2441"}],"curies":[{"name":"wp","href":"https:\/\/api.w.org\/{rel}","templated":true}]}}