{"id":2509,"date":"2023-04-28T17:37:59","date_gmt":"2023-04-28T15:37:59","guid":{"rendered":"https:\/\/www.alpexdrinks.com\/?page_id=2509"},"modified":"2025-07-07T12:10:50","modified_gmt":"2025-07-07T10:10:50","slug":"alpex-cola-classica","status":"publish","type":"page","link":"https:\/\/alpexdrinks.com\/de\/unsere-produkte\/alpex-cola-classica\/","title":{"rendered":"Alpex Cola Classica"},"content":{"rendered":"<div class=\"wpb-content-wrapper\"><p>[vc_row css_animation=&#8220;&#8220; row_type=&#8220;row&#8220; use_row_as_full_screen_section=&#8220;no&#8220; type=&#8220;grid&#8220; angled_section=&#8220;no&#8220; text_align=&#8220;left&#8220; background_image_as_pattern=&#8220;without_pattern&#8220; z_index=&#8220;&#8220;][vc_column][vc_row_inner row_type=&#8220;row&#8220; type=&#8220;full_width&#8220; text_align=&#8220;left&#8220; css_animation=&#8220;&#8220; css=&#8220;.vc_custom_1645697109532{padding-top: 40px !important;}&#8220;][vc_column_inner width=&#8220;1\/2&#8243;][vc_column_text]<\/p>\n<div class=\"alpex-product-item\">\n<h2>Alpex Cola<\/h2>\n<h3 class=\"red-text\">Classica<\/h3>\n<\/div>\n<p class=\"p1\"><strong>Die italienische Cola mit Quellwasser aus den Dolomiten<\/strong><\/p>\n<p class=\"p1\">Endlich: eine rein italienische und nachhaltige Cola. Diese Cola nach einer Originalrezeptur aus hochwertigen Zutaten und Quellwasser aus den Dolomiten ist die perfekte Alternative zu den handels\u00fcblichen Colas. Sie schmeckt hervorragend pur mit Eisw\u00fcrfeln und Zitronenscheibe und verleiht auch typischen Cocktails mit Cola eine pers\u00f6nliche Note.<\/p>\n<p>[\/vc_column_text][\/vc_column_inner][vc_column_inner width=&#8220;1\/2&#8243;][vc_single_image image=&#8220;2490&#8243; img_size=&#8220;large&#8220; alignment=&#8220;center&#8220; qode_css_animation=&#8220;element_from_right&#8220;][\/vc_column_inner][\/vc_row_inner][\/vc_column][\/vc_row][vc_row row_type=&#8220;parallax&#8220; parallax_content_width=&#8220;in_grid&#8220; text_align=&#8220;left&#8220; full_screen_section_height=&#8220;no&#8220; background_image=&#8220;2484&#8243; el_class=&#8220;cola-parallax&#8220;][vc_column][vc_row_inner row_type=&#8220;row&#8220; type=&#8220;full_width&#8220; text_align=&#8220;left&#8220; css_animation=&#8220;&#8220; css=&#8220;.vc_custom_1645619457822{margin-top: 200px !important;margin-bottom: 200px !important;}&#8220;][vc_column_inner width=&#8220;1\/2&#8243;][\/vc_column_inner][vc_column_inner width=&#8220;1\/2&#8243;][vc_column_text css=&#8220;.vc_custom_1689609639886{padding-top: 20px !important;padding-right: 20px !important;padding-bottom: 20px !important;padding-left: 20px !important;background-color: rgba(0,0,0,0.4) !important;*background-color: rgb(0,0,0) !important;}&#8220;]<\/p>\n<h2 class=\"red-text\">Winning Points<\/h2>\n<p>&#8211; Dank Originalrezeptur noch besser<br \/>\n&#8211; Rein italienisch und regional verbunden<br \/>\n&#8211; Nachhaltig und nur in der Glasflasche erh\u00e4ltlich<\/p>\n<p>[\/vc_column_text][\/vc_column_inner][\/vc_row_inner][\/vc_column][\/vc_row][vc_row css_animation=&#8220;&#8220; row_type=&#8220;row&#8220; use_row_as_full_screen_section=&#8220;no&#8220; type=&#8220;full_width&#8220; angled_section=&#8220;no&#8220; text_align=&#8220;left&#8220; background_image_as_pattern=&#8220;without_pattern&#8220;][vc_column][vc_empty_space height=&#8220;60px&#8220;][\/vc_column][\/vc_row][vc_row css_animation=&#8220;&#8220; row_type=&#8220;row&#8220; use_row_as_full_screen_section=&#8220;no&#8220; type=&#8220;full_width&#8220; angled_section=&#8220;no&#8220; text_align=&#8220;left&#8220; background_image_as_pattern=&#8220;without_pattern&#8220; css=&#8220;.vc_custom_1645634113506{padding-bottom: 40px !important;}&#8220; z_index=&#8220;&#8220;][vc_column][vc_row_inner row_type=&#8220;row&#8220; type=&#8220;grid&#8220; text_align=&#8220;center&#8220; css_animation=&#8220;&#8220; css=&#8220;.vc_custom_1645693947320{border-top-width: 2px !important;border-bottom-width: 2px !important;}&#8220; el_class=&#8220;product-features&#8220;][vc_column_inner el_class=&#8220;mixer-container&#8220; width=&#8220;1\/2&#8243; css=&#8220;.vc_custom_1645694399382{border-top-width: 2px !important;border-bottom-width: 2px !important;padding-top: 20px !important;padding-bottom: 20px !important;border-top-color: #ffffff !important;border-top-style: solid !important;border-bottom-color: #ffffff !important;border-bottom-style: solid !important;}&#8220;][vc_column_text]<\/p>\n<h2 class=\"red-text\">Als Mixgetr\u00e4nk<\/h2>\n<p>Bringt mehr Charakter in typische Cocktails mit Cola: Long Island Ice Tea, Cuba Libre, Whisky Cola und vielen mehr.<\/p>\n<p>[\/vc_column_text][\/vc_column_inner][vc_column_inner width=&#8220;1\/2&#8243; css=&#8220;.vc_custom_1645694413837{border-top-width: 2px !important;border-bottom-width: 2px !important;padding-top: 20px !important;padding-bottom: 20px !important;border-top-color: #ffffff !important;border-top-style: solid !important;border-bottom-color: #ffffff !important;border-bottom-style: solid !important;}&#8220;][vc_column_text]<\/p>\n<h2 class=\"red-text\">Pur<\/h2>\n<p>F\u00fcr echten Geschmack eisgek\u00fchlt mit Eisw\u00fcrfeln und Zitronenscheibe servieren.<\/p>\n<p>[\/vc_column_text][\/vc_column_inner][\/vc_row_inner][vc_row_inner row_type=&#8220;row&#8220; type=&#8220;grid&#8220; text_align=&#8220;center&#8220; css_animation=&#8220;&#8220; css=&#8220;.vc_custom_1645634408447{padding-top: 40px !important;padding-bottom: 40px !important;}&#8220;][vc_column_inner][vc_column_text]<\/p>\n<p><em>Mit ausgew\u00e4hlten nat\u00fcrlichen Aromen und Quellwasser aus den Dolomiten. Auch in 1-Liter-Einweg-<\/em><em>Glasflaschen erh\u00e4ltlich.<\/em><\/p>\n<p>[\/vc_column_text][\/vc_column_inner][\/vc_row_inner][vc_row_inner row_type=&#8220;row&#8220; type=&#8220;grid&#8220; text_align=&#8220;center&#8220; css_animation=&#8220;&#8220; css=&#8220;.vc_custom_1645634394190{padding-top: 40px !important;padding-bottom: 40px !important;}&#8220;][vc_column_inner][vc_column_text css=&#8220;&#8220;]<\/p>\n<h2 class=\"red-text\">N\u00e4hrwerte pro 100 ml<\/h2>\n<p>[\/vc_column_text][\/vc_column_inner][\/vc_row_inner][vc_row_inner row_type=&#8220;row&#8220; type=&#8220;grid&#8220; text_align=&#8220;center&#8220; css_animation=&#8220;&#8220; css=&#8220;.vc_custom_1645694489422{padding-bottom: 40px !important;}&#8220;][vc_column_inner width=&#8220;1\/5&#8243;][vc_column_text]<\/p>\n<h4 class=\"red-text\">Energie<\/h4>\n<p>43 Kcal<\/p>\n<p>[\/vc_column_text][\/vc_column_inner][vc_column_inner width=&#8220;1\/5&#8243;][vc_column_text]<\/p>\n<h4 class=\"red-text\">Kohlenhydrate<\/h4>\n<p>10,9 g davon<\/p>\n<p>[\/vc_column_text][\/vc_column_inner][vc_column_inner width=&#8220;1\/5&#8243;][vc_column_text]<\/p>\n<h4 class=\"red-text\">Zucker<\/h4>\n<p>10,9 g<\/p>\n<p>[\/vc_column_text][\/vc_column_inner][vc_column_inner width=&#8220;1\/5&#8243;][vc_column_text]<\/p>\n<h4 class=\"red-text\">Eiwei\u00df, Fett<\/h4>\n<p>0 g<\/p>\n<p>[\/vc_column_text][\/vc_column_inner][vc_column_inner width=&#8220;1\/5&#8243;][vc_column_text]<\/p>\n<h4 class=\"red-text\">Salz<\/h4>\n<p>0 g<\/p>\n<p>[\/vc_column_text][\/vc_column_inner][\/vc_row_inner][vc_row_inner row_type=&#8220;row&#8220; type=&#8220;grid&#8220; text_align=&#8220;center&#8220; css_animation=&#8220;&#8220; css=&#8220;.vc_custom_1645694049315{padding-bottom: 40px !important;}&#8220;][vc_column_inner width=&#8220;1\/6&#8243;][\/vc_column_inner][vc_column_inner width=&#8220;2\/3&#8243;][vc_column_text css=&#8220;&#8220;]<\/p>\n<h3 class=\"red-text\">Zutaten<\/h3>\n<p class=\"p1\">Wasser, Zucker, Kohlens\u00e4ure, Farbstoff: E 150 d, S\u00e4uerungsmittel: Phosphors\u00e4ure, Konservierungsmittel: E 211, nat\u00fcrliches Aroma, Koffein-Aroma.<\/p>\n<p>[\/vc_column_text][\/vc_column_inner][vc_column_inner width=&#8220;1\/6&#8243;][\/vc_column_inner][\/vc_row_inner][\/vc_column][\/vc_row]<\/p>\n<\/div>","protected":false},"excerpt":{"rendered":"<p>[vc_row css_animation=&#8220;&#8220; row_type=&#8220;row&#8220; use_row_as_full_screen_section=&#8220;no&#8220; type=&#8220;grid&#8220; angled_section=&#8220;no&#8220; text_align=&#8220;left&#8220; background_image_as_pattern=&#8220;without_pattern&#8220; z_index=&#8220;&#8220;][vc_column][vc_row_inner row_type=&#8220;row&#8220; type=&#8220;full_width&#8220; text_align=&#8220;left&#8220; css_animation=&#8220;&#8220; css=&#8220;.vc_custom_1645697109532{padding-top: 40px !important;}&#8220;][vc_column_inner width=&#8220;1\/2&#8243;][vc_column_text] Alpex Cola Classica Die italienische Cola mit Quellwasser aus den Dolomiten Endlich: eine rein italienische und nachhaltige Cola. Diese Cola nach einer Originalrezeptur&#8230;<\/p>\n","protected":false},"author":1,"featured_media":0,"parent":1675,"menu_order":0,"comment_status":"closed","ping_status":"closed","template":"full_width.php","meta":{"footnotes":""},"class_list":["post-2509","page","type-page","status-publish","hentry"],"yoast_head":"<!-- This site is optimized with the Yoast SEO plugin v27.3 - https:\/\/yoast.com\/product\/yoast-seo-wordpress\/ -->\n<title>Alpex Cola Classica - Alpex<\/title>\n<meta name=\"robots\" content=\"index, follow, max-snippet:-1, max-image-preview:large, max-video-preview:-1\" \/>\n<link rel=\"canonical\" href=\"https:\/\/alpexdrinks.com\/de\/unsere-produkte\/alpex-cola-classica\/\" \/>\n<meta property=\"og:locale\" content=\"de_DE\" \/>\n<meta property=\"og:type\" content=\"article\" \/>\n<meta property=\"og:title\" content=\"Alpex Cola Classica - Alpex\" \/>\n<meta property=\"og:description\" content=\"[vc_row css_animation=&#8220;&#8220; row_type=&#8220;row&#8220; use_row_as_full_screen_section=&#8220;no&#8220; type=&#8220;grid&#8220; angled_section=&#8220;no&#8220; text_align=&#8220;left&#8220; background_image_as_pattern=&#8220;without_pattern&#8220; z_index=&#8220;&#8220;][vc_column][vc_row_inner row_type=&#8220;row&#8220; type=&#8220;full_width&#8220; text_align=&#8220;left&#8220; css_animation=&#8220;&#8220; css=&#8220;.vc_custom_1645697109532{padding-top: 40px !important;}&#8220;][vc_column_inner width=&#8220;1\/2&#8243;][vc_column_text] Alpex Cola Classica Die italienische Cola mit Quellwasser aus den Dolomiten Endlich: eine rein italienische und nachhaltige Cola. Diese Cola nach einer Originalrezeptur...\" \/>\n<meta property=\"og:url\" content=\"https:\/\/alpexdrinks.com\/de\/unsere-produkte\/alpex-cola-classica\/\" \/>\n<meta property=\"og:site_name\" content=\"Alpex\" \/>\n<meta property=\"article:modified_time\" content=\"2025-07-07T10:10:50+00:00\" \/>\n<meta name=\"twitter:card\" content=\"summary_large_image\" \/>\n<meta name=\"twitter:label1\" content=\"Gesch\u00e4tzte Lesezeit\" \/>\n\t<meta name=\"twitter:data1\" content=\"3\u00a0Minuten\" \/>\n<script type=\"application\/ld+json\" class=\"yoast-schema-graph\">{\"@context\":\"https:\\\/\\\/schema.org\",\"@graph\":[{\"@type\":\"WebPage\",\"@id\":\"https:\\\/\\\/alpexdrinks.com\\\/de\\\/unsere-produkte\\\/alpex-cola-classica\\\/\",\"url\":\"https:\\\/\\\/alpexdrinks.com\\\/de\\\/unsere-produkte\\\/alpex-cola-classica\\\/\",\"name\":\"Alpex Cola Classica - Alpex\",\"isPartOf\":{\"@id\":\"https:\\\/\\\/alpexdrinks.com\\\/de\\\/#website\"},\"datePublished\":\"2023-04-28T15:37:59+00:00\",\"dateModified\":\"2025-07-07T10:10:50+00:00\",\"breadcrumb\":{\"@id\":\"https:\\\/\\\/alpexdrinks.com\\\/de\\\/unsere-produkte\\\/alpex-cola-classica\\\/#breadcrumb\"},\"inLanguage\":\"de\",\"potentialAction\":[{\"@type\":\"ReadAction\",\"target\":[\"https:\\\/\\\/alpexdrinks.com\\\/de\\\/unsere-produkte\\\/alpex-cola-classica\\\/\"]}]},{\"@type\":\"BreadcrumbList\",\"@id\":\"https:\\\/\\\/alpexdrinks.com\\\/de\\\/unsere-produkte\\\/alpex-cola-classica\\\/#breadcrumb\",\"itemListElement\":[{\"@type\":\"ListItem\",\"position\":1,\"name\":\"Home\",\"item\":\"https:\\\/\\\/alpexdrinks.com\\\/de\\\/\"},{\"@type\":\"ListItem\",\"position\":2,\"name\":\"Unsere Produkte\",\"item\":\"https:\\\/\\\/alpexdrinks.com\\\/de\\\/unsere-produkte\\\/\"},{\"@type\":\"ListItem\",\"position\":3,\"name\":\"Alpex Cola Classica\"}]},{\"@type\":\"WebSite\",\"@id\":\"https:\\\/\\\/alpexdrinks.com\\\/de\\\/#website\",\"url\":\"https:\\\/\\\/alpexdrinks.com\\\/de\\\/\",\"name\":\"Alpex\",\"description\":\"Supreme Tonic Water\",\"potentialAction\":[{\"@type\":\"SearchAction\",\"target\":{\"@type\":\"EntryPoint\",\"urlTemplate\":\"https:\\\/\\\/alpexdrinks.com\\\/de\\\/?s={search_term_string}\"},\"query-input\":{\"@type\":\"PropertyValueSpecification\",\"valueRequired\":true,\"valueName\":\"search_term_string\"}}],\"inLanguage\":\"de\"}]}<\/script>\n<!-- \/ Yoast SEO plugin. -->","yoast_head_json":{"title":"Alpex Cola Classica - Alpex","robots":{"index":"index","follow":"follow","max-snippet":"max-snippet:-1","max-image-preview":"max-image-preview:large","max-video-preview":"max-video-preview:-1"},"canonical":"https:\/\/alpexdrinks.com\/de\/unsere-produkte\/alpex-cola-classica\/","og_locale":"de_DE","og_type":"article","og_title":"Alpex Cola Classica - Alpex","og_description":"[vc_row css_animation=&#8220;&#8220; row_type=&#8220;row&#8220; use_row_as_full_screen_section=&#8220;no&#8220; type=&#8220;grid&#8220; angled_section=&#8220;no&#8220; text_align=&#8220;left&#8220; background_image_as_pattern=&#8220;without_pattern&#8220; z_index=&#8220;&#8220;][vc_column][vc_row_inner row_type=&#8220;row&#8220; type=&#8220;full_width&#8220; text_align=&#8220;left&#8220; css_animation=&#8220;&#8220; css=&#8220;.vc_custom_1645697109532{padding-top: 40px !important;}&#8220;][vc_column_inner width=&#8220;1\/2&#8243;][vc_column_text] Alpex Cola Classica Die italienische Cola mit Quellwasser aus den Dolomiten Endlich: eine rein italienische und nachhaltige Cola. Diese Cola nach einer Originalrezeptur...","og_url":"https:\/\/alpexdrinks.com\/de\/unsere-produkte\/alpex-cola-classica\/","og_site_name":"Alpex","article_modified_time":"2025-07-07T10:10:50+00:00","twitter_card":"summary_large_image","twitter_misc":{"Gesch\u00e4tzte Lesezeit":"3\u00a0Minuten"},"schema":{"@context":"https:\/\/schema.org","@graph":[{"@type":"WebPage","@id":"https:\/\/alpexdrinks.com\/de\/unsere-produkte\/alpex-cola-classica\/","url":"https:\/\/alpexdrinks.com\/de\/unsere-produkte\/alpex-cola-classica\/","name":"Alpex Cola Classica - Alpex","isPartOf":{"@id":"https:\/\/alpexdrinks.com\/de\/#website"},"datePublished":"2023-04-28T15:37:59+00:00","dateModified":"2025-07-07T10:10:50+00:00","breadcrumb":{"@id":"https:\/\/alpexdrinks.com\/de\/unsere-produkte\/alpex-cola-classica\/#breadcrumb"},"inLanguage":"de","potentialAction":[{"@type":"ReadAction","target":["https:\/\/alpexdrinks.com\/de\/unsere-produkte\/alpex-cola-classica\/"]}]},{"@type":"BreadcrumbList","@id":"https:\/\/alpexdrinks.com\/de\/unsere-produkte\/alpex-cola-classica\/#breadcrumb","itemListElement":[{"@type":"ListItem","position":1,"name":"Home","item":"https:\/\/alpexdrinks.com\/de\/"},{"@type":"ListItem","position":2,"name":"Unsere Produkte","item":"https:\/\/alpexdrinks.com\/de\/unsere-produkte\/"},{"@type":"ListItem","position":3,"name":"Alpex Cola Classica"}]},{"@type":"WebSite","@id":"https:\/\/alpexdrinks.com\/de\/#website","url":"https:\/\/alpexdrinks.com\/de\/","name":"Alpex","description":"Supreme Tonic Water","potentialAction":[{"@type":"SearchAction","target":{"@type":"EntryPoint","urlTemplate":"https:\/\/alpexdrinks.com\/de\/?s={search_term_string}"},"query-input":{"@type":"PropertyValueSpecification","valueRequired":true,"valueName":"search_term_string"}}],"inLanguage":"de"}]}},"_hostinger_reach_plugin_has_subscription_block":false,"_hostinger_reach_plugin_is_elementor":false,"_links":{"self":[{"href":"https:\/\/alpexdrinks.com\/de\/wp-json\/wp\/v2\/pages\/2509","targetHints":{"allow":["GET"]}}],"collection":[{"href":"https:\/\/alpexdrinks.com\/de\/wp-json\/wp\/v2\/pages"}],"about":[{"href":"https:\/\/alpexdrinks.com\/de\/wp-json\/wp\/v2\/types\/page"}],"author":[{"embeddable":true,"href":"https:\/\/alpexdrinks.com\/de\/wp-json\/wp\/v2\/users\/1"}],"replies":[{"embeddable":true,"href":"https:\/\/alpexdrinks.com\/de\/wp-json\/wp\/v2\/comments?post=2509"}],"version-history":[{"count":4,"href":"https:\/\/alpexdrinks.com\/de\/wp-json\/wp\/v2\/pages\/2509\/revisions"}],"predecessor-version":[{"id":4526,"href":"https:\/\/alpexdrinks.com\/de\/wp-json\/wp\/v2\/pages\/2509\/revisions\/4526"}],"up":[{"embeddable":true,"href":"https:\/\/alpexdrinks.com\/de\/wp-json\/wp\/v2\/pages\/1675"}],"wp:attachment":[{"href":"https:\/\/alpexdrinks.com\/de\/wp-json\/wp\/v2\/media?parent=2509"}],"curies":[{"name":"wp","href":"https:\/\/api.w.org\/{rel}","templated":true}]}}